{"id":98,"date":"2011-10-10T12:00:02","date_gmt":"2011-10-10T10:00:02","guid":{"rendered":"http:\/\/saintlouisenthelle.org\/?page_id=98"},"modified":"2025-05-17T20:58:48","modified_gmt":"2025-05-17T18:58:48","slug":"eglises","status":"publish","type":"page","link":"https:\/\/saintlouisenthelle.org\/accueil\/la-paroisse\/eglises\/","title":{"rendered":"Les \u00e9glises"},"content":{"rendered":"<p>La paroisse Saint-Louis du Pays de Thelle compte <strong>14 \u00e9glises<\/strong>. Plusieurs d&#8217;entre elles sont ouvertes r\u00e9guli\u00e8rement :<\/p>\n<ul>\n<li><strong>Chambly<\/strong> :\u00a0\u00e9glise ouverte tous les jours<\/li>\n<li><strong>Bornel<\/strong>\u00a0: \u00e9glise ouverte tous les jours<\/li>\n<li><strong>Fresnoy-en-Thelle<\/strong> : \u00e9glise ouverte tous les samedis<\/li>\n<\/ul>\n<p>&nbsp;<\/p>\n<p style=\"text-align: justify;\">Depuis f\u00e9vrier 2022, nous cherchons \u00e0 <strong>ouvrir<\/strong> une fois par mois <strong>toutes les \u00e9glises de la paroisse<\/strong>\u00a0: <span style=\"text-decoration: underline;\">le <strong>1<sup>er<\/sup>\u00a0samedi du mois<\/strong><\/span>, de <span style=\"text-decoration: underline;\"><strong>15h<\/strong> \u00e0 <strong>17h<\/strong><\/span> [nouveaux horaires \u00e0 partir de l&#8217;\u00e9t\u00e9 2022], si nous avons les paroissiens b\u00e9n\u00e9voles qui sont en mesure de s\u2019impliquer dans ce projet.<\/p>\n<h3 style=\"text-align: justify;\">Vous voulez participer \u00e0 l&#8217;ouverture de l&#8217;\u00e9glise de votre village ?<\/h3>\n<p style=\"text-align: justify;\">\u2192\u00a0prenez contact avec <a href=\"mailto:d.sylvae@orange.fr\">Sylvie Dufour<\/a> \u202d(T\u00e9l. 06 03 51 71 05\u00a0&#8211; <a href=\"mailto:d.sylvae@orange.fr\">d.sylvae@orange.fr<\/a>) ou\u00a0le <a href=\"https:\/\/saintlouisenthelle.org\/accueil\/la-paroisse\/les-pretres\/\">P. Antoine Fernet<\/a> :<\/p>\n<p><a href=\"https:\/\/i0.wp.com\/saintlouisenthelle.org\/accueil\/wp-content\/uploads\/2023\/01\/eglises-ouvertes-15h-17h.jpg?ssl=1\" data-rel=\"penci-gallery-image-content\" ><img data-recalc-dims=\"1\" fetchpriority=\"high\" decoding=\"async\" class=\"aligncenter size-full wp-image-12278\" src=\"https:\/\/i0.wp.com\/saintlouisenthelle.org\/accueil\/wp-content\/uploads\/2023\/01\/eglises-ouvertes-15h-17h.jpg?resize=400%2C265&#038;ssl=1\" alt=\"\" width=\"400\" height=\"265\" srcset=\"https:\/\/i0.wp.com\/saintlouisenthelle.org\/accueil\/wp-content\/uploads\/2023\/01\/eglises-ouvertes-15h-17h.jpg?w=400&amp;ssl=1 400w, https:\/\/i0.wp.com\/saintlouisenthelle.org\/accueil\/wp-content\/uploads\/2023\/01\/eglises-ouvertes-15h-17h.jpg?resize=300%2C199&amp;ssl=1 300w\" sizes=\"(max-width: 400px) 100vw, 400px\" \/><\/a><\/p>\n<h3>Une proposition encourag\u00e9e par le dioc\u00e8se de Beauvais<\/h3>\n<p style=\"text-align: justify;\">Pour voir dans quel esprit nous voulons vivre ce projet, consultez la page \u201c<a href=\"https:\/\/oise.catholique.fr\/vie-chretienne\/art-culture-et-foi\/7402-boite-a-outils-ouvrons-nos-eglises\/\" target=\"_blank\" rel=\"noopener\">\u00c9glises ouvertes et accueillantes<\/a>\u201d sur le site web du dioc\u00e8se de Beauvais.<\/p>\n<h2>Visite virtuelle de l&#8217;\u00e9glise Notre-Dame de Chamby<\/h2>\n<ul>\n<li><a href=\"https:\/\/my.matterport.com\/show\/?m=ydoiozs8Fwo\" target=\"_blank\" rel=\"noopener\">Mod\u00e9lisation en 3D de l&#8217;\u00e9glise Notre-Dame de Chambly<\/a> (visite virtuelle) avec l&#8217;aimable autorisation de la <a href=\"https:\/\/www.ville-chambly.fr\/ma-ville\/bienvenue-chambly\/histoire-de-la-ville\" target=\"_blank\" rel=\"noopener\">Ville de Chambly<\/a><\/li>\n<\/ul>\n<p><a href=\"https:\/\/my.matterport.com\/show\/?m=ydoiozs8Fwo\" target=\"_blank\" rel=\"noopener\"><img data-recalc-dims=\"1\" decoding=\"async\" class=\"aligncenter wp-image-13274 size-full\" src=\"https:\/\/i0.wp.com\/saintlouisenthelle.org\/accueil\/wp-content\/uploads\/2024\/08\/Artview-eglise-Notre-Dame-de-Chambly.png?resize=623%2C564&#038;ssl=1\" alt=\"\" width=\"623\" height=\"564\" srcset=\"https:\/\/i0.wp.com\/saintlouisenthelle.org\/accueil\/wp-content\/uploads\/2024\/08\/Artview-eglise-Notre-Dame-de-Chambly.png?w=623&amp;ssl=1 623w, https:\/\/i0.wp.com\/saintlouisenthelle.org\/accueil\/wp-content\/uploads\/2024\/08\/Artview-eglise-Notre-Dame-de-Chambly.png?resize=300%2C272&amp;ssl=1 300w, https:\/\/i0.wp.com\/saintlouisenthelle.org\/accueil\/wp-content\/uploads\/2024\/08\/Artview-eglise-Notre-Dame-de-Chambly.png?resize=585%2C530&amp;ssl=1 585w\" sizes=\"(max-width: 623px) 100vw, 623px\" \/><\/a><\/p>\n<h1 style=\"text-align: left;\">Les \u00e9glise de la paroisse Saint Louis en Thelle<\/h1>\n<div id=\"attachment_5095\" style=\"width: 250px\" class=\"wp-caption aligncenter\"><a href=\"https:\/\/messes.info\/lieu\/60\/chambly\/la-nativite-de-notre-dame\" target=\"_blank\" rel=\"noopener\"><img data-recalc-dims=\"1\" decoding=\"async\" aria-describedby=\"caption-attachment-5095\" class=\"wp-image-5095 size-full\" src=\"https:\/\/i0.wp.com\/saintlouisenthelle.org\/accueil\/wp-content\/uploads\/2016\/08\/Chambly.png?resize=240%2C180&#038;ssl=1\" alt=\"Chambly\" width=\"240\" height=\"180\" \/><\/a><p id=\"caption-attachment-5095\" class=\"wp-caption-text\">Notre-Dame de la Nativit\u00e9 &#8211; <strong>Chambly<\/strong><\/p><\/div>\n<div id=\"attachment_5094\" style=\"width: 250px\" class=\"wp-caption aligncenter\"><a href=\"https:\/\/messes.info\/lieu\/60\/bornel\/saint-denis\" target=\"_blank\" rel=\"noopener\"><img data-recalc-dims=\"1\" loading=\"lazy\" decoding=\"async\" aria-describedby=\"caption-attachment-5094\" class=\"wp-image-5094 size-full\" src=\"https:\/\/i0.wp.com\/saintlouisenthelle.org\/accueil\/wp-content\/uploads\/2016\/08\/Bornel.png?resize=240%2C180&#038;ssl=1\" alt=\"Bornel\" width=\"240\" height=\"180\" \/><\/a><p id=\"caption-attachment-5094\" class=\"wp-caption-text\">Saint-Denis &#8211; <strong>Bornel<\/strong><\/p><\/div>\n<div id=\"attachment_5090\" style=\"width: 190px\" class=\"wp-caption aligncenter\"><a href=\"https:\/\/messes.info\/lieu\/60\/neuilly-en-thelle\/saint-denis\" target=\"_blank\" rel=\"noopener\"><img data-recalc-dims=\"1\" loading=\"lazy\" decoding=\"async\" aria-describedby=\"caption-attachment-5090\" class=\"wp-image-5090 size-full\" src=\"https:\/\/i0.wp.com\/saintlouisenthelle.org\/accueil\/wp-content\/uploads\/2016\/08\/Neuilly-en-Thelle.png?resize=180%2C240&#038;ssl=1\" alt=\"Neuilly-en-Thelle\" width=\"180\" height=\"240\" \/><\/a><p id=\"caption-attachment-5090\" class=\"wp-caption-text\">Saint-Denis &#8211; <strong>Neuilly-en-Thelle<\/strong><\/p><\/div>\n<div id=\"attachment_6153\" style=\"width: 180px\" class=\"wp-caption aligncenter\"><a href=\"https:\/\/messes.info\/lieu\/60\/le-mesnil-en-thelle\/saint-michel\" target=\"_blank\" rel=\"noopener\"><img data-recalc-dims=\"1\" loading=\"lazy\" decoding=\"async\" aria-describedby=\"caption-attachment-6153\" class=\"wp-image-6153\" src=\"https:\/\/i0.wp.com\/saintlouisenthelle.org\/accueil\/wp-content\/uploads\/2018\/09\/Le-Mesnil-en-Thelle.png?resize=170%2C200&#038;ssl=1\" alt=\"Le Mesnil-en-Thelle\" width=\"170\" height=\"200\" \/><\/a><p id=\"caption-attachment-6153\" class=\"wp-caption-text\">Saint-Michel &#8211; <strong>Le Mesnil-en-Thelle<\/strong><\/p><\/div>\n<div id=\"attachment_5092\" style=\"width: 250px\" class=\"wp-caption aligncenter\"><a href=\"https:\/\/messes.info\/lieu\/60\/anserville\/saint-nicolas\" target=\"_blank\" rel=\"noopener\"><img data-recalc-dims=\"1\" loading=\"lazy\" decoding=\"async\" aria-describedby=\"caption-attachment-5092\" class=\"wp-image-5092 size-full\" src=\"https:\/\/i0.wp.com\/saintlouisenthelle.org\/accueil\/wp-content\/uploads\/2016\/08\/Anserville.png?resize=240%2C180&#038;ssl=1\" alt=\"Anserville\" width=\"240\" height=\"180\" \/><\/a><p id=\"caption-attachment-5092\" class=\"wp-caption-text\">Saint-Nicolas &#8211; <strong>Anserville<\/strong><\/p><\/div>\n<div id=\"attachment_5093\" style=\"width: 250px\" class=\"wp-caption aligncenter\"><a href=\"https:\/\/messes.info\/lieu\/60\/belle-eglise\/saint-martin\" target=\"_blank\" rel=\"noopener\"><img data-recalc-dims=\"1\" loading=\"lazy\" decoding=\"async\" aria-describedby=\"caption-attachment-5093\" class=\"wp-image-5093 size-full\" src=\"https:\/\/i0.wp.com\/saintlouisenthelle.org\/accueil\/wp-content\/uploads\/2016\/08\/Belle-Eglise.png?resize=240%2C180&#038;ssl=1\" alt=\"Belle-\u00c9glise\" width=\"240\" height=\"180\" \/><\/a><p id=\"caption-attachment-5093\" class=\"wp-caption-text\">Saint-Martin &#8211; <strong>Belle-\u00c9glise<\/strong><\/p><\/div>\n<p style=\"text-align: center;\"><em>L&#8217;\u00e9glise Saint-Martin de Belle-Eglise est ferm\u00e9e pour raison de s\u00e9curit\u00e9 publique (avril 2022).<\/em><\/p>\n<div id=\"attachment_5096\" style=\"width: 190px\" class=\"wp-caption aligncenter\"><a href=\"https:\/\/messes.info\/lieu\/60\/crouy-en-thelle\/saint-jean-baptiste\" target=\"_blank\" rel=\"noopener\"><img data-recalc-dims=\"1\" loading=\"lazy\" decoding=\"async\" aria-describedby=\"caption-attachment-5096\" class=\"wp-image-5096 size-full\" src=\"https:\/\/i0.wp.com\/saintlouisenthelle.org\/accueil\/wp-content\/uploads\/2016\/08\/Crouy-en-Thelle.png?resize=180%2C240&#038;ssl=1\" alt=\"Crouy-en-Thelle\" width=\"180\" height=\"240\" \/><\/a><p id=\"caption-attachment-5096\" class=\"wp-caption-text\">Saint-Jean-Baptiste &#8211; <strong>Crouy-en-Thelle<\/strong><\/p><\/div>\n<div id=\"attachment_5086\" style=\"width: 250px\" class=\"wp-caption aligncenter\"><a href=\"https:\/\/messes.info\/lieu\/60\/dieudonne\/la-nativite-de-notre-dame\" target=\"_blank\" rel=\"noopener\"><img data-recalc-dims=\"1\" loading=\"lazy\" decoding=\"async\" aria-describedby=\"caption-attachment-5086\" class=\"wp-image-5086 size-full\" src=\"https:\/\/i0.wp.com\/saintlouisenthelle.org\/accueil\/wp-content\/uploads\/2016\/08\/Dieudonn%C3%A9.jpg?resize=240%2C180&#038;ssl=1\" alt=\"Dieudonn\u00e9\" width=\"240\" height=\"180\" \/><\/a><p id=\"caption-attachment-5086\" class=\"wp-caption-text\">Notre-Dame de la Nativit\u00e9 &#8211; <strong>Dieudonn\u00e9<\/strong><\/p><\/div>\n<div id=\"attachment_5087\" style=\"width: 190px\" class=\"wp-caption aligncenter\"><a href=\"https:\/\/messes.info\/lieu\/60\/ercuis\/saint-nicolas\" target=\"_blank\" rel=\"noopener\"><img data-recalc-dims=\"1\" loading=\"lazy\" decoding=\"async\" aria-describedby=\"caption-attachment-5087\" class=\"wp-image-5087 size-full\" src=\"https:\/\/i0.wp.com\/saintlouisenthelle.org\/accueil\/wp-content\/uploads\/2016\/08\/Ercuis.jpg?resize=180%2C240&#038;ssl=1\" alt=\"Ercuis\" width=\"180\" height=\"240\" \/><\/a><p id=\"caption-attachment-5087\" class=\"wp-caption-text\">Saint-Nicolas &#8211; <strong>Ercuis<\/strong><\/p><\/div>\n<p style=\"text-align: center;\"><em>L&#8217;\u00e9glise Saint-Nicolas d&#8217;Ercuis est ferm\u00e9e pour des raisons de s\u00e9curit\u00e9 (avril 2025).<\/em><\/p>\n<div id=\"attachment_6154\" style=\"width: 178px\" class=\"wp-caption aligncenter\"><a href=\"https:\/\/messes.info\/lieu\/60\/esches\/saint-remy\" target=\"_blank\" rel=\"noopener\"><img data-recalc-dims=\"1\" loading=\"lazy\" decoding=\"async\" aria-describedby=\"caption-attachment-6154\" class=\"wp-image-6154 aligncenter\" src=\"https:\/\/i0.wp.com\/saintlouisenthelle.org\/accueil\/wp-content\/uploads\/2018\/09\/Esches.png?resize=168%2C208&#038;ssl=1\" alt=\"Esches\" width=\"168\" height=\"208\" srcset=\"https:\/\/i0.wp.com\/saintlouisenthelle.org\/accueil\/wp-content\/uploads\/2018\/09\/Esches.png?w=525&amp;ssl=1 525w, https:\/\/i0.wp.com\/saintlouisenthelle.org\/accueil\/wp-content\/uploads\/2018\/09\/Esches.png?resize=241%2C300&amp;ssl=1 241w\" sizes=\"(max-width: 168px) 100vw, 168px\" \/><\/a><p id=\"caption-attachment-6154\" class=\"wp-caption-text\">Saint-Remi &#8211; <strong>Esches<\/strong><\/p><\/div>\n<div id=\"attachment_5088\" style=\"width: 250px\" class=\"wp-caption aligncenter\"><a href=\"https:\/\/messes.info\/lieu\/60\/fosseuse\/saint-claude\" target=\"_blank\" rel=\"noopener\"><img data-recalc-dims=\"1\" loading=\"lazy\" decoding=\"async\" aria-describedby=\"caption-attachment-5088\" class=\"wp-image-5088 size-full\" src=\"https:\/\/i0.wp.com\/saintlouisenthelle.org\/accueil\/wp-content\/uploads\/2016\/08\/Fosseuse.jpg?resize=240%2C180&#038;ssl=1\" alt=\"Fosseuse\" width=\"240\" height=\"180\" \/><\/a><p id=\"caption-attachment-5088\" class=\"wp-caption-text\">Saint-Michel et Saint-Claude &#8211; <strong>Fosseuse<\/strong><\/p><\/div>\n<div id=\"attachment_5089\" style=\"width: 250px\" class=\"wp-caption aligncenter\"><a href=\"https:\/\/messes.info\/lieu\/60\/fresnoy-en-thelle\/saint-nicolas\" target=\"_blank\" rel=\"noopener\"><img data-recalc-dims=\"1\" loading=\"lazy\" decoding=\"async\" aria-describedby=\"caption-attachment-5089\" class=\"wp-image-5089 size-full\" src=\"https:\/\/i0.wp.com\/saintlouisenthelle.org\/accueil\/wp-content\/uploads\/2016\/08\/fresnoy.jpg?resize=240%2C180&#038;ssl=1\" alt=\"Fresnoy-en-Thelle\" width=\"240\" height=\"180\" \/><\/a><p id=\"caption-attachment-5089\" class=\"wp-caption-text\">Saint-Nicolas &#8211; <strong>Fresnoy-en-Thelle<\/strong><\/p><\/div>\n<div id=\"attachment_5091\" style=\"width: 250px\" class=\"wp-caption aligncenter\"><a href=\"https:\/\/messes.info\/lieu\/60\/puiseux-le-hauberger\/saint-germain\" target=\"_blank\" rel=\"noopener\"><img data-recalc-dims=\"1\" loading=\"lazy\" decoding=\"async\" aria-describedby=\"caption-attachment-5091\" class=\"wp-image-5091 size-full\" src=\"https:\/\/i0.wp.com\/saintlouisenthelle.org\/accueil\/wp-content\/uploads\/2016\/08\/Puiseux-le-Hautberger.jpg?resize=240%2C180&#038;ssl=1\" alt=\"Puiseux-le-Hauberger\" width=\"240\" height=\"180\" \/><\/a><p id=\"caption-attachment-5091\" class=\"wp-caption-text\">Saint-Germain &#8211; <strong>Puiseux-le-Hauberger<\/strong><\/p><\/div>\n<div id=\"attachment_6155\" style=\"width: 208px\" class=\"wp-caption aligncenter\"><a href=\"https:\/\/messes.info\/lieu\/60\/morangles\/sainte-madeleine\" target=\"_blank\" rel=\"noopener\"><img data-recalc-dims=\"1\" loading=\"lazy\" decoding=\"async\" aria-describedby=\"caption-attachment-6155\" class=\"wp-image-6155\" src=\"https:\/\/i0.wp.com\/saintlouisenthelle.org\/accueil\/wp-content\/uploads\/2018\/09\/Morangles.png?resize=198%2C232&#038;ssl=1\" alt=\"Morangles\" width=\"198\" height=\"232\" srcset=\"https:\/\/i0.wp.com\/saintlouisenthelle.org\/accueil\/wp-content\/uploads\/2018\/09\/Morangles.png?w=672&amp;ssl=1 672w, https:\/\/i0.wp.com\/saintlouisenthelle.org\/accueil\/wp-content\/uploads\/2018\/09\/Morangles.png?resize=256%2C300&amp;ssl=1 256w\" sizes=\"(max-width: 198px) 100vw, 198px\" \/><\/a><p id=\"caption-attachment-6155\" class=\"wp-caption-text\">Sainte-Madeleine &#8211; <strong>Morangles<\/strong><\/p><\/div>\n","protected":false},"excerpt":{"rendered":"<p>La paroisse Saint-Louis du Pays de Thelle compte 14 \u00e9glises. Plusieurs d&#8217;entre elles sont ouvertes r\u00e9guli\u00e8rement : Chambly :\u00a0\u00e9glise ouverte tous les jours Bornel\u00a0: \u00e9glise ouverte tous les jours Fresnoy-en-Thelle&hellip;<\/p>\n","protected":false},"author":4,"featured_media":0,"parent":17,"menu_order":9,"comment_status":"closed","ping_status":"closed","template":"","meta":{"_lmt_disableupdate":"no","_lmt_disable":"","footnotes":""},"class_list":["post-98","page","type-page","status-publish","hentry"],"jetpack_shortlink":"https:\/\/wp.me\/P7Mpl1-1A","jetpack_sharing_enabled":true,"_links":{"self":[{"href":"https:\/\/saintlouisenthelle.org\/accueil\/wp-json\/wp\/v2\/pages\/98","targetHints":{"allow":["GET"]}}],"collection":[{"href":"https:\/\/saintlouisenthelle.org\/accueil\/wp-json\/wp\/v2\/pages"}],"about":[{"href":"https:\/\/saintlouisenthelle.org\/accueil\/wp-json\/wp\/v2\/types\/page"}],"author":[{"embeddable":true,"href":"https:\/\/saintlouisenthelle.org\/accueil\/wp-json\/wp\/v2\/users\/4"}],"replies":[{"embeddable":true,"href":"https:\/\/saintlouisenthelle.org\/accueil\/wp-json\/wp\/v2\/comments?post=98"}],"version-history":[{"count":79,"href":"https:\/\/saintlouisenthelle.org\/accueil\/wp-json\/wp\/v2\/pages\/98\/revisions"}],"predecessor-version":[{"id":14058,"href":"https:\/\/saintlouisenthelle.org\/accueil\/wp-json\/wp\/v2\/pages\/98\/revisions\/14058"}],"up":[{"embeddable":true,"href":"https:\/\/saintlouisenthelle.org\/accueil\/wp-json\/wp\/v2\/pages\/17"}],"wp:attachment":[{"href":"https:\/\/saintlouisenthelle.org\/accueil\/wp-json\/wp\/v2\/media?parent=98"}],"curies":[{"name":"wp","href":"https:\/\/api.w.org\/{rel}","templated":true}]}}