{"id":94,"date":"2011-10-10T12:00:25","date_gmt":"2011-10-10T10:00:25","guid":{"rendered":"http:\/\/saintlouisenthelle.org\/?page_id=94"},"modified":"2025-12-12T11:11:33","modified_gmt":"2025-12-12T10:11:33","slug":"horaires-de-messes","status":"publish","type":"page","link":"https:\/\/saintlouisenthelle.org\/accueil\/prier-et-celebrer\/horaires-de-messes\/","title":{"rendered":"Horaires des messes"},"content":{"rendered":"\r\n<h4 class=\"wp-block-heading\" style=\"text-align: justify;\"><span style=\"color: #000000;\">Les horaires des c\u00e9l\u00e9brations de la semaine sont indiqu\u00e9s sur la <a style=\"color: #000000;\" href=\"https:\/\/saintlouisenthelle.org\/accueil\/la-paroisse\/calendrier\/\"><strong>feuille d&#8217;annonces dominicale<\/strong><\/a>.<\/span><\/h4>\r\n\r\n\r\n\r\n\r\n\r\n\r\n\r\n<p>\u2192 consultez <a href=\"https:\/\/saintlouisenthelle.org\/accueil\/la-paroisse\/calendrier\/\">ici les annonces de la semaine<\/a>\u00a0(notamment pour y trouver les messes des jours de semaine)<\/p>\r\n<p>\u2192 retrouvez ci-dessous les prochaines <em><strong>messes dominicales<\/strong> (samedi soir et dimanche) et les\u00a0<strong>f\u00eates<\/strong><\/em> , messes de semaine (cliquez sur l&#8217;onglet) :<\/p>\r\n\r\n<p>&nbsp;<\/p>\r\n<div class=\"EgliseInfo-container\">\r\n<div data-egliseinfo=\"horaires\" data-search=\"Paroisse Pays de Thelle\" data-limit=\"100\" data-open-in-egliseinfo=\"true\">\u00a0<\/div>\r\n<script type=\"text\/javascript\" language=\"javascript\" src=\"https:\/\/messes.info\/\/Widget\/Widget.nocache.js\"><\/script>\r\n<p>Retrouvez tous les horaires des c\u00e9l\u00e9brations sur <a href=\"https:\/\/messes.info\/\/horaires\/Paroisse%20Pays%20de%20Thelle\" target=\"_blank\" rel=\"noopener\">www.messes.info<\/a>\u00a0en tapant \u201cParoisse Pays de Thelle\u201d<\/p>\r\n<h4>Calendrier des messes du samedi soir :\u00a0<\/h4>\r\n<ul>\r\n<li>Calendrier des messes du samedi soir (novembre 2025 \u00e0 octobre 2026) :<\/li>\r\n<\/ul>\r\n<p><a href=\"https:\/\/i0.wp.com\/saintlouisenthelle.org\/accueil\/wp-content\/uploads\/2025\/10\/Calendrier-messes-samedi-soir-2025-2026.jpg?ssl=1\" data-rel=\"penci-gallery-image-content\" ><img data-recalc-dims=\"1\" fetchpriority=\"high\" decoding=\"async\" class=\"aligncenter wp-image-14341 size-large\" src=\"https:\/\/i0.wp.com\/saintlouisenthelle.org\/accueil\/wp-content\/uploads\/2025\/10\/Calendrier-messes-samedi-soir-2025-2026.jpg?resize=723%2C1024&#038;ssl=1\" alt=\"\" width=\"723\" height=\"1024\" srcset=\"https:\/\/i0.wp.com\/saintlouisenthelle.org\/accueil\/wp-content\/uploads\/2025\/10\/Calendrier-messes-samedi-soir-2025-2026.jpg?resize=723%2C1024&amp;ssl=1 723w, https:\/\/i0.wp.com\/saintlouisenthelle.org\/accueil\/wp-content\/uploads\/2025\/10\/Calendrier-messes-samedi-soir-2025-2026.jpg?resize=212%2C300&amp;ssl=1 212w, https:\/\/i0.wp.com\/saintlouisenthelle.org\/accueil\/wp-content\/uploads\/2025\/10\/Calendrier-messes-samedi-soir-2025-2026.jpg?resize=768%2C1087&amp;ssl=1 768w, https:\/\/i0.wp.com\/saintlouisenthelle.org\/accueil\/wp-content\/uploads\/2025\/10\/Calendrier-messes-samedi-soir-2025-2026.jpg?resize=1085%2C1536&amp;ssl=1 1085w, https:\/\/i0.wp.com\/saintlouisenthelle.org\/accueil\/wp-content\/uploads\/2025\/10\/Calendrier-messes-samedi-soir-2025-2026.jpg?resize=1170%2C1656&amp;ssl=1 1170w, https:\/\/i0.wp.com\/saintlouisenthelle.org\/accueil\/wp-content\/uploads\/2025\/10\/Calendrier-messes-samedi-soir-2025-2026.jpg?resize=585%2C828&amp;ssl=1 585w, https:\/\/i0.wp.com\/saintlouisenthelle.org\/accueil\/wp-content\/uploads\/2025\/10\/Calendrier-messes-samedi-soir-2025-2026.jpg?w=1239&amp;ssl=1 1239w\" sizes=\"(max-width: 723px) 100vw, 723px\" \/><\/a><\/p>\r\n<p>&nbsp;<\/p>\r\n<\/div>\r\n<!-- \/wp:post-content -->\r\n\r\n<!-- wp:heading {\"level\":4} -->\r\n<h4>Horaires de messes dans toute la France : sur le site\u00a0<a href=\"https:\/\/messes.info\" target=\"_blank\" rel=\"noreferrer noopener\">messes.info<\/a> et sur votre smartphone :<\/h4>\r\n<!-- \/wp:heading -->\r\n\r\n<!-- wp:paragraph -->\r\n<p>sur votre smartphone : <a href=\"https:\/\/eglise.catholique.fr\/sengager-dans-la-societe\/eglise-medias\/444055-applications-mobiles-de-leglise-catholique-france\/\" target=\"_blank\" rel=\"noreferrer noopener\">l\u2019application MessesInfo<\/a>, disponible sur l\u2019<a href=\"https:\/\/itunes.apple.com\/fr\/app\/messes-info\/id401133067\" target=\"_blank\" rel=\"noreferrer noopener\">App Store<\/a>\u00a0ou sur\u00a0<a href=\"https:\/\/play.google.com\/store\/apps\/details?id=cef.messesinfo&amp;hl=fr\" target=\"_blank\" rel=\"noreferrer noopener\">Google Play<\/a>.<\/p>\r\n<!-- \/wp:paragraph -->\r\n\r\n<!-- wp:gallery -->\r\n<ul class=\"wp-block-gallery columns-2 is-cropped\">\r\n<li class=\"blocks-gallery-item\">\r\n<figure><img data-recalc-dims=\"1\" decoding=\"async\" width=\"205\" height=\"69\" class=\"wp-image-6100\" src=\"https:\/\/i0.wp.com\/saintlouisenthelle.org\/accueil\/wp-content\/uploads\/2018\/09\/App_Store_Badge.png?resize=205%2C69&#038;ssl=1\" alt=\"\" data-id=\"6100\" data-link=\"https:\/\/saintlouisenthelle.org\/accueil\/calendier\/horaires-de-messes\/app_store_badge\/\" \/>\r\n<figcaption><a href=\"https:\/\/itunes.apple.com\/fr\/app\/messes-info\/id401133067\" target=\"_blank\" rel=\"noopener noreferrer\">https:\/\/itunes.apple.com\/fr\/app\/messes-info\/id401133067<\/a><\/figcaption>\r\n<\/figure>\r\n<\/li>\r\n<li class=\"blocks-gallery-item\">\r\n<figure><img data-recalc-dims=\"1\" decoding=\"async\" width=\"198\" height=\"69\" class=\"wp-image-6101\" src=\"https:\/\/i0.wp.com\/saintlouisenthelle.org\/accueil\/wp-content\/uploads\/2018\/09\/Google_Play_Badge.png?resize=198%2C69&#038;ssl=1\" alt=\"\" data-id=\"6101\" data-link=\"https:\/\/saintlouisenthelle.org\/accueil\/calendier\/horaires-de-messes\/google_play_badge\/\" \/>\r\n<figcaption><a href=\"https:\/\/play.google.com\/store\/apps\/details?id=cef.messesinfo&amp;hl=fr\" target=\"_blank\" rel=\"noopener noreferrer\">https:\/\/play.google.com\/store\/apps\/details?id=cef.messesinfo&amp;hl=fr<\/a><\/figcaption>\r\n<\/figure>\r\n<\/li>\r\n<\/ul>\r\n<!-- \/wp:gallery -->\r\n\r\n<!-- wp:quote -->\r\n<p>&nbsp;<\/p>\r\n<!-- \/wp:quote -->\r\n\r\n<!-- wp:heading {\"level\":4} -->\r\n<h3>Messes dans les maisons de retraite :<\/h3>\r\n<p>Les messes dans les maisons de retraite sont indiqu\u00e9es dans la <a href=\"https:\/\/saintlouisenthelle.org\/accueil\/la-paroisse\/calendrier\/\">feuille d&#8217;annonces hebdomadaire<\/a>.<\/p>\r\n<p>&nbsp;<\/p>\r\n<!-- \/wp:heading -->\r\n<h2>Demander une offrande de messe<\/h2>\r\n<p>Plusieurs mani\u00e8res de demander une offrande de messe :<\/p>\r\n<ul>\r\n<li style=\"text-align: justify;\">Contactez la paroisse par mail <a href=\"mailto:paroisse.saint.louis.thelle@gmail.com\">paroisse.saint.louis.thelle@gmail.com<\/a> en pr\u00e9cisant l&#8217;intention demand\u00e9e, et la date souhait\u00e9e et envoyez votre offrande (<em><strong>18\u20ac<\/strong><\/em> &#8211; ch\u00e8que \u00e0 l&#8217;ordre de : <em><strong>&#8220;Paroisse Pays de Thelle&#8221;<\/strong><\/em>) \u00e0 : <br \/>Paroisse St Louis en Thelle <br \/>87 Avenue de Verdun &#8211; 60230 Chambly<\/li>\r\n<li style=\"text-align: justify;\">vous pouvez passer \u00e0 l&#8217;<a href=\"https:\/\/saintlouisenthelle.org\/accueil\/la-paroisse\/accueil\/\"><strong>Accueil paroissial<\/strong><\/a> pour faire la demande d&#8217;offrande de messe<\/li>\r\n<li style=\"text-align: justify;\">vous pouvez faire une demande en ligne directement gr\u00e2ce \u00e0 Enoria : le don se fait par carte bancaire (formulaire s\u00e9curis\u00e9). <br \/>Remplissez la fen\u00eatre ci-dessous, ou cliquez sur ce lien : <br \/><a href=\"https:\/\/public.enoria.app\/pubinsc\/intention\/5588ae83cbe40d0\/258\" target=\"_blank\" rel=\"noopener\">https:\/\/public.enoria.app\/pubinsc\/intention\/5588ae83cbe40d0\/258<\/a><\/li>\r\n<\/ul>\r\n<p>\u00a0 <iframe src=\"https:\/\/public.enoria.app\/pubinsc\/intention\/5588ae83cbe40d0\/258\" width=\"800\" height=\"500\"><\/iframe><\/p>\r\n<h2>Fiche m\u00e9mo : L&#8217;ordinaire de la messe du Dimanche (2 pages)<\/h2>\r\n<iframe src=\"\/\/docs.google.com\/viewer?url=https%3A%2F%2Fsaintlouisenthelle.org%2Faccueil%2Fwp-content%2Fuploads%2F2025%2F11%2FFiche-Ordinaire-Messe-Pays-de-Thelle.pdf&hl=fr&embedded=true\" class=\"gde-frame\" style=\"width:100%; height:500px; border: none;\" scrolling=\"no\"><\/iframe>\n<p class=\"gde-text\"><a href=\"https:\/\/saintlouisenthelle.org\/accueil\/wp-content\/uploads\/2025\/11\/Fiche-Ordinaire-Messe-Pays-de-Thelle.pdf\" class=\"gde-link\">T\u00e9l\u00e9charger (PDF, 371KB)<\/a><\/p>\r\n<h2>La messe du Dimanche expliqu\u00e9e (44 pages)<\/h2>\r\n<iframe src=\"\/\/docs.google.com\/viewer?url=https%3A%2F%2Fwww.catoco.net%2Fwp-content%2Fuploads%2F2024%2F01%2FOrdinaire-de-la-Messe-commente-Nouvelle-traduction-final.pdf&hl=fr&embedded=true\" class=\"gde-frame\" style=\"width:100%; height:500px; border: none;\" scrolling=\"no\"><\/iframe>\n<p class=\"gde-text\"><a href=\"https:\/\/www.catoco.net\/wp-content\/uploads\/2024\/01\/Ordinaire-de-la-Messe-commente-Nouvelle-traduction-final.pdf\" class=\"gde-link\">T\u00e9l\u00e9charger (PDF, 2.74Mo)<\/a><\/p>","protected":false},"excerpt":{"rendered":"<p>Les horaires des c\u00e9l\u00e9brations de la semaine sont indiqu\u00e9s sur la feuille d&#8217;annonces dominicale. \u2192 consultez ici les annonces de la semaine\u00a0(notamment pour y trouver les messes des jours de&hellip;<\/p>\n","protected":false},"author":4,"featured_media":0,"parent":122,"menu_order":0,"comment_status":"closed","ping_status":"closed","template":"","meta":{"_lmt_disableupdate":"no","_lmt_disable":"","footnotes":""},"class_list":["post-94","page","type-page","status-publish","hentry"],"jetpack_shortlink":"https:\/\/wp.me\/P7Mpl1-1w","jetpack_sharing_enabled":true,"_links":{"self":[{"href":"https:\/\/saintlouisenthelle.org\/accueil\/wp-json\/wp\/v2\/pages\/94","targetHints":{"allow":["GET"]}}],"collection":[{"href":"https:\/\/saintlouisenthelle.org\/accueil\/wp-json\/wp\/v2\/pages"}],"about":[{"href":"https:\/\/saintlouisenthelle.org\/accueil\/wp-json\/wp\/v2\/types\/page"}],"author":[{"embeddable":true,"href":"https:\/\/saintlouisenthelle.org\/accueil\/wp-json\/wp\/v2\/users\/4"}],"replies":[{"embeddable":true,"href":"https:\/\/saintlouisenthelle.org\/accueil\/wp-json\/wp\/v2\/comments?post=94"}],"version-history":[{"count":155,"href":"https:\/\/saintlouisenthelle.org\/accueil\/wp-json\/wp\/v2\/pages\/94\/revisions"}],"predecessor-version":[{"id":14438,"href":"https:\/\/saintlouisenthelle.org\/accueil\/wp-json\/wp\/v2\/pages\/94\/revisions\/14438"}],"up":[{"embeddable":true,"href":"https:\/\/saintlouisenthelle.org\/accueil\/wp-json\/wp\/v2\/pages\/122"}],"wp:attachment":[{"href":"https:\/\/saintlouisenthelle.org\/accueil\/wp-json\/wp\/v2\/media?parent=94"}],"curies":[{"name":"wp","href":"https:\/\/api.w.org\/{rel}","templated":true}]}}