{"id":9211,"date":"2020-11-10T12:00:53","date_gmt":"2020-11-10T11:00:53","guid":{"rendered":"http:\/\/saintlouisenthelle.org\/accueil\/?page_id=9211"},"modified":"2025-01-07T21:23:00","modified_gmt":"2025-01-07T20:23:00","slug":"donner-paroisse","status":"publish","type":"page","link":"https:\/\/saintlouisenthelle.org\/accueil\/solidarite\/donner-paroisse\/","title":{"rendered":"Faire un don \u00e0 votre paroisse"},"content":{"rendered":"<h2 class=\"text-4xl tracking-tight leading-10 font-extrabold text-gray-900 sm:text-5xl sm:leading-none md:text-6xl\">Participez \u00e0 la vie mat\u00e9rielle\u00a0<span class=\"text-teal-800\">de votre paroisse<\/span><\/h2>\n<p class=\"mt-3 text-base text-gray-500 sm:mt-5 sm:text-lg sm:max-w-xl sm:mx-auto md:mt-5 md:text-xl lg:mx-0\" style=\"text-align: justify;\">Vous pouvez contribuer aux ressources de votre paroisse <strong>en effectuant un don<\/strong>.<\/p>\n<h3>Donner \u00e0 ma paroisse (lien direct)<\/h3>\n<p style=\"text-align: justify;\">Acc\u00e9dez \u00e0 la plateforme de don s\u00e9curis\u00e9 ici : <a href=\"https:\/\/public.enoria.app\/pubinsc\/dons\/258\" target=\"_blank\" rel=\"noopener\">https:\/\/public.enoria.app\/pubinsc\/dons\/258<\/a><br \/>\nou dans le cadre qui appara\u00eet ci-dessous.<\/p>\n<p>Le don se fait par carte bancaire (formulaire s\u00e9curis\u00e9).<\/p>\n<p>Merci \u00e0 vous !<\/p>\n<p><iframe src=\"https:\/\/public.enoria.app\/pubinsc\/dons\/258\" width=\"800\" height=\"500\"><span style=\"display: inline-block; width: 0px; overflow: hidden; line-height: 0;\" data-mce-type=\"bookmark\" class=\"mce_SELRES_start\">\ufeff<\/span><\/iframe><\/p>\n","protected":false},"excerpt":{"rendered":"<p>Participez \u00e0 la vie mat\u00e9rielle\u00a0de votre paroisse Vous pouvez contribuer aux ressources de votre paroisse en effectuant un don. Donner \u00e0 ma paroisse (lien direct) Acc\u00e9dez \u00e0 la plateforme de&hellip;<\/p>\n","protected":false},"author":4,"featured_media":9212,"parent":197,"menu_order":4,"comment_status":"closed","ping_status":"closed","template":"","meta":{"_lmt_disableupdate":"no","_lmt_disable":"","footnotes":""},"class_list":["post-9211","page","type-page","status-publish","has-post-thumbnail","hentry"],"jetpack_shortlink":"https:\/\/wp.me\/P7Mpl1-2oz","jetpack_sharing_enabled":true,"_links":{"self":[{"href":"https:\/\/saintlouisenthelle.org\/accueil\/wp-json\/wp\/v2\/pages\/9211","targetHints":{"allow":["GET"]}}],"collection":[{"href":"https:\/\/saintlouisenthelle.org\/accueil\/wp-json\/wp\/v2\/pages"}],"about":[{"href":"https:\/\/saintlouisenthelle.org\/accueil\/wp-json\/wp\/v2\/types\/page"}],"author":[{"embeddable":true,"href":"https:\/\/saintlouisenthelle.org\/accueil\/wp-json\/wp\/v2\/users\/4"}],"replies":[{"embeddable":true,"href":"https:\/\/saintlouisenthelle.org\/accueil\/wp-json\/wp\/v2\/comments?post=9211"}],"version-history":[{"count":19,"href":"https:\/\/saintlouisenthelle.org\/accueil\/wp-json\/wp\/v2\/pages\/9211\/revisions"}],"predecessor-version":[{"id":13803,"href":"https:\/\/saintlouisenthelle.org\/accueil\/wp-json\/wp\/v2\/pages\/9211\/revisions\/13803"}],"up":[{"embeddable":true,"href":"https:\/\/saintlouisenthelle.org\/accueil\/wp-json\/wp\/v2\/pages\/197"}],"wp:featuredmedia":[{"embeddable":true,"href":"https:\/\/saintlouisenthelle.org\/accueil\/wp-json\/wp\/v2\/media\/9212"}],"wp:attachment":[{"href":"https:\/\/saintlouisenthelle.org\/accueil\/wp-json\/wp\/v2\/media?parent=9211"}],"curies":[{"name":"wp","href":"https:\/\/api.w.org\/{rel}","templated":true}]}}