{"id":8978,"date":"2020-09-29T12:00:57","date_gmt":"2020-09-29T10:00:57","guid":{"rendered":"http:\/\/saintlouisenthelle.org\/accueil\/?page_id=8978"},"modified":"2025-01-04T00:06:51","modified_gmt":"2025-01-03T23:06:51","slug":"sjmv","status":"publish","type":"page","link":"https:\/\/saintlouisenthelle.org\/accueil\/la-paroisse\/sjmv\/","title":{"rendered":"La Soci\u00e9t\u00e9 Jean-Marie Vianney (SJMV)"},"content":{"rendered":"<h1 style=\"text-align: left;\">Des pr\u00eatres pour la mission<\/h1>\n<h2 style=\"text-align: left;\">Le sacerdoce dioc\u00e9sain \u00e0 l\u2019\u00e9cole du Cur\u00e9 d\u2019Ars<\/h2>\n<h3>LE CHARISME DE LA SJMV<\/h3>\n<p style=\"text-align: justify;\">Comment aider les pr\u00eatres \u00e0 <strong>vivre pleinement leur sacerdoce<\/strong> dans la joie et le rayonnement de leur propre minist\u00e8re ? Comment travailler au d\u00e9veloppement des vocations sacerdotales ?\u00a0La SJMV oeuvre \u00e0 <strong>promouvoir<\/strong><span class=\"s1\"><strong>\u00a0le sacerdoce <\/strong>et<strong> constituer des fraternit\u00e9s de pr\u00eatres<\/strong> dioc\u00e9sains qui portent ensemble la mission \u00e0 l\u2019\u00e9cole du saint Cur\u00e9 d\u2019Ars.<\/span><\/p>\n<p style=\"text-align: justify;\">En voyant des pr\u00eatres heureux avec une id\u00e9e juste et claire du sacerdoce, nous donnerons envie \u00e0 des jeunes d\u2019\u00eatre pr\u00eatres de J\u00e9sus-Christ : ensemble, ils pourront porter du fruit dans la mission. Pour nous, <strong>la figure du Cur\u00e9 d\u2019Ars<\/strong> est centrale car elle nous dit quelque chose d\u2019essentiel sur le pr\u00eatre ; et comme nous ne sommes pas des Cur\u00e9s d\u2019Ars, nous voulons aussi prendre des moyens pour avancer sur le chemin de la saintet\u00e9.<\/p>\n<h3><strong><img data-recalc-dims=\"1\" decoding=\"async\" class=\"alignright size-medium wp-image-7091\" src=\"https:\/\/i0.wp.com\/saintlouisenthelle.org\/accueil\/wp-content\/uploads\/2019\/09\/jeanmarievianney.jpg?resize=300%2C300&#038;ssl=1\" alt=\"\" width=\"300\" height=\"300\" srcset=\"https:\/\/i0.wp.com\/saintlouisenthelle.org\/accueil\/wp-content\/uploads\/2019\/09\/jeanmarievianney.jpg?resize=300%2C300&amp;ssl=1 300w, https:\/\/i0.wp.com\/saintlouisenthelle.org\/accueil\/wp-content\/uploads\/2019\/09\/jeanmarievianney.jpg?resize=150%2C150&amp;ssl=1 150w, https:\/\/i0.wp.com\/saintlouisenthelle.org\/accueil\/wp-content\/uploads\/2019\/09\/jeanmarievianney.jpg?w=460&amp;ssl=1 460w\" sizes=\"(max-width: 300px) 100vw, 300px\" \/>LE CUR\u00c9 D\u2019ARS, UN MOD\u00c8LE SACERDOTAL<\/strong><\/h3>\n<p style=\"text-align: justify;\">\u00c0 son \u00e9poque un grand nombre de personnes se sont press\u00e9es \u00e0 Ars pour rencontrer <strong>saint Jean-Marie Vianney<\/strong>. Ils cherchaient un conseil, une pri\u00e8re ou une confortation de leur foi. Aujourd\u2019hui encore le Cur\u00e9 d\u2019Ars attire des foules de baptis\u00e9s et de pr\u00eatres. Par sa vie simple et pleine de foi il parle aux contemporains et rappelle \u00e0 chacun la r\u00e9alit\u00e9 fondamentale de nos vies : \u00ab\u00a0Dieu est l\u00e0\u00a0\u00bb. Convaincue de sa puissante intercession notre Soci\u00e9t\u00e9 se tourne vers lui pour demander que nous, pr\u00eatres, soyons toujours plus ajust\u00e9s dans notre minist\u00e8re au don de la gr\u00e2ce re\u00e7ue \u00e0 notre ordination.<\/p>\n<p style=\"text-align: justify;\">en savoir plus : <a href=\"https:\/\/sjmv.net\" target=\"_blank\" rel=\"noopener noreferrer\">https:\/\/sjmv.net<\/a><\/p>\n<p><a href=\"https:\/\/sjmv.net\" target=\"_blank\" rel=\"noopener noreferrer\"><img data-recalc-dims=\"1\" decoding=\"async\" class=\"aligncenter wp-image-6159 size-medium\" src=\"https:\/\/i0.wp.com\/saintlouisenthelle.org\/accueil\/wp-content\/uploads\/2018\/09\/logosjmv.png?resize=300%2C160&#038;ssl=1\" alt=\"\" width=\"300\" height=\"160\" srcset=\"https:\/\/i0.wp.com\/saintlouisenthelle.org\/accueil\/wp-content\/uploads\/2018\/09\/logosjmv.png?resize=300%2C160&amp;ssl=1 300w, https:\/\/i0.wp.com\/saintlouisenthelle.org\/accueil\/wp-content\/uploads\/2018\/09\/logosjmv.png?resize=768%2C409&amp;ssl=1 768w, https:\/\/i0.wp.com\/saintlouisenthelle.org\/accueil\/wp-content\/uploads\/2018\/09\/logosjmv.png?resize=1024%2C546&amp;ssl=1 1024w, https:\/\/i0.wp.com\/saintlouisenthelle.org\/accueil\/wp-content\/uploads\/2018\/09\/logosjmv.png?w=1255&amp;ssl=1 1255w\" sizes=\"(max-width: 300px) 100vw, 300px\" \/><\/a><\/p>\n<p><iframe src=\"https:\/\/www.youtube.com\/embed\/5F3Avo1qRlg\" width=\"560\" height=\"315\" frameborder=\"0\" allowfullscreen=\"allowfullscreen\"><\/iframe><\/p>\n","protected":false},"excerpt":{"rendered":"<p>Des pr\u00eatres pour la mission Le sacerdoce dioc\u00e9sain \u00e0 l\u2019\u00e9cole du Cur\u00e9 d\u2019Ars LE CHARISME DE LA SJMV Comment aider les pr\u00eatres \u00e0 vivre pleinement leur sacerdoce dans la joie&hellip;<\/p>\n","protected":false},"author":4,"featured_media":8981,"parent":17,"menu_order":7,"comment_status":"closed","ping_status":"closed","template":"","meta":{"_lmt_disableupdate":"no","_lmt_disable":"","footnotes":""},"class_list":["post-8978","page","type-page","status-publish","has-post-thumbnail","hentry"],"jetpack_shortlink":"https:\/\/wp.me\/P7Mpl1-2kO","jetpack_sharing_enabled":true,"_links":{"self":[{"href":"https:\/\/saintlouisenthelle.org\/accueil\/wp-json\/wp\/v2\/pages\/8978","targetHints":{"allow":["GET"]}}],"collection":[{"href":"https:\/\/saintlouisenthelle.org\/accueil\/wp-json\/wp\/v2\/pages"}],"about":[{"href":"https:\/\/saintlouisenthelle.org\/accueil\/wp-json\/wp\/v2\/types\/page"}],"author":[{"embeddable":true,"href":"https:\/\/saintlouisenthelle.org\/accueil\/wp-json\/wp\/v2\/users\/4"}],"replies":[{"embeddable":true,"href":"https:\/\/saintlouisenthelle.org\/accueil\/wp-json\/wp\/v2\/comments?post=8978"}],"version-history":[{"count":6,"href":"https:\/\/saintlouisenthelle.org\/accueil\/wp-json\/wp\/v2\/pages\/8978\/revisions"}],"predecessor-version":[{"id":13763,"href":"https:\/\/saintlouisenthelle.org\/accueil\/wp-json\/wp\/v2\/pages\/8978\/revisions\/13763"}],"up":[{"embeddable":true,"href":"https:\/\/saintlouisenthelle.org\/accueil\/wp-json\/wp\/v2\/pages\/17"}],"wp:featuredmedia":[{"embeddable":true,"href":"https:\/\/saintlouisenthelle.org\/accueil\/wp-json\/wp\/v2\/media\/8981"}],"wp:attachment":[{"href":"https:\/\/saintlouisenthelle.org\/accueil\/wp-json\/wp\/v2\/media?parent=8978"}],"curies":[{"name":"wp","href":"https:\/\/api.w.org\/{rel}","templated":true}]}}