{"id":8933,"date":"2020-10-02T12:00:28","date_gmt":"2020-10-02T10:00:28","guid":{"rendered":"http:\/\/saintlouisenthelle.org\/accueil\/?page_id=8933"},"modified":"2024-09-07T14:04:09","modified_gmt":"2024-09-07T12:04:09","slug":"zileos","status":"publish","type":"page","link":"https:\/\/saintlouisenthelle.org\/accueil\/jeunes\/zileos\/","title":{"rendered":"Zil\u00e9os : pour les grands coll\u00e9giens et lyc\u00e9ens"},"content":{"rendered":"<p style=\"text-align: justify;\">Le club <strong>Zil\u00e9os<\/strong> regroupe les <strong>grands coll\u00e9giens<\/strong> (\u00e0 partir de la 3<sup>e<\/sup>) et les <strong>lyc\u00e9ens<\/strong>, \u00e2g\u00e9s de 14 \u00e0 18 ans, pour une\u00a0 apr\u00e8s-midi et une soir\u00e9e par mois, \u00e0 la <strong>Maison paroissiale<\/strong> de <strong>Bornel<\/strong> (8 rue Carnot).<br \/>\nOuvert \u00e0 tous les jeunes, quel que soit leur parcours et leur cheminement, le groupe est accompagn\u00e9 par un couple : <strong>C\u00e9line et S\u00e9bastien<\/strong> Cardeur.<\/p>\n<h3 style=\"text-align: justify;\"><img decoding=\"async\" class=\"alignright size-medium wp-image-8944\" src=\"https:\/\/i2.wp.com\/saintlouisenthelle.org\/accueil\/wp-content\/uploads\/2020\/09\/zileos-1.jpg?resize=225%2C300\" sizes=\"(max-width: 225px) 100vw, 225px\" srcset=\"https:\/\/i0.wp.com\/saintlouisenthelle.org\/accueil\/wp-content\/uploads\/2020\/09\/zileos-1-scaled.jpg?resize=225%2C300 225w, https:\/\/i0.wp.com\/saintlouisenthelle.org\/accueil\/wp-content\/uploads\/2020\/09\/zileos-1-scaled.jpg?resize=769%2C1024 769w, https:\/\/i0.wp.com\/saintlouisenthelle.org\/accueil\/wp-content\/uploads\/2020\/09\/zileos-1-scaled.jpg?resize=768%2C1022 768w, https:\/\/i0.wp.com\/saintlouisenthelle.org\/accueil\/wp-content\/uploads\/2020\/09\/zileos-1-scaled.jpg?resize=1154%2C1536 1154w, https:\/\/i0.wp.com\/saintlouisenthelle.org\/accueil\/wp-content\/uploads\/2020\/09\/zileos-1-scaled.jpg?resize=1539%2C2048 1539w, https:\/\/i0.wp.com\/saintlouisenthelle.org\/accueil\/wp-content\/uploads\/2020\/09\/zileos-1-scaled.jpg?resize=1320%2C1757 1320w, https:\/\/i0.wp.com\/saintlouisenthelle.org\/accueil\/wp-content\/uploads\/2020\/09\/zileos-1-scaled.jpg?w=1923 1923w\" alt=\"\" width=\"225\" height=\"300\" data-recalc-dims=\"1\" \/>Zil\u00e9os : qu&rsquo;est-ce que c&rsquo;est ?<\/h3>\n<p style=\"text-align: justify;\">Chacun est accueilli. Il n\u2019y a pas de jugement, pas de situation impossible.<\/p>\n<div class=\"gtm_bloc_vert\">\n<ul>\n<li style=\"text-align: justify;\">Pour aider chacun \u00e0 trouver des r\u00e9ponses aux questions qu\u2019il se pose dans plein de domaines.<\/li>\n<li style=\"text-align: justify;\">Pour comprendre un peu mieux le monde et ses enjeux.<\/li>\n<li style=\"text-align: justify;\">Pour choisir comment s\u2019y engager et construire un monde plus juste et fraternel.<\/li>\n<\/ul>\n<\/div>\n<h3>Quelles activit\u00e9s ?<\/h3>\n<p style=\"text-align: justify;\">Dans chaque rencontre alternent : temps festifs, ateliers cr\u00e9atifs et sportifs, intervention sur un th\u00e8me choisi par les participants avec des intervenants vari\u00e9s et de qualit\u00e9, temps de partage et temps spirituels.<\/p>\n<p><strong>Chaque mois<\/strong>, \u00e0 la <strong>Maison paroissiale<\/strong><strong>\u00a0de Bornel<\/strong> (8 rue Carnot), avec S\u00e9bastien et C\u00e9line :<\/p>\n<ul>\n<li>une rencontre du <strong>\u00ab Club \u00bb<\/strong>, un <strong>Dimanche apr\u00e8s-midi<\/strong> de 14h \u00e0 17h<\/li>\n<li>une rencontre <strong>\u00ab Interclub \u00bb<\/strong>, un <strong>vendredi ou un samedi soir<\/strong>, de 20h \u00e0 22h<\/li>\n<\/ul>\n<p>Parlez-en \u00e0 des jeunes autour de vous !<\/p>\n<h3>Pr\u00e9sentation de Zil\u00e9os :<\/h3>\n<p>Pour d\u00e9couvrir <strong>Zil\u00e9os<\/strong> : <a href=\"https:\/\/zileos.org\/fr\/le-mouvement\/zileos-c-est-quoi\" target=\"_blank\" rel=\"noopener\">Zil\u00e9os : c&rsquo;est quoi ?<\/a><\/p>\n<h3>Inscription en ligne :<\/h3>\n<p>Inscription en ligne gr\u00e2ce \u00e0 ce lien : <a href=\"https:\/\/w.enoria.link\/zileos\" target=\"_blank\" rel=\"noopener\">https:\/\/w.enoria.link\/zileos<\/a><\/p>\n<h3>Pour prendre contact :<\/h3>\n<p><strong>S\u00e9bastien<\/strong> et <strong>C\u00e9line Cardeur<\/strong><br \/>\nS\u00e9bastien : 07 89 77 71 89 \u2013 <a href=\"mailto:cardeursebastien@gmail.com\">cardeursebastien@gmail.com<\/a><br \/>\nC\u00e9line : 06 76 77 11 92 \u2013 <a href=\"mailto:celine.cardeur@hotmail.fr\">celine.cardeur@hotmail.fr<\/a><\/p>\n<p style=\"text-align: center;\">[gview file=\u00a0\u00bbhttps:\/\/saintlouisenthelle.org\/accueil\/wp-content\/uploads\/2024\/09\/Zileos-2024-2025.pdf\u00a0\u00bb]<br \/>\n<a href=\"https:\/\/zileos.org\/fr\/\" target=\"_blank\" rel=\"noopener noreferrer\"><img decoding=\"async\" class=\"aligncenter wp-image-8934 size-medium\" src=\"https:\/\/i0.wp.com\/saintlouisenthelle.org\/accueil\/wp-content\/uploads\/2020\/09\/zileos-logo23ko.jpg?resize=300%2C300&#038;ssl=1\" alt=\"\" width=\"300\" height=\"300\" data-recalc-dims=\"1\" srcset=\"https:\/\/i0.wp.com\/saintlouisenthelle.org\/accueil\/wp-content\/uploads\/2020\/09\/zileos-logo23ko.jpg?resize=300%2C300&amp;ssl=1 300w, https:\/\/i0.wp.com\/saintlouisenthelle.org\/accueil\/wp-content\/uploads\/2020\/09\/zileos-logo23ko.jpg?resize=150%2C150&amp;ssl=1 150w, https:\/\/i0.wp.com\/saintlouisenthelle.org\/accueil\/wp-content\/uploads\/2020\/09\/zileos-logo23ko.jpg?resize=768%2C767&amp;ssl=1 768w, https:\/\/i0.wp.com\/saintlouisenthelle.org\/accueil\/wp-content\/uploads\/2020\/09\/zileos-logo23ko.jpg?w=800&amp;ssl=1 800w\" sizes=\"(max-width: 300px) 100vw, 300px\" \/><\/a><a href=\"https:\/\/zileos.org\/fr\/le-mouvement\/zileos-c-est-quoi\" target=\"_blank\" rel=\"noopener\">Zil\u00e9os : c&rsquo;est quoi ?<\/a><\/p>\n<p>&nbsp;<\/p>\n<p>&nbsp;<\/p>\n","protected":false},"excerpt":{"rendered":"<p>Le club Zil\u00e9os regroupe les grands coll\u00e9giens (\u00e0 partir de la 3e) et les lyc\u00e9ens, \u00e2g\u00e9s de 14 \u00e0 18 ans, pour une\u00a0 apr\u00e8s-midi et une soir\u00e9e par mois, \u00e0&hellip;<\/p>\n","protected":false},"author":4,"featured_media":8934,"parent":168,"menu_order":6,"comment_status":"closed","ping_status":"closed","template":"","meta":{"_lmt_disableupdate":"no","_lmt_disable":"","footnotes":""},"class_list":["post-8933","page","type-page","status-publish","has-post-thumbnail","hentry"],"jetpack_shortlink":"https:\/\/wp.me\/P7Mpl1-2k5","jetpack_sharing_enabled":true,"_links":{"self":[{"href":"https:\/\/saintlouisenthelle.org\/accueil\/wp-json\/wp\/v2\/pages\/8933","targetHints":{"allow":["GET"]}}],"collection":[{"href":"https:\/\/saintlouisenthelle.org\/accueil\/wp-json\/wp\/v2\/pages"}],"about":[{"href":"https:\/\/saintlouisenthelle.org\/accueil\/wp-json\/wp\/v2\/types\/page"}],"author":[{"embeddable":true,"href":"https:\/\/saintlouisenthelle.org\/accueil\/wp-json\/wp\/v2\/users\/4"}],"replies":[{"embeddable":true,"href":"https:\/\/saintlouisenthelle.org\/accueil\/wp-json\/wp\/v2\/comments?post=8933"}],"version-history":[{"count":27,"href":"https:\/\/saintlouisenthelle.org\/accueil\/wp-json\/wp\/v2\/pages\/8933\/revisions"}],"predecessor-version":[{"id":13312,"href":"https:\/\/saintlouisenthelle.org\/accueil\/wp-json\/wp\/v2\/pages\/8933\/revisions\/13312"}],"up":[{"embeddable":true,"href":"https:\/\/saintlouisenthelle.org\/accueil\/wp-json\/wp\/v2\/pages\/168"}],"wp:featuredmedia":[{"embeddable":true,"href":"https:\/\/saintlouisenthelle.org\/accueil\/wp-json\/wp\/v2\/media\/8934"}],"wp:attachment":[{"href":"https:\/\/saintlouisenthelle.org\/accueil\/wp-json\/wp\/v2\/media?parent=8933"}],"curies":[{"name":"wp","href":"https:\/\/api.w.org\/{rel}","templated":true}]}}