{"id":88,"date":"2011-10-08T12:00:56","date_gmt":"2011-10-08T10:00:56","guid":{"rendered":"http:\/\/saintlouisenthelle.org\/?page_id=88"},"modified":"2025-01-06T12:05:55","modified_gmt":"2025-01-06T11:05:55","slug":"accueil","status":"publish","type":"page","link":"https:\/\/saintlouisenthelle.org\/accueil\/la-paroisse\/accueil\/","title":{"rendered":"Accueil paroissial"},"content":{"rendered":"\r\n<h2>Nous sommes heureux de vous accueillir !<\/h2>\r\n<p style=\"text-align: justify;\">Les b\u00e9n\u00e9voles de l&#8217;Accueil paroissial sont heureux de vous accueillir pour les demandes de <a href=\"https:\/\/saintlouisenthelle.org\/accueil\/sacrements\/bapteme\/\">bapt\u00eame<\/a>, les projets de <a href=\"https:\/\/saintlouisenthelle.org\/accueil\/sacrements\/mariage\/\">mariage<\/a>, les demandes d&#8217;intentions de messes, les informations sur la vie paroissiale que vous recherchez\u2026<\/p>\r\n<p style=\"text-align: justify;\">Les permanences de l&#8217;accueil paroissial ont lieu chaque semaine, dans deux lieux paroissiaux, \u00e0 Chambly et Neuilly-en-Thelle.<\/p>\r\n<p style=\"text-align: justify;\">Le <a href=\"https:\/\/eglise.catholique.fr\/approfondir-sa-foi\/la-celebration-de-la-foi\/les-grandes-fetes-chretiennes\/careme-et-paques\/careme\/371472-mercredi-des-cendres\/\" target=\"_blank\" rel=\"noopener\"><em><strong>Mercredi des Cendres<\/strong><\/em><\/a> et les <em><strong>jours f\u00e9ri\u00e9s<\/strong><\/em> : il n&#8217;y a pas d&#8217;Accueil paroissial. <img data-recalc-dims=\"1\" decoding=\"async\" class=\"alignright wp-image-6805\" src=\"https:\/\/i0.wp.com\/saintlouisenthelle.org\/accueil\/wp-content\/uploads\/2019\/04\/Jours-feries.jpg?resize=55%2C43&#038;ssl=1\" alt=\"\" width=\"55\" height=\"43\" srcset=\"https:\/\/i0.wp.com\/saintlouisenthelle.org\/accueil\/wp-content\/uploads\/2019\/04\/Jours-feries.jpg?resize=300%2C235&amp;ssl=1 300w, https:\/\/i0.wp.com\/saintlouisenthelle.org\/accueil\/wp-content\/uploads\/2019\/04\/Jours-feries.jpg?w=486&amp;ssl=1 486w\" sizes=\"(max-width: 55px) 100vw, 55px\" \/><img data-recalc-dims=\"1\" decoding=\"async\" class=\"alignright  wp-image-6996\" src=\"https:\/\/i0.wp.com\/saintlouisenthelle.org\/accueil\/wp-content\/uploads\/2019\/07\/calendrier_vacances.png?resize=55%2C55&#038;ssl=1\" alt=\"\" width=\"55\" height=\"55\" \/><\/p>\r\n<p>Pendant les <em><strong>vacances scolaires<\/strong><\/em>, il peut y avoir des changements : merci de v\u00e9rifier sur la <a href=\"https:\/\/saintlouisenthelle.org\/\">page d&#8217;accueil du site<\/a>.<\/p>\r\n\r\n<h3>Maison paroissiale Saint Louis en Thelle \u00e0 Chambly :<\/h3>\r\n<p style=\"text-align: justify;\">La Maison paroissiale est situ\u00e9e au <strong>87 Avenue de Verdun<\/strong>, \u00e0 300 m de l&#8217;\u00e9glise Notre-Dame de Chambly.\u00a0<\/p>\r\n<p><span style=\"font-size: 12pt;\"><a href=\"https:\/\/fr.mappy.com\/plan#\/87%20Avenue%20de%20Verdun%2C%2060230%20Chambly\" target=\"_blank\" rel=\"noopener noreferrer\">87 Avenue de Verdun<\/a> \u00e0 <strong>Chambly<\/strong><\/span><br \/><span style=\"font-size: 12pt;\">T\u00e9l.\u00a009 54 98 31 60<\/span><\/p>\r\n<ul>\r\n<li><span style=\"font-size: 12pt;\">mercredi de 18h \u00e0 19h30<\/span><\/li>\r\n<li><span style=\"font-size: 12pt;\">samedi de 10h \u00e0 midi<\/span><\/li>\r\n<\/ul>\r\n<p>&nbsp;<\/p>\r\n<p><iframe style=\"border: 0;\" src=\"https:\/\/www.google.com\/maps\/embed?pb=!1m18!1m12!1m3!1d2608.744971265714!2d2.2445468156201898!3d49.16744877931905!2m3!1f0!2f0!3f0!3m2!1i1024!2i768!4f13.1!3m3!1m2!1s0x47e65a65bfc8f9d9%3A0x9285f65a6d9fe78d!2s87+Avenue+de+Verdun%2C+60230+Chambly!5e0!3m2!1sfr!2sfr!4v1544288106662\" width=\"600\" height=\"450\" frameborder=\"0\" allowfullscreen=\"allowfullscreen\"><\/iframe><\/p>\r\n<p>&nbsp;<\/p>\r\n<h3>Maison paroissiale Sainte Jeanne d&#8217;Arc \u00e0 Neuilly-en-Thelle :<\/h3>\r\n<p style=\"text-align: justify;\">Depuis l&#8217;\u00e9t\u00e9 2021, les locaux paroissiaux \u00e0 Neuilly-en-Thelle ont d\u00e9m\u00e9nag\u00e9 : nous quittons la salle de l&#8217;Esp\u00e9rance et rejoignons la nouvelle <strong>Maison paroissiale Sainte Jeanne d&#8217;Arc<\/strong>\u00a0\u00e0 l&#8217;emplacement de l&#8217;ancien &#8220;Chalet Jeanne d&#8217;Arc&#8221;, en face du cimeti\u00e8re route de Crouy :\u00a0<\/p>\r\n<p><span style=\"font-size: 12pt;\"><a href=\"https:\/\/fr.mappy.com\/plan#\/1%20Chemin%20Jeanne%20d'Arc%2C%2060530%20Neuilly-en-Thelle\" target=\"_blank\" rel=\"noopener\">1 chemin Jeanne d&#8217;Arc<\/a>\u00a0\u00e0 <strong>Neuilly-en-Thelle<\/strong><br \/>T\u00e9l. 07 82 03 47 29<\/span><\/p>\r\n<ul>\r\n<li><span style=\"font-size: 12pt;\">samedi de 10h \u00e0 11h30<\/span><\/li>\r\n<\/ul>\r\n<p>&nbsp;<\/p>\r\n<p><iframe style=\"border: 0;\" src=\"https:\/\/www.google.com\/maps\/embed?pb=!1m18!1m12!1m3!1d2605.667806508219!2d2.2881912154273727!3d49.22582678271886!2m3!1f0!2f0!3f0!3m2!1i1024!2i768!4f13.1!3m3!1m2!1s0x47e651b5c0945521%3A0xe9307020e105d061!2sParoisse%20du%20Pays%20de%20Thelle!5e0!3m2!1sfr!2sfr!4v1625294495677!5m2!1sfr!2sfr\" width=\"600\" height=\"450\" allowfullscreen=\"allowfullscreen\"><\/iframe><\/p>\r\n<p>&nbsp;<\/p>\r\n<h3>Demande de certificat de bapt\u00eame :<\/h3>\r\n<p>Consultez cette page :\u00a0<a href=\"https:\/\/saintlouisenthelle.org\/accueil\/nous-contacter\/secretariat-paroissial\/\">Contact &#8211; renseignements<\/a><\/p>\r\n<p>&nbsp;<\/p>\r\n<h3>Demande de bapt\u00eame pour un enfant :<\/h3>\r\n<h4><a href=\"https:\/\/public.enoria.app\/pubinsc\/gp\/3caeff49bb83988\/open\" target=\"_blank\" rel=\"noopener\"><img decoding=\"async\" class=\"alignright wp-image-11797\" src=\"https:\/\/i0.wp.com\/saintlouisenthelle.org\/accueil\/wp-content\/uploads\/2022\/09\/nouveau2.png?resize=127%2C102&amp;ssl=1\" alt=\"\" width=\"127\" height=\"102\" data-recalc-dims=\"1\" \/><\/a>Nouveau : <span style=\"color: #ff0000;\">pr\u00e9-inscription en ligne<\/span> pour le bapt\u00eame d\u2019un enfant :<\/h4>\r\n<p>\u21d2 remplissez le <a href=\"https:\/\/public.enoria.app\/pubinsc\/gp\/3caeff49bb83988\/open\" target=\"_blank\" rel=\"noopener\">formulaire d\u2019inscription<\/a> pour faciliter la demande de bapt\u00eame pour votre enfant : <a href=\"https:\/\/public.enoria.app\/pubinsc\/gp\/3caeff49bb83988\/open\" target=\"_blank\" rel=\"noopener\">https:\/\/public.enoria.app\/pubinsc\/gp\/3caeff49bb83988\/open<\/a><\/p>\r\n<p>\u21d2 puis venez lors d\u2019une <strong>permanence d\u2019Accueil<\/strong> de la paroisse pour finaliser la demande et vous inscrire \u00e0 la <strong>pr\u00e9paration<\/strong>.<\/p>\r\n<h3>Demande d&#8217;une offrande de messe :<\/h3>\r\n<p style=\"text-align: justify;\">Plusieurs mani\u00e8res de demander une offrande de messe :<\/p>\r\n<ul>\r\n<li style=\"text-align: justify;\">vous pouvez passer \u00e0 l&#8217;<strong>Accueil paroissial<\/strong> (cf. plus haut)\u00a0pour faire la demande d&#8217;offrande de messe<br \/><br \/><\/li>\r\n<li style=\"text-align: justify;\">vous pouvez faire une demande en ligne directement gr\u00e2ce \u00e0 Enoria.<br \/>Le don se fait par carte bancaire (formulaire s\u00e9curis\u00e9). <br \/>Remplissez la fen\u00eatre ci-dessous, ou cliquez sur ce lien : <br \/><a href=\"https:\/\/public.enoria.app\/pubinsc\/intention\/5588ae83cbe40d0\/258\" target=\"_blank\" rel=\"noopener\">https:\/\/public.enoria.app\/pubinsc\/intention\/5588ae83cbe40d0\/258<\/a><\/li>\r\n<\/ul>\r\n<p>&nbsp;<\/p>\r\n<p><iframe src=\"https:\/\/public.enoria.app\/pubinsc\/intention\/5588ae83cbe40d0\/258\" width=\"800\" height=\"500\"><\/iframe><\/p>","protected":false},"excerpt":{"rendered":"<p>Nous sommes heureux de vous accueillir ! Les b\u00e9n\u00e9voles de l&#8217;Accueil paroissial sont heureux de vous accueillir pour les demandes de bapt\u00eame, les projets de mariage, les demandes d&#8217;intentions de&hellip;<\/p>\n","protected":false},"author":4,"featured_media":6182,"parent":17,"menu_order":2,"comment_status":"closed","ping_status":"closed","template":"","meta":{"_lmt_disableupdate":"no","_lmt_disable":"","footnotes":""},"class_list":["post-88","page","type-page","status-publish","has-post-thumbnail","hentry"],"jetpack_shortlink":"https:\/\/wp.me\/P7Mpl1-1q","jetpack_sharing_enabled":true,"_links":{"self":[{"href":"https:\/\/saintlouisenthelle.org\/accueil\/wp-json\/wp\/v2\/pages\/88","targetHints":{"allow":["GET"]}}],"collection":[{"href":"https:\/\/saintlouisenthelle.org\/accueil\/wp-json\/wp\/v2\/pages"}],"about":[{"href":"https:\/\/saintlouisenthelle.org\/accueil\/wp-json\/wp\/v2\/types\/page"}],"author":[{"embeddable":true,"href":"https:\/\/saintlouisenthelle.org\/accueil\/wp-json\/wp\/v2\/users\/4"}],"replies":[{"embeddable":true,"href":"https:\/\/saintlouisenthelle.org\/accueil\/wp-json\/wp\/v2\/comments?post=88"}],"version-history":[{"count":93,"href":"https:\/\/saintlouisenthelle.org\/accueil\/wp-json\/wp\/v2\/pages\/88\/revisions"}],"predecessor-version":[{"id":13772,"href":"https:\/\/saintlouisenthelle.org\/accueil\/wp-json\/wp\/v2\/pages\/88\/revisions\/13772"}],"up":[{"embeddable":true,"href":"https:\/\/saintlouisenthelle.org\/accueil\/wp-json\/wp\/v2\/pages\/17"}],"wp:featuredmedia":[{"embeddable":true,"href":"https:\/\/saintlouisenthelle.org\/accueil\/wp-json\/wp\/v2\/media\/6182"}],"wp:attachment":[{"href":"https:\/\/saintlouisenthelle.org\/accueil\/wp-json\/wp\/v2\/media?parent=88"}],"curies":[{"name":"wp","href":"https:\/\/api.w.org\/{rel}","templated":true}]}}