{"id":8771,"date":"2020-07-15T12:00:54","date_gmt":"2020-07-15T10:00:54","guid":{"rendered":"http:\/\/saintlouisenthelle.org\/accueil\/?page_id=8771"},"modified":"2023-03-19T09:39:16","modified_gmt":"2023-03-19T08:39:16","slug":"parcours-duo","status":"publish","type":"page","link":"https:\/\/saintlouisenthelle.org\/accueil\/mission-formation\/parcours-duo\/","title":{"rendered":"Parcours Duo"},"content":{"rendered":"<p style=\"text-align: justify;\">Le <strong>Parcours Duo<\/strong>, c&#8217;est un moment offert aux couples pour discerner sur l&#8217;engagement, et les aider \u00e0 donner du sens \u00e0 leur relation.<\/p>\n<p><a href=\"https:\/\/www.parcoursalpha.fr\/duo\" target=\"_blank\" rel=\"noopener noreferrer\" data-saferedirecturl=\"https:\/\/www.google.com\/url?q=https:\/\/www.parcoursalpha.fr\/duo&amp;source=gmail&amp;ust=1594881818178000&amp;usg=AFQjCNEbE6kDek9BR59vRy63_G6uXu7gFg\">https:\/\/www.parcoursalpha.fr\/<wbr \/>duo<\/a><\/p>\n<p style=\"text-align: justify;\">Ce sont <strong>5 d\u00eeners<\/strong>, le <strong>mardi soir<\/strong> \u00e0 20h, \u00e0 la <strong>Maison paroissiale de Chambly<\/strong> (du mardi 29\/09 au mardi 10\/11\/2020),\u00a0suivis d\u2019un topo diff\u00e9rent \u00e0 chaque rencontre, anim\u00e9 par un couple, mari\u00e9 de plus ou moins longue date, qui donne son t\u00e9moignage.<br \/>\nDes discussions et exercices, entre vous deux et en intimit\u00e9, jalonnent chaque th\u00e8me, \u00e0 diff\u00e9rents moments de cette soir\u00e9e.<br \/>\nChacun en sort plus fort sur son projet de vie avec des bases solides.<\/p>\n<p style=\"text-align: justify;\">Les th\u00e8mes abord\u00e9s sont : communiquer, g\u00e9rer les conflits, d\u00e9velopper l&#8217;intimit\u00e9, r\u00e9fl\u00e9chir \u00e0 l&#8217;engagement, partager les valeurs et les objectifs communs.<\/p>\n<p style=\"text-align: justify;\">Si vous \u00eates int\u00e9ress\u00e9s, nous pouvons \u00e9changer par le biais de ma bo\u00eete mail :\u00a0<a href=\"mailto:vmesnil@gmail.com\" target=\"_blank\" rel=\"noopener noreferrer\">vmesnil@gmail.com<\/a><\/p>\n<p>Bien cordialement et \u00e0 bient\u00f4t,<br \/>\nVirginie Renault<br \/>\n<a href=\"mailto:vmesnil@gmail.com\" target=\"_blank\" rel=\"noopener noreferrer\">vmesnil@gmail.com<\/a><\/p>\n<div><\/div>\n<div>vous pouvez d\u00e9couvrir en vid\u00e9o le Parcours Duo :<\/div>\n<div><\/div>\n<div><\/div>\n<div><iframe src=\"https:\/\/www.youtube.com\/embed\/dtEomtASMWU\" width=\"560\" height=\"315\" frameborder=\"0\" allowfullscreen=\"allowfullscreen\"><\/iframe><\/div>\n<div><a style=\"font-family: inherit;\" href=\"https:\/\/www.youtube.com\/watch?v=dtEomtASMWU&amp;list=PLiVJ7ObStzQ3tq2Am_zGxNPutaSkueDJY&amp;index=1&amp;frags=pl%2Cwn\" target=\"_blank\" rel=\"noopener noreferrer\" data-saferedirecturl=\"https:\/\/www.google.com\/url?q=https:\/\/www.youtube.com\/watch?v%3DdtEomtASMWU%26list%3DPLiVJ7ObStzQ3tq2Am_zGxNPutaSkueDJY%26index%3D1%26frags%3Dpl%252Cwn&amp;source=gmail&amp;ust=1594881818178000&amp;usg=AFQjCNHdgE60Zf1ybdepkpPPt3eZIplkpw\">Qu&#8217;est ce qu&#8217;un Parcours Duo ?<\/a><\/div>\n","protected":false},"excerpt":{"rendered":"<p>Le Parcours Duo, c&#8217;est un moment offert aux couples pour discerner sur l&#8217;engagement, et les aider \u00e0 donner du sens \u00e0 leur relation. https:\/\/www.parcoursalpha.fr\/duo Ce sont 5 d\u00eeners, le mardi&hellip;<\/p>\n","protected":false},"author":4,"featured_media":8782,"parent":3691,"menu_order":7,"comment_status":"closed","ping_status":"closed","template":"","meta":{"_lmt_disableupdate":"","_lmt_disable":"","footnotes":""},"class_list":["post-8771","page","type-page","status-publish","has-post-thumbnail","hentry"],"jetpack_shortlink":"https:\/\/wp.me\/P7Mpl1-2ht","jetpack_sharing_enabled":true,"_links":{"self":[{"href":"https:\/\/saintlouisenthelle.org\/accueil\/wp-json\/wp\/v2\/pages\/8771","targetHints":{"allow":["GET"]}}],"collection":[{"href":"https:\/\/saintlouisenthelle.org\/accueil\/wp-json\/wp\/v2\/pages"}],"about":[{"href":"https:\/\/saintlouisenthelle.org\/accueil\/wp-json\/wp\/v2\/types\/page"}],"author":[{"embeddable":true,"href":"https:\/\/saintlouisenthelle.org\/accueil\/wp-json\/wp\/v2\/users\/4"}],"replies":[{"embeddable":true,"href":"https:\/\/saintlouisenthelle.org\/accueil\/wp-json\/wp\/v2\/comments?post=8771"}],"version-history":[{"count":4,"href":"https:\/\/saintlouisenthelle.org\/accueil\/wp-json\/wp\/v2\/pages\/8771\/revisions"}],"predecessor-version":[{"id":8790,"href":"https:\/\/saintlouisenthelle.org\/accueil\/wp-json\/wp\/v2\/pages\/8771\/revisions\/8790"}],"up":[{"embeddable":true,"href":"https:\/\/saintlouisenthelle.org\/accueil\/wp-json\/wp\/v2\/pages\/3691"}],"wp:featuredmedia":[{"embeddable":true,"href":"https:\/\/saintlouisenthelle.org\/accueil\/wp-json\/wp\/v2\/media\/8782"}],"wp:attachment":[{"href":"https:\/\/saintlouisenthelle.org\/accueil\/wp-json\/wp\/v2\/media?parent=8771"}],"curies":[{"name":"wp","href":"https:\/\/api.w.org\/{rel}","templated":true}]}}