{"id":835,"date":"2011-12-01T12:00:26","date_gmt":"2011-12-01T11:00:26","guid":{"rendered":"http:\/\/saintlouisenthelle.org\/?page_id=835"},"modified":"2024-08-10T11:27:05","modified_gmt":"2024-08-10T09:27:05","slug":"les-orgues-de-chambly","status":"publish","type":"page","link":"https:\/\/saintlouisenthelle.org\/accueil\/la-paroisse\/les-orgues-de-chambly\/","title":{"rendered":"Les Orgues de Chambly"},"content":{"rendered":"<h2 style=\"text-align: center;\" align=\"center\"><span style=\"color: #008000;\"><strong>L&#8217;orgue de l&#8217;\u00e9glise<br \/>\n<\/strong><\/span><span style=\"color: #008000;\"><strong>Notre-Dame de Chambly<\/strong><\/span><\/h2>\n<p>&nbsp;<\/p>\n<p><a href=\"https:\/\/i0.wp.com\/saintlouisenthelle.org\/accueil\/wp-content\/uploads\/2019\/05\/orgue-chambly1.jpg?ssl=1\" data-rel=\"penci-gallery-image-content\" ><img data-recalc-dims=\"1\" decoding=\"async\" class=\"wp-image-6845 size-full alignright\" title=\"Photo : Fernand Duchesne\" src=\"https:\/\/i0.wp.com\/saintlouisenthelle.org\/accueil\/wp-content\/uploads\/2019\/05\/orgue-chambly1.jpg?resize=187%2C269&#038;ssl=1\" alt=\"\" width=\"187\" height=\"269\" \/><\/a><\/p>\n<h1 style=\"text-align: justify;\">Pr\u00e9sentation<\/h1>\n<p style=\"text-align: justify;\">L&#8217;orgue de l\u2019\u00e9glise Notre-Dame de Chambly date du <strong>17<sup>e<\/sup> si\u00e8cle<\/strong>.<\/p>\n<p style=\"text-align: justify;\">Son histoire est peu connue\u00a0: il proviendrait du <strong>couvent de la Visitation, \u00e0 Senlis<\/strong>, construit par <strong>Jacques Carouge<\/strong> en deux campagnes, entre 1671 (Positif, soubassement du grand corps claviers et soufflerie) et 1678 (ach\u00e8vement)\u00a0; on peut d\u2019ailleurs noter la similitude du buffet avec celui de la cath\u00e9drale de Senlis, construit \u00e0 l\u2019origine pour l\u2019abbaye Saint-Vincent de cette m\u00eame ville.<\/p>\n<p style=\"text-align: justify;\">En 1838, Suret vint remplacer la soufflerie primitive (3 cun\u00e9iformes) par un r\u00e9servoir \u00e0 tables parall\u00e8les.<\/p>\n<p style=\"text-align: justify;\">Peu avant la seconde guerre mondiale, un projet de r\u00e9novation hasardeuse faillit causer la perte de l\u2019instrument\u00a0; en 1942 d\u00e9montage par Eug\u00e8ne Rochesson et transfert en atelier d\u2019\u00e9l\u00e9ments m\u00e9caniques et de la tuyauterie. L\u2019absence de m\u00e9tal pour refaire les Montres servit d\u2019excuse pour ne pas aller plus loin. En 1947, nouveau devis de reconstruction minimale \u00e0 base de vieux tuyaux \u00ab\u00a0adapt\u00e9s\u00a0\u00bb sans rien fournir de neuf que les Montres et une basse de Bourdon 16 en bois. Mais un moteur \u00e9tait &#8211; dit-on &#8211; introuvable et rien ne bougea. Finalement, ce qui, dans l\u2019atelier du facteur constituait le \u00ab lot Chambly \u00bb\u00a0fut rapport\u00e9 en vrac sur la tribune en 1957 pour y demeurer dans l\u2019oubli durant plusieurs d\u00e9cennies\u00a0; la Montre du positif (en partie constitu\u00e9e de corps de cromorne embo\u00eet\u00e9s les uns dans les autres\u00a0!) venant alors dissimuler des haut-parleurs.<\/p>\n<p style=\"text-align: justify;\">Malheureusement, beaucoup d&#8217;\u00e9l\u00e9ments ont disparu, dont les claviers, au nombre de 4. On a su o\u00f9 se trouvait le quatri\u00e8me, celui d&#8217;\u00e9cho &#8211; il a \u00e9t\u00e9 install\u00e9 sur une \u00e9pinette d&#8217;un particulier \u2013 \u00e0 partir duquel ont \u00e9t\u00e9 r\u00e9alis\u00e9s en copie les claviers actuels.<\/p>\n<p style=\"text-align: justify;\">L\u2019instrument, <a href=\"http:\/\/www2.culture.gouv.fr\/public\/mistral\/palsri_fr?ACTION=CHERCHER&amp;FIELD_1=REF&amp;VALUE_1=PM60003485\" target=\"_blank\" rel=\"noopener noreferrer\">class\u00e9 au titre des Monuments historiques<\/a>, a \u00e9t\u00e9 <strong>restaur\u00e9 par Th\u00e9o Haerpfer<\/strong>, harmonis\u00e9 par Christian Casse et <strong>inaugur\u00e9 le 26 octobre 1986<\/strong> par Andr\u00e9 Isoir.<\/p>\n<p style=\"text-align: justify;\">\u00c0 l\u2019automne 2022 d\u00e9bute un <strong>relevage<\/strong> de l\u2019instrument (ope\u0301ration pe\u0301riodique de remise en e\u0301tat, visant \u00e0 assurer un fonctionnement optimal de l\u2019orgue et sa bonne conservation). Les travaux se sont termin\u00e9s au d\u00e9but de l&#8217;\u00e9t\u00e9 2024. Inauguration le 21 septembre 2024.<\/p>\n<p style=\"text-align: justify;\">L&#8217;organiste titulaire est Mireille Lucas.<br \/>\n______________________________________________________________________<\/p>\n<h1><span style=\"color: #ff0000;\"><strong>COMPOSITION<\/strong> (en italique les jeux de tuyaux anciens)<\/span><\/h1>\n<p><strong>POSITIF\u00a0<\/strong>: 1<sup>er<\/sup> clavier de 48 notes (sans 1<sup>er<\/sup> Ut #), 8 jeux<\/p>\n<ul>\n<li><em>MONTRE<\/em> <em> 4<\/em><\/li>\n<li><em>BOURDON<\/em> <em>8<\/em><\/li>\n<li><em>CROMORNE<\/em> <em>8<\/em><\/li>\n<li>Doublette 2<\/li>\n<li><em>NAZARD<\/em> <em>2 2\/3<\/em><\/li>\n<li>Plein-Jeu IV 2\/3<\/li>\n<li><em>TIERCE<\/em> <em>1 3\/5<\/em><\/li>\n<li><em>LARIGOT<\/em> <em>1 1\/3<\/em><\/li>\n<\/ul>\n<p>&nbsp;<\/p>\n<p><strong>GRAND-ORGUE\u00a0<\/strong>: 2<sup>e<\/sup> clavier de 48 notes (sans 1<sup>er<\/sup> Ut #), 13 jeux<\/p>\n<ul>\n<li><em>MONTRE 4\u00a0<\/em><\/li>\n<li><em>CORNET V c3<\/em><\/li>\n<li>Trompette 8<\/li>\n<li>Doublette 2<\/li>\n<li><em>BOURDON 8<\/em><\/li>\n<li>Cromorne 8<\/li>\n<li><em>FOURNITURE III 1<\/em><\/li>\n<li><em>FL\u00dbTE 4<\/em><\/li>\n<li>Clairon 4<\/li>\n<li>Cymbale III <em>\u00bd<\/em><\/li>\n<li><em>NAZARD 2 2\/3<\/em><\/li>\n<li>Quarte de nazard 2<\/li>\n<li><em>TIERCE 1 3\/5<\/em><\/li>\n<\/ul>\n<p>&nbsp;<\/p>\n<p><strong>R\u00c9CIT<\/strong> (en gravures intercal\u00e9es \u00e0 celles du grand-orgue)\u00a0: 3<sup>e<\/sup> clavier de 25 notes \u00e0 partir du 3<sup>e<\/sup> Do, 2 jeux<\/p>\n<ul>\n<li><em>CORNET V<\/em><\/li>\n<li><em>TROMPETTE 8<\/em><\/li>\n<\/ul>\n<p>&nbsp;<\/p>\n<p><strong>\u00c9CHO\u00a0<\/strong>: 4<sup>e<\/sup> clavier de 25 notes \u00e0 partir du 3<sup>e<\/sup> Do, 1 jeu<\/p>\n<ul>\n<li><em>CORNET V<\/em><\/li>\n<\/ul>\n<p>&nbsp;<\/p>\n<p><strong>P\u00c9DALE<\/strong> de 24 notes \u00e0 partir du 1<sup>er<\/sup> DO (sans 1<sup>er<\/sup> Ut #)), 2 jeux<\/p>\n<ul>\n<li>Fl\u00fbte 8<\/li>\n<li>Trompette 8<\/li>\n<\/ul>\n<ul>\n<li>Accouplement Positif\/Grand-Orgue \u00e0 tiroir<\/li>\n<li>Tremblant doux \u2013 Tremblant fort<\/li>\n<li>Ton recherch\u00e9 rel\u00e8ve 415 hertz \u00e0 15\u00b0 pour le LA 3<\/li>\n<li>L\u2019accord suit le temp\u00e9rament de Lambert CHAUMONT (1696)<\/li>\n<\/ul>\n<p>&nbsp;<\/p>\n<p><a href=\"https:\/\/i0.wp.com\/saintlouisenthelle.org\/accueil\/wp-content\/uploads\/2019\/05\/orgue1.jpg?ssl=1\" data-rel=\"penci-gallery-image-content\" ><img data-recalc-dims=\"1\" decoding=\"async\" class=\"aligncenter wp-image-6846 size-full\" title=\"m\u00e9canique orgue\" src=\"https:\/\/i0.wp.com\/saintlouisenthelle.org\/accueil\/wp-content\/uploads\/2019\/05\/orgue1.jpg?resize=281%2C180&#038;ssl=1\" alt=\"\" width=\"281\" height=\"180\" \/><\/a><\/p>\n<p style=\"text-align: center;\" align=\"right\"><em>Gravure extraite de \u00ab\u00a0L\u2019Art du Facteur d\u2019Orgues\u00a0\u00bb de Dom Bedos de Celles<\/em><\/p>\n<h1>Documentation<\/h1>\n<h3>Notices disponibles dans les bases de donn\u00e9es documentaires mises en oeuvre par la direction de l&#8217;<a href=\"http:\/\/www2.culture.gouv.fr\/culture\/inventai\/patrimoine\/\" target=\"_blank\" rel=\"noopener noreferrer\">Architecture et du Patrimoine<\/a> : <a href=\"https:\/\/www.pop.culture.gouv.fr\" target=\"_blank\" rel=\"noopener noreferrer\">Plateforme ouverte du Patrimoine (POP)<\/a> :<\/h3>\n<ul>\n<li><a href=\"https:\/\/www.pop.culture.gouv.fr\/notice\/palissy\/PM60003485\" target=\"_blank\" rel=\"noopener noreferrer\">orgue de tribune de l&#8217;\u00e9glise Notre-Dame<\/a> de Chambly<\/li>\n<li><a href=\"https:\/\/www.pop.culture.gouv.fr\/notice\/palissy\/PM60000476\" target=\"_blank\" rel=\"noopener noreferrer\">orgue de tribune : tribune d&#8217;orgue ; buffet d&#8217;orgue<\/a> de l&#8217;\u00e9glise Notre-Dame de Chambly<\/li>\n<li><a href=\"https:\/\/www.pop.culture.gouv.fr\/notice\/palissy\/PM60003486\" target=\"_blank\" rel=\"noopener noreferrer\">orgue de tribune : partie instrumentale de l&#8217;orgue<\/a>\u00a0de l&#8217;\u00e9glise Notre-Dame de Chambly<\/li>\n<\/ul>\n<h3>Inventaire national des orgues :<\/h3>\n<ul>\n<li><a href=\"https:\/\/inventaire-des-orgues.fr\/detail\/orgue-chambly-eglise-notre-dame-fr-60139-cblyy-ndamev1-x\/\" target=\"_blank\" rel=\"noopener\">Orgue de tribune de l&#8217;\u00e9glise Notre-Dame &#8211; Chambly, Oise<\/a><\/li>\n<\/ul>\n","protected":false},"excerpt":{"rendered":"<p>L&#8217;orgue de l&#8217;\u00e9glise Notre-Dame de Chambly &nbsp; Pr\u00e9sentation L&#8217;orgue de l\u2019\u00e9glise Notre-Dame de Chambly date du 17e si\u00e8cle. Son histoire est peu connue\u00a0: il proviendrait du couvent de la Visitation,&hellip;<\/p>\n","protected":false},"author":4,"featured_media":0,"parent":17,"menu_order":10,"comment_status":"closed","ping_status":"closed","template":"","meta":{"_lmt_disableupdate":"no","_lmt_disable":"","footnotes":""},"class_list":["post-835","page","type-page","status-publish","hentry"],"jetpack_shortlink":"https:\/\/wp.me\/P7Mpl1-dt","jetpack_sharing_enabled":true,"_links":{"self":[{"href":"https:\/\/saintlouisenthelle.org\/accueil\/wp-json\/wp\/v2\/pages\/835","targetHints":{"allow":["GET"]}}],"collection":[{"href":"https:\/\/saintlouisenthelle.org\/accueil\/wp-json\/wp\/v2\/pages"}],"about":[{"href":"https:\/\/saintlouisenthelle.org\/accueil\/wp-json\/wp\/v2\/types\/page"}],"author":[{"embeddable":true,"href":"https:\/\/saintlouisenthelle.org\/accueil\/wp-json\/wp\/v2\/users\/4"}],"replies":[{"embeddable":true,"href":"https:\/\/saintlouisenthelle.org\/accueil\/wp-json\/wp\/v2\/comments?post=835"}],"version-history":[{"count":29,"href":"https:\/\/saintlouisenthelle.org\/accueil\/wp-json\/wp\/v2\/pages\/835\/revisions"}],"predecessor-version":[{"id":13244,"href":"https:\/\/saintlouisenthelle.org\/accueil\/wp-json\/wp\/v2\/pages\/835\/revisions\/13244"}],"up":[{"embeddable":true,"href":"https:\/\/saintlouisenthelle.org\/accueil\/wp-json\/wp\/v2\/pages\/17"}],"wp:attachment":[{"href":"https:\/\/saintlouisenthelle.org\/accueil\/wp-json\/wp\/v2\/media?parent=835"}],"curies":[{"name":"wp","href":"https:\/\/api.w.org\/{rel}","templated":true}]}}