{"id":7712,"date":"2020-03-22T12:00:05","date_gmt":"2020-03-22T11:00:05","guid":{"rendered":"http:\/\/saintlouisenthelle.org\/accueil\/?page_id=7712"},"modified":"2026-01-22T11:41:25","modified_gmt":"2026-01-22T10:41:25","slug":"journal-echo","status":"publish","type":"page","link":"https:\/\/saintlouisenthelle.org\/accueil\/la-paroisse\/journal-echo\/","title":{"rendered":"Journal \u00c9cho"},"content":{"rendered":"<h3>Le journal <em>\u00c9cho<\/em> :<\/h3>\n<p style=\"text-align: justify;\">Le <a href=\"https:\/\/oise.catholique.fr\/services\/communication#section-2\" target=\"_blank\" rel=\"noopener\">journal <em>\u00c9cho<\/em><\/a> est distribu\u00e9 \u00e0 la sortie des messes dominicales, 8 num\u00e9ros dans l&#8217;ann\u00e9e.<br \/>\nCliquez sur l&#8217;image :<br \/>\n(\u00e9galement disponible dans les \u00e9glises de la paroisse ouvertes tous les jours : Chambly et Bornel)<\/p>\n<p>&nbsp;<\/p>\n<p><a href=\"https:\/\/oise.catholique.fr\/services\/communication#section-2\" target=\"_blank\" rel=\"noopener\"><img data-recalc-dims=\"1\" fetchpriority=\"high\" decoding=\"async\" class=\"aligncenter wp-image-10432 size-medium\" src=\"https:\/\/i0.wp.com\/saintlouisenthelle.org\/accueil\/wp-content\/uploads\/2021\/06\/Echo-80.jpg?resize=232%2C300&#038;ssl=1\" alt=\"\" width=\"232\" height=\"300\" srcset=\"https:\/\/i0.wp.com\/saintlouisenthelle.org\/accueil\/wp-content\/uploads\/2021\/06\/Echo-80.jpg?resize=232%2C300&amp;ssl=1 232w, https:\/\/i0.wp.com\/saintlouisenthelle.org\/accueil\/wp-content\/uploads\/2021\/06\/Echo-80.jpg?w=414&amp;ssl=1 414w\" sizes=\"(max-width: 232px) 100vw, 232px\" \/><\/a><\/p>\n<p>&nbsp;<\/p>\n<p>Retrouvez sur le <a href=\"https:\/\/oise.catholique.fr\/services\/communication\" target=\"_blank\" rel=\"noopener\">site internet du dioc\u00e8se de Beauvais<\/a>\u00a0les num\u00e9ros pr\u00e9c\u00e9dents de la\u00a0<a href=\"https:\/\/oise.catholique.fr\/services\/communication#section-2\" target=\"_blank\" rel=\"noopener\">Revue dioc\u00e9saine &#8220;<em>\u00c9cho<\/em>&#8220;<\/a><\/p>\n<h3 style=\"text-align: justify;\">Le <strong>journal <em>Missio Vexin Thelle :<\/em><\/strong><\/h3>\n<p style=\"text-align: justify;\">Le <a href=\"https:\/\/www.journaux-paroissiaux.com\/journaux\/vexin_thelle-missio\" target=\"_blank\" rel=\"noopener\">journal <em>Missio Vexin-Thelle<\/em><\/a> distribu\u00e9, par des b\u00e9n\u00e9voles dans les bo\u00eetes aux lettres des communes de la paroisse, a cess\u00e9 sa publication \u00e0 l&#8217;\u00e9t\u00e9 2025.<\/p>\n<p><a href=\"https:\/\/www.journaux-paroissiaux.com\/journaux\/vexin_thelle-missio\" target=\"_blank\" rel=\"noopener\"><img data-recalc-dims=\"1\" decoding=\"async\" class=\"aligncenter wp-image-10386 size-full\" src=\"https:\/\/i0.wp.com\/saintlouisenthelle.org\/accueil\/wp-content\/uploads\/2021\/05\/Missio-32.jpg?resize=221%2C320&#038;ssl=1\" alt=\"\" width=\"221\" height=\"320\" srcset=\"https:\/\/i0.wp.com\/saintlouisenthelle.org\/accueil\/wp-content\/uploads\/2021\/05\/Missio-32.jpg?w=221&amp;ssl=1 221w, https:\/\/i0.wp.com\/saintlouisenthelle.org\/accueil\/wp-content\/uploads\/2021\/05\/Missio-32.jpg?resize=207%2C300&amp;ssl=1 207w\" sizes=\"(max-width: 221px) 100vw, 221px\" \/><\/a><\/p>\n","protected":false},"excerpt":{"rendered":"<p>Le journal \u00c9cho : Le journal \u00c9cho est distribu\u00e9 \u00e0 la sortie des messes dominicales, 8 num\u00e9ros dans l&#8217;ann\u00e9e. Cliquez sur l&#8217;image : (\u00e9galement disponible dans les \u00e9glises de la&hellip;<\/p>\n","protected":false},"author":4,"featured_media":0,"parent":17,"menu_order":8,"comment_status":"closed","ping_status":"closed","template":"","meta":{"_lmt_disableupdate":"no","_lmt_disable":"","footnotes":""},"class_list":["post-7712","page","type-page","status-publish","hentry"],"jetpack_shortlink":"https:\/\/wp.me\/P7Mpl1-20o","jetpack_sharing_enabled":true,"_links":{"self":[{"href":"https:\/\/saintlouisenthelle.org\/accueil\/wp-json\/wp\/v2\/pages\/7712","targetHints":{"allow":["GET"]}}],"collection":[{"href":"https:\/\/saintlouisenthelle.org\/accueil\/wp-json\/wp\/v2\/pages"}],"about":[{"href":"https:\/\/saintlouisenthelle.org\/accueil\/wp-json\/wp\/v2\/types\/page"}],"author":[{"embeddable":true,"href":"https:\/\/saintlouisenthelle.org\/accueil\/wp-json\/wp\/v2\/users\/4"}],"replies":[{"embeddable":true,"href":"https:\/\/saintlouisenthelle.org\/accueil\/wp-json\/wp\/v2\/comments?post=7712"}],"version-history":[{"count":65,"href":"https:\/\/saintlouisenthelle.org\/accueil\/wp-json\/wp\/v2\/pages\/7712\/revisions"}],"predecessor-version":[{"id":14520,"href":"https:\/\/saintlouisenthelle.org\/accueil\/wp-json\/wp\/v2\/pages\/7712\/revisions\/14520"}],"up":[{"embeddable":true,"href":"https:\/\/saintlouisenthelle.org\/accueil\/wp-json\/wp\/v2\/pages\/17"}],"wp:attachment":[{"href":"https:\/\/saintlouisenthelle.org\/accueil\/wp-json\/wp\/v2\/media?parent=7712"}],"curies":[{"name":"wp","href":"https:\/\/api.w.org\/{rel}","templated":true}]}}