{"id":7192,"date":"2019-10-09T12:00:49","date_gmt":"2019-10-09T10:00:49","guid":{"rendered":"http:\/\/saintlouisenthelle.org\/accueil\/?page_id=7192"},"modified":"2023-03-03T14:35:29","modified_gmt":"2023-03-03T13:35:29","slug":"equipes-du-rosaire","status":"publish","type":"page","link":"https:\/\/saintlouisenthelle.org\/accueil\/prier-et-celebrer\/equipes-du-rosaire\/","title":{"rendered":"Equipes du Rosaire"},"content":{"rendered":"<p><a href=\"https:\/\/i0.wp.com\/saintlouisenthelle.org\/accueil\/wp-content\/uploads\/2019\/10\/Equipes-Rosaire-logo.png?ssl=1\" data-rel=\"penci-gallery-image-content\" ><img data-recalc-dims=\"1\" decoding=\"async\" class=\"aligncenter size-full wp-image-7193\" src=\"https:\/\/i0.wp.com\/saintlouisenthelle.org\/accueil\/wp-content\/uploads\/2019\/10\/Equipes-Rosaire-logo.png?resize=200%2C80&#038;ssl=1\" alt=\"\" width=\"200\" height=\"80\" \/><\/a><\/p>\n<p style=\"text-align: justify;\">Une <strong>Equipe du Rosaire<\/strong> est un petit groupe de personnes qui se retrouvent en deux temps de pri\u00e8re :<\/p>\n<ul style=\"text-align: justify;\">\n<li>chaque mois \u202f: <strong>la pri\u00e8re ensemble<\/strong> \u201c\u00e0 la maison\u201d, chez l\u2019un ou l\u2019autre des membres de l\u2019\u00e9quipe, pour m\u00e9diter la Parole de Dieu en s\u2019appuyant sur le feuillet mensuel <em><strong>\u201cLe Rosaire en Equipe\u201d<\/strong><\/em><\/li>\n<li>chaque jour \u202f: la <strong>pri\u00e8re personnelle<\/strong>, m\u00e9ditation d\u2019un myst\u00e8re de la vie de J\u00e9sus-Christ en lien avec les autres membres des \u00e9quipes, gr\u00e2ce au <em><strong>\u201cLivret de Pri\u00e8re Quotidienne\u201d<\/strong><\/em><\/li>\n<\/ul>\n<p style=\"text-align: justify;\">\n<p style=\"text-align: justify;\">Pour aider amis et voisins \u00e0\u00a0vivre l\u2019Evangile avec Marie, dans le climat fraternel d\u2019un petit groupe, vous allez former une \u00e9quipe dans votre quartier, votre rue, votre immeuble ou votre village.<\/p>\n<p style=\"text-align: justify;\">A deux ou trois, on peut commencer la pri\u00e8re commune mensuelle dans la maison de l\u2019un ou l\u2019autre, pour avoir la possibilit\u00e9 d\u2019inviter amicalement des voisins, m\u00eame s\u2019ils n\u2019appartiennent pas \u00e0 l\u2019\u00e9quipe, et mettre plus \u00e0 l\u2019aise \u201cceux qui n\u2019ont pas l\u2019habitude d\u2019aller \u00e0 l\u2019\u00e9glise\u201d.<\/p>\n<p style=\"text-align: justify;\">Dans la paroisse, une \u00e9quipe se r\u00e9unit une fois par mois \u00e0 <strong>Neuilly-en-Thelle<\/strong>.<br \/>\nRenseignements : Evelyne Leroy &#8211; 06 09 97 44 84<\/p>\n<p style=\"text-align: justify;\">Pour en savoir plus : le site web du <a href=\"http:\/\/equipes-rosaire.org\" target=\"_blank\" rel=\"noopener noreferrer\">mouvement des Equipes du Rosaire : http:\/\/equipes-rosaire.org<\/a><\/p>\n<p>&nbsp;<\/p>\n","protected":false},"excerpt":{"rendered":"<p>Une Equipe du Rosaire est un petit groupe de personnes qui se retrouvent en deux temps de pri\u00e8re : chaque mois \u202f: la pri\u00e8re ensemble \u201c\u00e0 la maison\u201d, chez l\u2019un&hellip;<\/p>\n","protected":false},"author":4,"featured_media":0,"parent":122,"menu_order":5,"comment_status":"closed","ping_status":"closed","template":"","meta":{"_lmt_disableupdate":"","_lmt_disable":"","footnotes":""},"class_list":["post-7192","page","type-page","status-publish","hentry"],"jetpack_shortlink":"https:\/\/wp.me\/P7Mpl1-1S0","jetpack_sharing_enabled":true,"_links":{"self":[{"href":"https:\/\/saintlouisenthelle.org\/accueil\/wp-json\/wp\/v2\/pages\/7192","targetHints":{"allow":["GET"]}}],"collection":[{"href":"https:\/\/saintlouisenthelle.org\/accueil\/wp-json\/wp\/v2\/pages"}],"about":[{"href":"https:\/\/saintlouisenthelle.org\/accueil\/wp-json\/wp\/v2\/types\/page"}],"author":[{"embeddable":true,"href":"https:\/\/saintlouisenthelle.org\/accueil\/wp-json\/wp\/v2\/users\/4"}],"replies":[{"embeddable":true,"href":"https:\/\/saintlouisenthelle.org\/accueil\/wp-json\/wp\/v2\/comments?post=7192"}],"version-history":[{"count":3,"href":"https:\/\/saintlouisenthelle.org\/accueil\/wp-json\/wp\/v2\/pages\/7192\/revisions"}],"predecessor-version":[{"id":10762,"href":"https:\/\/saintlouisenthelle.org\/accueil\/wp-json\/wp\/v2\/pages\/7192\/revisions\/10762"}],"up":[{"embeddable":true,"href":"https:\/\/saintlouisenthelle.org\/accueil\/wp-json\/wp\/v2\/pages\/122"}],"wp:attachment":[{"href":"https:\/\/saintlouisenthelle.org\/accueil\/wp-json\/wp\/v2\/media?parent=7192"}],"curies":[{"name":"wp","href":"https:\/\/api.w.org\/{rel}","templated":true}]}}