{"id":540,"date":"2011-10-19T12:00:06","date_gmt":"2011-10-19T10:00:06","guid":{"rendered":"http:\/\/saintlouisenthelle.org\/?page_id=540"},"modified":"2025-12-25T18:25:19","modified_gmt":"2025-12-25T17:25:19","slug":"secretariat-paroissial","status":"publish","type":"page","link":"https:\/\/saintlouisenthelle.org\/accueil\/la-paroisse\/secretariat-paroissial\/","title":{"rendered":"Contact &#8211; renseignements"},"content":{"rendered":"<ul>\n<li><a href=\"#message\">envoyer un message<\/a><\/li>\n<li><a href=\"#en-savoir-plus\">en savoir plus sur\u2026<\/a><\/li>\n<li><a href=\"#bdd\">inscription dans la base de donn\u00e9es paroissiale Enoria<\/a><\/li>\n<li><a href=\"#mariage\">inscription pour un mariage<\/a><\/li>\n<li><a href=\"#certif-bapt\">demande de certificat de bapt\u00eame<\/a><\/li>\n<li><a href=\"#extrait-bapt-mariage\">demande d&#8217;extrait de bapt\u00eame pour mariage<\/a><\/li>\n<li><a href=\"#messe\">demande d&#8217;une offrande de messe<\/a><\/li>\n<\/ul>\n<div id=\"message\">\n<h3>&#8211;<\/h3>\n<h3>Envoyer un message :<\/h3>\n<\/div>\n<p style=\"text-align: justify;\">Pour toute demande, vous pouvez envoyer un courriel \u00e0 l&#8217;adresse : <a href=\"https:\/\/i0.wp.com\/saintlouisenthelle.org\/accueil\/wp-content\/uploads\/2020\/05\/contact.jpg?ssl=1\" data-rel=\"penci-gallery-image-content\" ><img data-recalc-dims=\"1\" decoding=\"async\" class=\"alignright wp-image-8530 size-full\" src=\"https:\/\/i0.wp.com\/saintlouisenthelle.org\/accueil\/wp-content\/uploads\/2020\/05\/contact.jpg?resize=200%2C121&#038;ssl=1\" alt=\"\" width=\"200\" height=\"121\" \/><\/a><a href=\"mailto:paroisse.saint.louis.thelle@gmail.com\">paroisse.saint.louis.thelle@gmail.com<\/a><br \/>\nou vous renseigner aupr\u00e8s de l&#8217;<a href=\"https:\/\/saintlouisenthelle.org\/accueil\/nous-contacter\/accueil\/\">Accueil paroissial<\/a><\/p>\n<div id=\"en-savoir-plus\">\n<h3>&#8211;<\/h3>\n<h3><strong>Vous voulez en savoir plus sur\u2026<\/strong><\/h3>\n<\/div>\n<p>Avant de venir nous rencontrer, vous pouvez avoir un aper\u00e7u sur les sujets suivants, en consultant notre site :<\/p>\n<ul>\n<li>vous voulez <strong><a href=\"https:\/\/saintlouisenthelle.org\/accueil\/mission\/parcours-alpha\/\">d\u00e9couvrir la foi chr\u00e9tienne<\/a><\/strong>, ou la red\u00e9couvrir ?<\/li>\n<li>vous voulez inscrire <strong>votre enfant<\/strong> <a href=\"https:\/\/saintlouisenthelle.org\/accueil\/jeunes\/eveil-a-la-foi\/\">\u00e0 <strong>l&#8217;\u00e9veil \u00e0 la foi<\/strong><\/a> (4 \u00e0 7 ans), <a href=\"https:\/\/saintlouisenthelle.org\/accueil\/jeunes\/catechisme\/\">au <strong>cat\u00e9chisme<\/strong><\/a> (CE1 \u00e0 CM2), ou <a href=\"https:\/\/saintlouisenthelle.org\/accueil\/jeunes\/aumonerie\/\">\u00e0 <strong>l&#8217;aum\u00f4nerie<\/strong><\/a> (coll\u00e9giens, lyc\u00e9ens), \u00e0 <a href=\"https:\/\/saintlouisenthelle.org\/accueil\/jeunes\/zileos\/\">Zil\u00e9os<\/a> (3<sup>e<\/sup> et lyc\u00e9ens) ?<\/li>\n<li>vous souhaitez rejoindre une <a href=\"https:\/\/saintlouisenthelle.org\/accueil\/mission-formation\/newpastoral\/\">\u00e9quipe NewPastoral<\/a>, ou la <a href=\"https:\/\/saintlouisenthelle.org\/accueil\/mission-formation\/fraternite-missionnaire-st-jean-baptiste\/\">fraternit\u00e9 missionnaire<\/a> ?<\/li>\n<li>vous \u00eates un(e) adulte, et vous voulez <a href=\"https:\/\/saintlouisenthelle.org\/accueil\/sacrements\/bapteme-des-adultes\/\"><strong>devenir chr\u00e9tien(ne)<\/strong> en demandant <strong>le bapt\u00eame<\/strong><\/a>, ou vous pr\u00e9parer pour recevoir <a href=\"https:\/\/saintlouisenthelle.org\/accueil\/sacrements\/confirmation\/\">la <strong>confirmation<\/strong><\/a> ou <a href=\"https:\/\/saintlouisenthelle.org\/accueil\/sacrements\/premiere-communion\/\"><strong>l&#8217;eucharistie<\/strong> (premi\u00e8re communion)<\/a><\/li>\n<li>vous <a href=\"https:\/\/saintlouisenthelle.org\/accueil\/sacrements\/bapteme\/\">pr\u00e9sentez un enfant au <strong>bapt\u00eame<\/strong><\/a> : comment cela se passe-t-il ?<\/li>\n<li>vous envisagez de <strong><a href=\"https:\/\/saintlouisenthelle.org\/accueil\/sacrements\/mariage\/\">vous marier<\/a><\/strong> : quelles d\u00e9marches effectuer ?<\/li>\n<li>vous souhaitez en savoir plus ou rejoindre le <a href=\"https:\/\/saintlouisenthelle.org\/accueil\/mission-formation\/parcours-alpha\/\">Parcours Alpha<\/a> dans la paroisse ?<\/li>\n<li>vous voulez demander un <strong><a href=\"#certif-bapt\">certificat de bapt\u00eame<\/a><\/strong> pour vous ou votre enfant ?<\/li>\n<li>vous voulez <strong>faire c\u00e9l\u00e9brer une messe<\/strong> pour un d\u00e9funt ou pour une intention particuli\u00e8re : <strong><a href=\"#messe\">offrande de messe<\/a><\/strong><\/li>\n<li>vous souhaitez organiser les <strong><a href=\"https:\/\/saintlouisenthelle.org\/accueil\/sacrements\/funerailles\/\">fun\u00e9railles<\/a><\/strong> d&#8217;une personne d\u00e9funte de votre famille ?<\/li>\n<li>vous avez <a href=\"https:\/\/saintlouisenthelle.org\/accueil\/nous-contacter\/accueil\/\">une autre question<\/a> : venez en parler !<\/li>\n<\/ul>\n<div id=\"bdd\">\n<h3>&#8211;<\/h3>\n<h2>Rejoignez la communaut\u00e9 paroissiale sur OClocher : <em>Chambly Pays de Thelle<\/em><\/h2>\n<p><a href=\"https:\/\/www.oclocher.fr\/app\" target=\"_blank\" rel=\"noopener\"><img decoding=\"async\" class=\"alignright wp-image-14424 size-thumbnail\" src=\"https:\/\/i0.wp.com\/saintlouisenthelle.org\/accueil\/wp-content\/uploads\/2025\/12\/OClocher-logo-nom-arrondi.png?resize=150%2C150&amp;ssl=1\" sizes=\"(max-width: 150px) 100vw, 150px\" srcset=\"https:\/\/i0.wp.com\/saintlouisenthelle.org\/accueil\/wp-content\/uploads\/2025\/12\/OClocher-logo-nom-arrondi.png?resize=150%2C150&amp;ssl=1 150w, https:\/\/i0.wp.com\/saintlouisenthelle.org\/accueil\/wp-content\/uploads\/2025\/12\/OClocher-logo-nom-arrondi.png?resize=300%2C300&amp;ssl=1 300w, https:\/\/i0.wp.com\/saintlouisenthelle.org\/accueil\/wp-content\/uploads\/2025\/12\/OClocher-logo-nom-arrondi.png?w=540&amp;ssl=1 540w\" alt=\"\" width=\"150\" height=\"150\" data-recalc-dims=\"1\" \/><\/a>Notre paroisse se dote d\u2019un nouvel outil de communication : l\u2019<strong>application OClocher<\/strong> (nov. 2025). Une appli paroissiale pour plus de liens, de fraternit\u00e9 et d\u2019informations sur votre t\u00e9l\u00e9phone !<\/p>\n<p>Depuis votre <strong>t\u00e9l\u00e9phone<\/strong> ou votre <strong>ordinateur<\/strong>, vous pouvez <strong>installer l\u2019application O\u2019Clocher <\/strong>sur votre <strong>smartphone<\/strong>, ou sur votre <strong>ordinateur :<\/strong> <a href=\"https:\/\/www.oclocher.fr\/app\" target=\"_blank\" rel=\"noopener\"><strong><mark class=\"has-inline-color has-vivid-red-color\">https:\/\/www.oclocher.fr\/app<\/mark><\/strong><\/a><br \/>\npuis choisir la paroisse : <a href=\"https:\/\/links.oclocher.app\/TYJdmGZea87rAYNinWcx\" target=\"_blank\" rel=\"noopener\"><mark class=\"has-inline-color has-vivid-red-color\"><strong>Chambly Pays de Thelle<\/strong><\/mark><\/a><\/p>\n<h3>&#8211;<\/h3>\n<h3>Inscription dans la base de donn\u00e9es paroissiale ENORIA<\/h3>\n<\/div>\n<p style=\"text-align: justify;\"><strong><a href=\"https:\/\/w.enoria.link\/pays-de-thelle\" target=\"_blank\" rel=\"noopener\"><img data-recalc-dims=\"1\" decoding=\"async\" class=\"aligncenter wp-image-11768 size-medium\" src=\"https:\/\/i0.wp.com\/saintlouisenthelle.org\/accueil\/wp-content\/uploads\/2022\/09\/Enoria_logo_fond-blanc_RVB.png?resize=300%2C115&#038;ssl=1\" alt=\"\" width=\"300\" height=\"115\" srcset=\"https:\/\/i0.wp.com\/saintlouisenthelle.org\/accueil\/wp-content\/uploads\/2022\/09\/Enoria_logo_fond-blanc_RVB.png?resize=300%2C115&amp;ssl=1 300w, https:\/\/i0.wp.com\/saintlouisenthelle.org\/accueil\/wp-content\/uploads\/2022\/09\/Enoria_logo_fond-blanc_RVB.png?resize=1024%2C393&amp;ssl=1 1024w, https:\/\/i0.wp.com\/saintlouisenthelle.org\/accueil\/wp-content\/uploads\/2022\/09\/Enoria_logo_fond-blanc_RVB.png?resize=768%2C295&amp;ssl=1 768w, https:\/\/i0.wp.com\/saintlouisenthelle.org\/accueil\/wp-content\/uploads\/2022\/09\/Enoria_logo_fond-blanc_RVB.png?resize=1536%2C590&amp;ssl=1 1536w, https:\/\/i0.wp.com\/saintlouisenthelle.org\/accueil\/wp-content\/uploads\/2022\/09\/Enoria_logo_fond-blanc_RVB.png?resize=2048%2C786&amp;ssl=1 2048w, https:\/\/i0.wp.com\/saintlouisenthelle.org\/accueil\/wp-content\/uploads\/2022\/09\/Enoria_logo_fond-blanc_RVB.png?resize=1320%2C507&amp;ssl=1 1320w\" sizes=\"(max-width: 300px) 100vw, 300px\" \/><\/a>ENORIA<\/strong> est l\u2019outil informatique (CRM) que nous d\u00e9ployons dans la paroisse (et le <a href=\"https:\/\/oise.catholique.fr\/\" target=\"_blank\" rel=\"noopener\">dioc\u00e8se de Beauvais<\/a>) pour g\u00e9rer les activit\u00e9s pastorales, depuis sept. 2021.<\/p>\n<p style=\"text-align: justify;\">Gr\u00e2ce \u00e0 Enoria, vous pouvez vous inscrire \u00e0 des <em><strong>activit\u00e9s<\/strong><\/em> ou <em><strong>\u00e9v\u00e9nements paroissiaux<\/strong><\/em>, et permettez \u00e0 la paroisse d\u2019avoir des informations \u00e0 jour vous concernant. Vous avez acc\u00e8s et le contr\u00f4le des informations vous concernant, dans le respect du <a href=\"https:\/\/www.economie.gouv.fr\/entreprises\/reglement-general-sur-protection-des-donnees-rgpd\" target=\"_blank\" rel=\"noopener\">r\u00e8glement g\u00e9n\u00e9ral sur la protection des donn\u00e9es (RGPD)<\/a>.<\/p>\n<p style=\"text-align: justify;\">Pour cela, il vous suffit de cliquer sur le lien ci-dessous et de compl\u00e9ter le formulaire. Vous pourrez indiquer ce que vous recherchez, et si vous souhaitez recevoir les annonces paroissiales chaque semaine :<\/p>\n<ul>\n<li><a href=\"https:\/\/public.enoria.app\/pubinsc\/gp\/31f4f34fedea29f\/open\" target=\"_blank\" rel=\"noopener\">Inscription dans la base de donn\u00e9es paroissiale<\/a> : <a href=\"https:\/\/w.enoria.link\/pays-de-thelle\" target=\"_blank\" rel=\"noopener\">https:\/\/w.enoria.link\/pays-de-thelle<\/a><\/li>\n<\/ul>\n<div class=\"page\" title=\"Page 1\"><\/div>\n<div id=\"mariage\">\n<h3>&#8211;<\/h3>\n<h3><strong>I<\/strong><strong>nscription pour un mariage en 2027 :<\/strong><\/h3>\n<\/div>\n<p style=\"text-align: justify;\">Aucune demande n\u2019est prise par t\u00e9l\u00e9phone ou par email. Vous pouvez faire une <a href=\"https:\/\/saintlouisenthelle.org\/accueil\/sacrements\/mariage\/\">pr\u00e9-inscription en ligne<\/a> avant de venir nous rencontrer.<\/p>\n<p style=\"text-align: justify;\">Pour <strong>les mariages en 2027<\/strong>, les demandes sont prises en compte jusqu\u2019au <em><strong>1<sup>er<\/sup> novembre 2026<\/strong><\/em>.<br \/>\nAu-del\u00e0 de cette date (1<sup>er<\/sup> novembre), les demandes seront prises pour des mariages <strong>en 2028<\/strong>.<\/p>\n<p style=\"text-align: justify;\">Une fois la <a href=\"https:\/\/saintlouisenthelle.org\/accueil\/sacrements\/mariage\/\">pr\u00e9-inscription<\/a> effectu\u00e9e, merci de <strong>venir en couple<\/strong>\u00a0(tous les deux)\u00a0lors d\u2019une <em><strong><a href=\"https:\/\/saintlouisenthelle.org\/accueil\/nous-contacter\/accueil\/\">permanence de l\u2019Accueil paroissial<\/a><\/strong><\/em> pour faire la demande\u00a0: les demandes sont prises <strong>en fonction des disponibilit\u00e9s<\/strong> des pr\u00eatres et des \u00e9glises de la paroisse, qui sont limit\u00e9es.<br \/>\nLa pr\u00e9paration commence plusieurs mois avant la date du mariage, \u00e0 compter de novembre\/d\u00e9cembre.<br \/>\nRetrouvez <a href=\"https:\/\/saintlouisenthelle.org\/accueil\/sacrements\/mariage\/\">ici les informations sur la pr\u00e9paration au mariage<\/a> dans la paroisse.<\/p>\n<div id=\"certif-bapt\">\n<h3>&#8211;<\/h3>\n<h3>Demande de certificat de bapt\u00eame :<\/h3>\n<\/div>\n<p style=\"text-align: justify;\">Pour les demandes de <strong>certificat de bapt\u00eame<\/strong> ou autres actes de catholicit\u00e9 (en vue de l\u2019inscription au cat\u00e9chisme ou dans une \u00e9cole catholique, en vue d\u2019\u00eatre parrain ou marraine, etc.), veuillez fournir\u00a0les informations suivantes\u00a0:<br \/>\n\u2013 le <strong>motif de la demande<\/strong><br \/>\n\u2013 l&#8217;<strong>\u00e9tat-civil<\/strong> de la personne concern\u00e9e\u00a0: pr\u00e9nom et nom de naissance, date et lieu de naissance, pr\u00e9nom et nom du p\u00e8re et de la m\u00e8re (nom de jeune fille)<br \/>\n\u2013 la\u00a0<strong>date<\/strong>\u00a0(m\u00eame approximative) et le <strong>lieu du bapt\u00eame<\/strong> (indiquez <a href=\"https:\/\/saintlouisenthelle.org\/accueil\/la-paroisse\/eglises\/\"><em><strong>l&#8217;\u00e9glise exacte<\/strong><\/em><\/a>\u00a0SVP : la paroisse du Pays de Thelle compte <a href=\"https:\/\/saintlouisenthelle.org\/accueil\/la-paroisse\/eglises\/\">14 clochers<\/a>).<\/p>\n<div class=\"page\" style=\"text-align: justify;\" title=\"Page 10\">\n<div class=\"layoutArea\">\n<div class=\"column\">\n<p>Les demandes doivent \u00eatre faites <em><strong>par la personne int\u00e9ress\u00e9e<\/strong><\/em> (pour une personne majeure), ou <em><strong>par les parents ou repr\u00e9sentants l\u00e9gaux<\/strong><\/em> pour une personne mineure. Il n\u2019est pas possible de r\u00e9pondre favorablement \u00e0 une demande de transmission d\u2019un extrait d\u2019acte pour quelqu\u2019un.<\/p>\n<p>Les demandes de certificat de bapt\u00eame en vue d&#8217;un mariage ne sont pas envoy\u00e9es aux fianc\u00e9s (cf. explications ci-dessous).<\/p>\n<\/div>\n<\/div>\n<\/div>\n<p style=\"text-align: justify;\">Pour obtenir un certificat de bapt\u00eame, merci de venir lors d\u2019une <a href=\"https:\/\/saintlouisenthelle.org\/accueil\/nous-contacter\/accueil\/\"><em><strong>permanence de l\u2019Accueil paroissial<\/strong><\/em><\/a>,<br \/>\nou bien la paroisse peut vous l&#8217;envoyer \u00a0:<\/p>\n<ol>\n<li style=\"list-style-type: none;\">\n<ol>\n<li style=\"list-style-type: none;\">\n<ul>\n<li style=\"text-align: justify;\"><strong>par e-mail<\/strong>, si la demande a \u00e9t\u00e9 faite par mail<\/li>\n<li style=\"text-align: justify;\"><strong>par courrier postal, sous r\u00e9serve que la demande soit accompagn\u00e9e d&#8217;une <u>enveloppe timbr\u00e9e \u00e0 votre adresse pour la r\u00e9ponse<\/u><\/strong> (vous pouvez utiliser ce <a href=\"https:\/\/saintlouisenthelle.org\/accueil\/wp-content\/uploads\/2022\/02\/Demande-extrait-bapteme-B14.pdf\" target=\"_blank\" rel=\"noopener\">formulaire de demande<\/a>\u00a0&#8211; par courrier uniquement)<strong><u><br \/>\n<\/u><\/strong><\/li>\n<\/ul>\n<\/li>\n<\/ol>\n<\/li>\n<\/ol>\n<p style=\"text-align: justify;\">Pour les autres cas, ou en l&#8217;absence d&#8217;enveloppe-retour, l&#8217;extrait de bapt\u00eame sera tenu \u00e0 votre disposition <strong>\u00e0 la Maison paroissiale de Chambly.<\/strong><\/p>\n<h3>\u21d2 \u00e0 noter : vous pouvez faire une demande en ligne aupr\u00e8s de l&#8217;\u00e9v\u00each\u00e9 de Beauvais :<\/h3>\n<h4 style=\"text-align: center;\"><a href=\"https:\/\/form.jotform.com\/240953372110044\" target=\"_blank\" rel=\"noopener\">\u2192 demander en ligne un certificat de bapt\u00eame aupr\u00e8s de l&#8217;\u00e9v\u00each\u00e9 de Beauvais \u2190<\/a><\/h4>\n<div id=\"extrait-bapt-mariage\">\n<h3>&#8211;<\/h3>\n<h3>Demande d\u2019extrait de bapt\u00eame pour mariage :<\/h3>\n<\/div>\n<p style=\"text-align: justify;\">La demande doit \u00eatre faite<strong><em>\u00a0par le pr\u00eatre assurant la pr\u00e9paration du mariage<\/em><\/strong>, par courrier postal. L\u2019extrait de bapt\u00eame pour mariage lui sera adress\u00e9 directement. Aucun extrait de bapt\u00eame pour mariage ne sera donn\u00e9 aux fianc\u00e9s (r\u00e8gle canonique commune \u00e0 l&#8217;\u00c9glise de France).<\/p>\n<p style=\"text-align: justify;\">Pour cela, veuillez fournir le plus pr\u00e9cis\u00e9ment possible \u00e0 la paroisse assurant la pr\u00e9paration du mariage <strong>les informations concernant votre bapt\u00eame<\/strong> : <strong>lieu du bapt\u00eame<\/strong> (\u00e9glise et commune), et <strong>la date<\/strong> (ou l&#8217;ann\u00e9e), avec votre \u00e9tat-civil complet.<\/p>\n<div id=\"messe\">\n<h3>&#8211;<\/h3>\n<h3>Demande d\u2019une offrande de messe :<\/h3>\n<\/div>\n<p>Plusieurs mani\u00e8res de demander une offrande de messe :<\/p>\n<ul>\n<li style=\"text-align: justify;\">vous pouvez passer \u00e0 l\u2019<a href=\"https:\/\/saintlouisenthelle.org\/accueil\/la-paroisse\/accueil\/\"><strong>Accueil paroissial<\/strong><\/a>\u00a0pour faire la demande d\u2019offrande de messe<\/li>\n<\/ul>\n<ul>\n<li style=\"text-align: justify;\">vous pouvez faire une demande en ligne directement gr\u00e2ce \u00e0 Enoria.<br \/>\nLe don se fait par carte bancaire (formulaire s\u00e9curis\u00e9).<br \/>\nRemplissez la fen\u00eatre ci-dessous, ou cliquez sur ce lien :<br \/>\n<a href=\"https:\/\/public.enoria.app\/pubinsc\/intention\/5588ae83cbe40d0\/258\" target=\"_blank\" rel=\"noopener\">https:\/\/public.enoria.app\/pubinsc\/intention\/5588ae83cbe40d0\/258<\/a><\/li>\n<\/ul>\n<p><iframe src=\"https:\/\/public.enoria.app\/pubinsc\/intention\/5588ae83cbe40d0\/258\" width=\"800\" height=\"500\"><\/iframe><\/p>\n","protected":false},"excerpt":{"rendered":"<p>envoyer un message en savoir plus sur\u2026 inscription dans la base de donn\u00e9es paroissiale Enoria inscription pour un mariage demande de certificat de bapt\u00eame demande d&#8217;extrait de bapt\u00eame pour mariage&hellip;<\/p>\n","protected":false},"author":4,"featured_media":0,"parent":17,"menu_order":1,"comment_status":"closed","ping_status":"closed","template":"","meta":{"_lmt_disableupdate":"no","_lmt_disable":"","footnotes":""},"class_list":["post-540","page","type-page","status-publish","hentry"],"jetpack_shortlink":"https:\/\/wp.me\/P7Mpl1-8I","jetpack_sharing_enabled":true,"_links":{"self":[{"href":"https:\/\/saintlouisenthelle.org\/accueil\/wp-json\/wp\/v2\/pages\/540","targetHints":{"allow":["GET"]}}],"collection":[{"href":"https:\/\/saintlouisenthelle.org\/accueil\/wp-json\/wp\/v2\/pages"}],"about":[{"href":"https:\/\/saintlouisenthelle.org\/accueil\/wp-json\/wp\/v2\/types\/page"}],"author":[{"embeddable":true,"href":"https:\/\/saintlouisenthelle.org\/accueil\/wp-json\/wp\/v2\/users\/4"}],"replies":[{"embeddable":true,"href":"https:\/\/saintlouisenthelle.org\/accueil\/wp-json\/wp\/v2\/comments?post=540"}],"version-history":[{"count":98,"href":"https:\/\/saintlouisenthelle.org\/accueil\/wp-json\/wp\/v2\/pages\/540\/revisions"}],"predecessor-version":[{"id":14469,"href":"https:\/\/saintlouisenthelle.org\/accueil\/wp-json\/wp\/v2\/pages\/540\/revisions\/14469"}],"up":[{"embeddable":true,"href":"https:\/\/saintlouisenthelle.org\/accueil\/wp-json\/wp\/v2\/pages\/17"}],"wp:attachment":[{"href":"https:\/\/saintlouisenthelle.org\/accueil\/wp-json\/wp\/v2\/media?parent=540"}],"curies":[{"name":"wp","href":"https:\/\/api.w.org\/{rel}","templated":true}]}}