{"id":5219,"date":"2016-09-11T12:00:01","date_gmt":"2016-09-11T10:00:01","guid":{"rendered":"http:\/\/saintlouisenthelle.org\/accueil\/?page_id=5219"},"modified":"2025-01-07T18:50:49","modified_gmt":"2025-01-07T17:50:49","slug":"mentions","status":"publish","type":"page","link":"https:\/\/saintlouisenthelle.org\/accueil\/la-paroisse\/mentions\/","title":{"rendered":"Mentions l\u00e9gales"},"content":{"rendered":"<h2>Mentions l\u00e9gales et politique de confidentialit\u00e9<\/h2>\n<h3>Qui sommes-nous ?<\/h3>\n<p style=\"text-align: justify;\">Nous sommes la <strong>paroisse catholique\u00a0du Pays de Thelle<\/strong>, plac\u00e9e sous le patronage de <a href=\"https:\/\/nominis.cef.fr\/contenus\/saint\/1735\/Saint-Louis.html\" target=\"_blank\" rel=\"noopener noreferrer\"><strong>saint Louis<\/strong><\/a>.<br \/>\nLa paroisse comprend <a href=\"https:\/\/saintlouisenthelle.org\/accueil\/la-paroisse\/eglises\/\">14 \u00e9glises dans le secteur de Chambly, Bornel, Neuilly-en-Thelle<\/a> dans le d\u00e9partement de l&#8217;<strong>Oise<\/strong>\u00a0: Anserville,\u00a0Belle-\u00c9glise,\u00a0Bornel, Chambly,\u00a0Crouy-en-Thelle,\u00a0Dieudonn\u00e9,\u00a0Ercuis,\u00a0Esches,\u00a0Fosseuse,\u00a0Fresnoy-en-Thelle,\u00a0Le Mesnil-en-Thelle,\u00a0Morangles,\u00a0Neuilly-en-Thelle,\u00a0Puiseux-le-Hauberger.<\/p>\n<p style=\"text-align: justify;\">Nous faisons partie de <strong>l&#8217;\u00c9glise catholique dans l&#8217;Oise<\/strong>, le\u00a0<strong><a href=\"https:\/\/oise.catholique.fr\" target=\"_blank\" rel=\"noopener noreferrer\">dioc\u00e8se de Beauvais<\/a><\/strong>, dont l&#8217;\u00e9v\u00eaque est <a href=\"https:\/\/oise.catholique.fr\/eveque-et-ses-collaborateurs\/notre-eveque-et-ses-conseillers\" target=\"_blank\" rel=\"noopener noreferrer\">Mgr Jacques Benoit-Gonnin<\/a>.<\/p>\n<p>L\u2019adresse de notre site Web est\u00a0: <a href=\"https:\/\/saintlouisenthelle.org\">https:\/\/saintlouisenthelle.org<\/a><\/p>\n<h3>Propri\u00e9taire du site<\/h3>\n<p style=\"padding-left: 30px;\"><strong>Paroisse Saint Louis du Pays de Thelle<\/strong><br \/>\n87 Avenue de Verdun<br \/>\n60230 CHAMBLY<br \/>\nT\u00e9l. 09 54 98 31 60<br \/>\n<a href=\"mailto:paroisse.saint.louis.thelle@gmail.com\">paroisse.saint.louis.thelle@gmail.com<\/a><\/p>\n<h3>H\u00e9bergement<\/h3>\n<p style=\"padding-left: 30px;\"><strong>OVH<br \/>\n<\/strong>2 rue Kellermann<br \/>\n59100 Roubaix<br \/>\nFrance<br \/>\n<a href=\"https:\/\/www.ovh.com\" target=\"_blank\" rel=\"noopener noreferrer\">www.ovh.com<\/a><\/p>\n<h3>Contenu embarqu\u00e9 depuis d\u2019autres sites<\/h3>\n<p style=\"text-align: justify;\">Les articles de ce site peuvent inclure des contenus int\u00e9gr\u00e9s (par exemple des vid\u00e9os, images, articles\u2026) Le contenu int\u00e9gr\u00e9 depuis d\u2019autres sites se comporte de la m\u00eame mani\u00e8re que si le visiteur se rendait sur cet autre site.<\/p>\n<p style=\"text-align: justify;\">Ces sites web pourraient collecter des donn\u00e9es sur vous, utiliser des cookies, embarquer des outils de suivis tiers, suivre vos interactions avec ces contenus embarqu\u00e9s si vous disposez d\u2019un compte connect\u00e9 sur leur site web.<\/p>\n<p style=\"text-align: justify;\">Les intentions de pri\u00e8re sont un contenu int\u00e9gr\u00e9 (sur toutes les pages du site), g\u00e9r\u00e9es par le site <a href=\"https:\/\/hozana.org\" target=\"_blank\" rel=\"noopener\">hozana.org<\/a>, r\u00e9seau social de pri\u00e8re.<\/p>\n<h3>Enoria, E-mails et newsletter MailPoet<\/h3>\n<p style=\"text-align: justify;\">Gr\u00e2ce au CRM <strong>Enoria<\/strong>, nous collectons des informations concernant les paroissiens, notamment pour les demandes de sacrements, \u00a0inscriptions \u00e0 des activit\u00e9s ou \u00e9v\u00e9nements paroissiaux, etc. Vous avez acc\u00e8s et le contr\u00f4le des informations vous concernant, dans le respect du <a href=\"https:\/\/www.economie.gouv.fr\/entreprises\/reglement-general-sur-protection-des-donnees-rgpd\" target=\"_blank\" rel=\"noopener\">r\u00e8glement g\u00e9n\u00e9ral sur la protection des donn\u00e9es (RGPD)<\/a> :<\/p>\n<p style=\"text-align: justify; padding-left: 40px;\"><em>Vos donn\u00e9es personnelles recueillies l\u00e9gitimement font l\u2019objet d\u2019un traitement informatique uniquement par nos services dans le cadre de votre demande faite aupr\u00e8s de votre paroisse ou du dioc\u00e8se de Beauvais. Conform\u00e9ment au R\u00e8glement G\u00e9n\u00e9ral pour la Protection des Donn\u00e9es du 18 mai 2018, vous b\u00e9n\u00e9ficiez d\u2019un droit de consultation, modification et suppression sur vos informations personnelles. Pour en savoir plus sur les modalit\u00e9s du traitement et vos droits, consulter la page <a href=\"https:\/\/oise.catholique.fr\/donnees-personnelles\" target=\"_blank\" rel=\"noopener\">https:\/\/oise.catholique.fr\/donnees-personnelles<\/a> du site internet du dioc\u00e8se. Pour toute demande, vous pouvez contacter le dioc\u00e8se de Beauvais : <a href=\"mailto:dpo@oise-catholique.fr\">dpo@oise-catholique.fr<\/a><\/em><\/p>\n<p style=\"text-align: justify;\">Si vous \u00eates abonn\u00e9(e) \u00e0 notre newsletter, nous vous enverrons uniquement des e-mails que vous avez accept\u00e9 de recevoir.<\/p>\n<p style=\"text-align: justify;\">Pour vous envoyer des e-mails, nous utilisons le nom et l\u2019adresse e-mail que vous nous avez fourni. Notre site stocke aussi l\u2019adresse IP que vous avez utilis\u00e9 lorsque vous avez sign\u00e9 pour le service pour emp\u00eacher un abus du syst\u00e8me.<\/p>\n<p style=\"text-align: justify;\">Ce site peut envoyer des e-mails via le <a href=\"https:\/\/www.mailpoet.com\/privacy-notice\/\" target=\"_blank\" rel=\"noopener noreferrer\">service d\u2019envoi MailPoet<\/a>. Ce service nous permet de suivre les clics et les ouvertures de nos e-mails. Nous utilisons cette information pour am\u00e9liorer le contenu de nos newsletters.<\/p>\n<p style=\"text-align: justify;\">Aucune information identifiable n\u2019est autrement retrac\u00e9e en dehors de ce site \u00e0 l\u2019exception de l\u2019adresse e-mail.<\/p>\n<h3>Traitement automatis\u00e9 d\u2019informations nominatives<\/h3>\n<p style=\"text-align: justify;\">Ce site ne collecte sur les visiteurs du site aucune autre information nominative ou personnelle que celles qui lui sont ouvertement et volontairement fournies, en particulier par l\u2019interm\u00e9diaire de la page de contact du site Internet, des adresses \u00e9lectroniques de ses correspondants, de l&#8217;inscription \u00e0 la newsletter &#8220;Lettre de nouvelles&#8221; et du partage d&#8217;intentions de pri\u00e8re (<a href=\"https:\/\/hozana.org\/\" target=\"_blank\" rel=\"noopener\">Hozana<\/a>).<\/p>\n<p style=\"text-align: justify;\">Conform\u00e9ment au R\u00e8glement g\u00e9n\u00e9ral sur la protection des donn\u00e9es (RGPD), vous disposez d\u2019un droit d\u2019acc\u00e8s, de\u00a0rectification, d\u2019effacement, d\u2019opposition et de limitation de vos donn\u00e9es personnelles. Pour les exercer, adressez-vous \u00e0 notre paroisse. Les donn\u00e9es collect\u00e9es le sont \u00e0 seule fin de r\u00e9pondre aux demandes des utilisateurs du site web.\u00a0Les seules personnes qui aient acc\u00e8s \u00e0 ces donn\u00e9es sont le webmaster, le secr\u00e9tariat, les diacres et pr\u00eatres de la paroisse.<\/p>\n<p>Consultez le site\u00a0<a href=\"https:\/\/www.cnil.fr\" target=\"_blank\" rel=\"noopener noreferrer\">cnil.fr<\/a> pour plus d\u2019informations sur vos droits.<\/p>\n<p style=\"text-align: justify;\">Pour exercer ces droits ou pour toute question sur le traitement de vos donn\u00e9es dans ce dispositif, vous pouvez contacter la paroisse : Paroisse Saint Louis du Pays de Thelle &#8211; 87\u00a0Avenue de Verdun 60230 Chambly &#8211; T\u00e9l. 09 54 98 31 60 &#8211; <a href=\"mailto:paroisse.saint.louis.thelle@gmail.com\">paroisse.saint.louis.thelle@gmail.com<\/a><\/p>\n<p>&nbsp;<\/p>\n","protected":false},"excerpt":{"rendered":"<p>Mentions l\u00e9gales et politique de confidentialit\u00e9 Qui sommes-nous ? Nous sommes la paroisse catholique\u00a0du Pays de Thelle, plac\u00e9e sous le patronage de saint Louis. La paroisse comprend 14 \u00e9glises dans&hellip;<\/p>\n","protected":false},"author":4,"featured_media":0,"parent":17,"menu_order":13,"comment_status":"closed","ping_status":"closed","template":"","meta":{"_lmt_disableupdate":"no","_lmt_disable":"","footnotes":""},"class_list":["post-5219","page","type-page","status-publish","hentry"],"jetpack_shortlink":"https:\/\/wp.me\/P7Mpl1-1mb","jetpack_sharing_enabled":true,"_links":{"self":[{"href":"https:\/\/saintlouisenthelle.org\/accueil\/wp-json\/wp\/v2\/pages\/5219","targetHints":{"allow":["GET"]}}],"collection":[{"href":"https:\/\/saintlouisenthelle.org\/accueil\/wp-json\/wp\/v2\/pages"}],"about":[{"href":"https:\/\/saintlouisenthelle.org\/accueil\/wp-json\/wp\/v2\/types\/page"}],"author":[{"embeddable":true,"href":"https:\/\/saintlouisenthelle.org\/accueil\/wp-json\/wp\/v2\/users\/4"}],"replies":[{"embeddable":true,"href":"https:\/\/saintlouisenthelle.org\/accueil\/wp-json\/wp\/v2\/comments?post=5219"}],"version-history":[{"count":31,"href":"https:\/\/saintlouisenthelle.org\/accueil\/wp-json\/wp\/v2\/pages\/5219\/revisions"}],"predecessor-version":[{"id":13799,"href":"https:\/\/saintlouisenthelle.org\/accueil\/wp-json\/wp\/v2\/pages\/5219\/revisions\/13799"}],"up":[{"embeddable":true,"href":"https:\/\/saintlouisenthelle.org\/accueil\/wp-json\/wp\/v2\/pages\/17"}],"wp:attachment":[{"href":"https:\/\/saintlouisenthelle.org\/accueil\/wp-json\/wp\/v2\/media?parent=5219"}],"curies":[{"name":"wp","href":"https:\/\/api.w.org\/{rel}","templated":true}]}}