{"id":4464,"date":"2015-10-02T12:00:04","date_gmt":"2015-10-02T10:00:04","guid":{"rendered":"http:\/\/saintlouisenthelle.org\/?page_id=4464"},"modified":"2025-10-21T22:07:15","modified_gmt":"2025-10-21T20:07:15","slug":"eveil-a-la-foi","status":"publish","type":"page","link":"https:\/\/saintlouisenthelle.org\/accueil\/jeunes\/eveil-a-la-foi\/","title":{"rendered":"\u00c9veil \u00e0 la Foi"},"content":{"rendered":"<p><!---\n\n\n<h3 style=\"text-align: center;\"><span style=\"font-size: 16pt;\">Les rencontres pour l'ann\u00e9e 2016-2017<\/span><\/h3>\n\n\n---><\/p>\n<p style=\"text-align: justify;\"><strong><img data-recalc-dims=\"1\" fetchpriority=\"high\" decoding=\"async\" class=\"alignright size-medium wp-image-13349\" src=\"https:\/\/i0.wp.com\/saintlouisenthelle.org\/accueil\/wp-content\/uploads\/2024\/09\/Eveil-a-la-foi.png?resize=300%2C201&#038;ssl=1\" alt=\"\" width=\"300\" height=\"201\" srcset=\"https:\/\/i0.wp.com\/saintlouisenthelle.org\/accueil\/wp-content\/uploads\/2024\/09\/Eveil-a-la-foi.png?resize=300%2C201&amp;ssl=1 300w, https:\/\/i0.wp.com\/saintlouisenthelle.org\/accueil\/wp-content\/uploads\/2024\/09\/Eveil-a-la-foi.png?resize=263%2C175&amp;ssl=1 263w, https:\/\/i0.wp.com\/saintlouisenthelle.org\/accueil\/wp-content\/uploads\/2024\/09\/Eveil-a-la-foi.png?w=359&amp;ssl=1 359w\" sizes=\"(max-width: 300px) 100vw, 300px\" \/>L&#8217;\u00c9veil \u00e0 la foi<\/strong> s&#8217;adresse aux <strong>enfants de 4 \u00e0 6 ans<\/strong> (en classe de <strong>Moyenne section<\/strong>, <strong>Grande section<\/strong> et <strong>CP<\/strong>), et \u00e0 leurs familles. C&#8217;est une premi\u00e8re approche de la foi, pour soutenir les parents dans la d\u00e9couverte de la foi chr\u00e9tienne pour leurs enfants. Ils sont d\u00e9j\u00e0 capables de rencontrer J\u00e9sus et de d\u00e9couvrir qu&#8217;ils sont aim\u00e9s de Dieu, personnellement.<\/p>\n<p>L&#8217;\u00e9veil \u00e0 la foi se poursuit avec le <strong><a href=\"https:\/\/saintlouisenthelle.org\/accueil\/jeunes\/catechisme\/\">Cat\u00e9chisme<\/a><\/strong> (\u00e0 partir de la classe de <strong>CE1<\/strong>).<\/p>\n<h2 style=\"text-align: justify;\">\u00c9veil \u00e0 la foi ann\u00e9e 2025-2026 :<\/h2>\n<h3><span style=\"color: #ff0000;\">R\u00e9union de rentr\u00e9e pour les parents<\/span> :<\/h3>\n<ul>\n<li>mardi <strong><span style=\"text-decoration: underline;\">7<\/span> octobre<\/strong> \u00e0 <strong>20h30<\/strong> \u00e0 l&#8217;<strong>\u00e9glise Saint-Denis de Bornel<\/strong><\/li>\n<\/ul>\n<div>\n<h3>Messe avec la b\u00e9n\u00e9diction des cartables : <b><br \/>\n<\/b><\/h3>\n<ul>\n<li>Dimanche <strong>7 septembre<\/strong> \u00e0 <strong>10h30<\/strong> \u00e0 l\u2019<strong>\u00e9glise de Chambly<\/strong>, avec <strong>b\u00e9n\u00e9diction des cartables<\/strong> au cours de la messe<\/li>\n<\/ul>\n<\/div>\n<h2>Messe des familles de rentr\u00e9e : <b><br \/>\n<\/b><\/h2>\n<ul>\n<li>Dimanche <strong>28 septembre<\/strong>\u00a0\u00e0 <strong>10h30<\/strong> \u00e0 l\u2019<strong>\u00e9glise de<\/strong> <strong>Chambly<\/strong><\/li>\n<\/ul>\n<div>\n<h2>Forum paroissial : <b><br \/>\n<\/b><\/h2>\n<ul>\n<li>Dimanche <strong>12 octobre<\/strong> \u00e0 l\u2019<strong>\u00e9glise de Chambly :\u00a0<\/strong>\n<ul>\n<li>\u00e0 partir de <strong>9h30<\/strong> : le <strong>Forum paroissial<\/strong><\/li>\n<li>\u00e0 <strong>10h30<\/strong> : la <strong>messe des familles<\/strong><\/li>\n<\/ul>\n<\/li>\n<\/ul>\n<\/div>\n<h3>Inscriptions :<\/h3>\n<ul>\n<li><span style=\"color: #ff0000;\"><strong>Inscription en ligne<\/strong><\/span>, avec le formulaire d&#8217;inscription correspondant au groupe souhait\u00e9 (cliquez sur le lien ci-dessous pour acc\u00e9der au formulaire d&#8217;inscription sur ENORIA)<b><br \/>\n<\/b><\/li>\n<\/ul>\n<div>\n<ul>\n<li><strong>Permanences d&#8217;inscription<\/strong> \u00e0 la <strong>Maison paroissiale de Chambly<\/strong> (87 Avenue de Verdun) : les <strong>samedis<\/strong> de <strong>septembre<\/strong>, de <strong>10h \u00e0 midi<\/strong><\/li>\n<\/ul>\n<div>\n<ul>\n<li><strong>Permanences d\u2019inscription<\/strong> \u00e0 la <strong>Maison paroissiale de Neuilly-en-Thelle<\/strong> (1 Chemin Jeanne d&#8217;Arc, face au cimeti\u00e8re route de Crouy) : les <strong>samedis<\/strong> de <strong>septembre<\/strong>, de <strong>10h<\/strong> \u00e0 <strong>11h30<\/strong><\/li>\n<\/ul>\n<p>&nbsp;<\/p>\n<\/div>\n<\/div>\n<h4>Inscription en ligne (ann\u00e9e scolaire 2025-2026) :<\/h4>\n<ul>\n<li style=\"text-align: justify;\"><a href=\"https:\/\/public.enoria.app\/pubinsc\/gp\/999daf8b7d605e2\/open\" target=\"_blank\" rel=\"noopener\"><strong>E\u0301veil a\u0300 la foi<\/strong> \u00e0 <strong>Chambly<\/strong><\/a>\u00a0(Maison paroissiale, 87 Avenue de Verdun)<br \/>\nle <strong>samedi<\/strong> de <strong>10h a\u0300 11h30<\/strong> avec <strong>Julien<\/strong>, tous les 15 jours (selon le planning fourni) : <a href=\"https:\/\/w.enoria.link\/eveil-chambly-julien\" target=\"_blank\" rel=\"noopener\">https:\/\/w.enoria.link\/eveil-chambly-julien<\/a><\/li>\n<li><a href=\"https:\/\/w.enoria.link\/eveil-bornel\" target=\"_blank\" rel=\"noopener\"><strong>E\u0301veil a\u0300 la foi<\/strong> \u00e0 <strong>Bornel<\/strong><\/a> (Maison paroissiale, 8 rue Carnot)<br \/>\nle <strong>samedi<\/strong> de <strong>15h a\u0300 17h30<\/strong> avec <strong>Blandine<\/strong>, une fois par mois (selon le planning fourni) : <a href=\"https:\/\/w.enoria.link\/eveil-bornel\" target=\"_blank\" rel=\"noopener\">https:\/\/w.enoria.link\/eveil-bornel<\/a><\/li>\n<\/ul>\n<p>&nbsp;<\/p>\n<p style=\"text-align: justify;\">\u21d2 l&#8217;\u00e9veil \u00e0 la foi se poursuit avec le <a href=\"https:\/\/saintlouisenthelle.org\/accueil\/jeunes\/catechisme\/\">Cat\u00e9chisme<\/a> (<strong>\u00e0 partir de la classe de CE1<\/strong>).<\/p>\n<h4><strong><em>Pour prendre contact :<br \/>\n<\/em><\/strong><\/h4>\n<ul>\n<li><strong>Julien BOUFFLET GUEYE<\/strong> &#8211; T\u00e9l. \u202d06 79 93 63 87\u202c &#8211; <a href=\"mailto:julien-boufflet@orange.fr\">julien-boufflet@orange.fr<\/a><\/li>\n<li><strong>Blandine CAMINCHER<\/strong> &#8211; T\u00e9l. 06 37 28 33 87\u00a0&#8211;\u00a0<a href=\"mailto:blandine.camincher@gmail.com\" target=\"_blank\" rel=\"noopener\">blandine.camincher@gmail.<wbr \/>com<\/a><\/li>\n<li><strong>Olivier CROISIC<\/strong> &#8211; T\u00e9l. \u202d06 27 00 62 52\u202c &#8211; <a href=\"mailto:croisic.olivier@gmail.com\">croisic.olivier@gmail.com<\/a><\/li>\n<li><strong>Pascaline MENDES DELIMAUGE<\/strong> &#8211; T\u00e9l. 06 58 59 58 42 &#8211; <a href=\"mailto:pascaline_mendesdelimauge@yahoo.fr\">pascaline_mendesdelimauge@yahoo.fr<\/a>\n<ul>\n<li style=\"list-style-type: none;\"><\/li>\n<\/ul>\n<\/li>\n<\/ul>\n<h3>Calendrier \u00c9veil \u00e0 la foi et Cat\u00e9chisme &#8211; Ann\u00e9e 2025-2026 :<\/h3>\n<iframe src=\"\/\/docs.google.com\/viewer?url=https%3A%2F%2Fsaintlouisenthelle.org%2Faccueil%2Fwp-content%2Fuploads%2F2025%2F09%2FCalendrier-KT-2025-2026.pdf&hl=fr&embedded=true\" class=\"gde-frame\" style=\"width:100%; height:500px; border: none;\" scrolling=\"no\"><\/iframe>\n<p class=\"gde-text\"><a href=\"https:\/\/saintlouisenthelle.org\/accueil\/wp-content\/uploads\/2025\/09\/Calendrier-KT-2025-2026.pdf\" class=\"gde-link\">T\u00e9l\u00e9charger (PDF, 499KB)<\/a><\/p>\n<p>&nbsp;<\/p>\n<p>&nbsp;<\/p>\n<p>&nbsp;<\/p>\n<ul>\n<li><span style=\"color: #ffffff;\"><a style=\"color: #ffffff;\" href=\"https:\/\/public.enoria.app\/pubinsc\/gp\/0e4bb08aeb4650b\/open\" target=\"_blank\" rel=\"noopener\"><strong>E\u0301veil a\u0300 la foi<\/strong> \u00e0 <strong>Neuilly-en-Thelle<\/strong><\/a> (1 Chemin Jeanne d&#8217;Arc)<\/span><br \/>\n<span style=\"color: #ffffff;\">le <strong>samedi\u00a0<\/strong>de <strong>11h a\u0300 12h<\/strong> avec <strong>Vincent<\/strong>, tous les 15 jours (selon le planning fourni) : <a style=\"color: #ffffff;\" href=\"https:\/\/w.enoria.link\/eveil-neuilly-vincent\" target=\"_blank\" rel=\"noopener\">https:\/\/w.enoria.link\/eveil-neuilly-vincent<\/a><\/span><\/li>\n<\/ul>\n","protected":false},"excerpt":{"rendered":"<p>L&#8217;\u00c9veil \u00e0 la foi s&#8217;adresse aux enfants de 4 \u00e0 6 ans (en classe de Moyenne section, Grande section et CP), et \u00e0 leurs familles. C&#8217;est une premi\u00e8re approche de&hellip;<\/p>\n","protected":false},"author":4,"featured_media":0,"parent":168,"menu_order":1,"comment_status":"closed","ping_status":"open","template":"","meta":{"_lmt_disableupdate":"no","_lmt_disable":"","footnotes":""},"class_list":["post-4464","page","type-page","status-publish","hentry"],"jetpack_shortlink":"https:\/\/wp.me\/P7Mpl1-1a0","jetpack_sharing_enabled":true,"_links":{"self":[{"href":"https:\/\/saintlouisenthelle.org\/accueil\/wp-json\/wp\/v2\/pages\/4464","targetHints":{"allow":["GET"]}}],"collection":[{"href":"https:\/\/saintlouisenthelle.org\/accueil\/wp-json\/wp\/v2\/pages"}],"about":[{"href":"https:\/\/saintlouisenthelle.org\/accueil\/wp-json\/wp\/v2\/types\/page"}],"author":[{"embeddable":true,"href":"https:\/\/saintlouisenthelle.org\/accueil\/wp-json\/wp\/v2\/users\/4"}],"replies":[{"embeddable":true,"href":"https:\/\/saintlouisenthelle.org\/accueil\/wp-json\/wp\/v2\/comments?post=4464"}],"version-history":[{"count":81,"href":"https:\/\/saintlouisenthelle.org\/accueil\/wp-json\/wp\/v2\/pages\/4464\/revisions"}],"predecessor-version":[{"id":14337,"href":"https:\/\/saintlouisenthelle.org\/accueil\/wp-json\/wp\/v2\/pages\/4464\/revisions\/14337"}],"up":[{"embeddable":true,"href":"https:\/\/saintlouisenthelle.org\/accueil\/wp-json\/wp\/v2\/pages\/168"}],"wp:attachment":[{"href":"https:\/\/saintlouisenthelle.org\/accueil\/wp-json\/wp\/v2\/media?parent=4464"}],"curies":[{"name":"wp","href":"https:\/\/api.w.org\/{rel}","templated":true}]}}