{"id":3695,"date":"2014-06-26T12:00:50","date_gmt":"2014-06-26T10:00:50","guid":{"rendered":"http:\/\/saintlouisenthelle.org\/?page_id=3695"},"modified":"2025-06-03T22:47:49","modified_gmt":"2025-06-03T20:47:49","slug":"fraternite-missionnaire-st-jean-baptiste","status":"publish","type":"page","link":"https:\/\/saintlouisenthelle.org\/accueil\/mission-formation\/fraternite-missionnaire-st-jean-baptiste\/","title":{"rendered":"Fraternit\u00e9 missionnaire"},"content":{"rendered":"<h2><a href=\"https:\/\/i0.wp.com\/saintlouisenthelle.org\/accueil\/wp-content\/uploads\/2019\/01\/arrosoir.png?ssl=1\" data-rel=\"penci-gallery-image-content\" ><img data-recalc-dims=\"1\" fetchpriority=\"high\" decoding=\"async\" class=\"wp-image-6582 aligncenter\" src=\"https:\/\/i0.wp.com\/saintlouisenthelle.org\/accueil\/wp-content\/uploads\/2019\/01\/arrosoir.png?resize=482%2C209&#038;ssl=1\" alt=\"\" width=\"482\" height=\"209\" srcset=\"https:\/\/i0.wp.com\/saintlouisenthelle.org\/accueil\/wp-content\/uploads\/2019\/01\/arrosoir.png?w=641&amp;ssl=1 641w, https:\/\/i0.wp.com\/saintlouisenthelle.org\/accueil\/wp-content\/uploads\/2019\/01\/arrosoir.png?resize=300%2C130&amp;ssl=1 300w\" sizes=\"(max-width: 482px) 100vw, 482px\" \/><\/a>Une fraternit\u00e9 paroissiale<\/h2>\n<blockquote><p><em>convivialit\u00e9 \u2013 louange \u2013 enseignement\/partage \u2013 pri\u00e8re d\u2019intercession\u00a0<\/em><\/p><\/blockquote>\n<p style=\"text-align: justify;\">La<strong> fraternit\u00e9 missionnaire<\/strong>\u00a0<strong>St Jean Baptiste\u00a0<\/strong>est un groupe se r\u00e9unissant 2 fois par mois environ, compos\u00e9 de personnes voulant approfondir leur d\u00e9sir d&#8217;<em><strong>\u00eatre des disciples missionnaires \u00e0 la suite de J\u00e9sus<\/strong><\/em>. Elle\u00a0accueille<span class=\"Apple-converted-space\">\u00a0<\/span>toutes les personnes qui d\u00e9sirent vivre la fraternit\u00e9, la pri\u00e8re et l&#8217;approfondissement de la foi chr\u00e9tienne.<\/p>\n<h3>Des rencontres de pri\u00e8re, de formation et de convivialit\u00e9<\/h3>\n<p style=\"text-align: justify;\">La rencontre a lieu tous les 15 jours \u00e0 la Maison paroissiale de Chambly<span class=\"Apple-converted-space\">\u00a0<\/span>de 20h \u00e0 22h30, sauf pendant les vacances scolaires.<\/p>\n<p style=\"text-align: justify;\">Pendant\u00a0la soir\u00e9e nous mettons en pratique les <a href=\"https:\/\/oise.catholique.fr\/diocese\/vie-diocesaine\/jde\/1730-5-vitamines\/\" target=\"_blank\" rel=\"noopener\"><strong>5 essentiels<\/strong><\/a>,\u00a0ou <strong>5 vitamines de la vie chr\u00e9tienne<\/strong> : A &#8211; B &#8211; C &#8211; D &#8211; E<\/p>\n<p style=\"text-align: justify;\">La soir\u00e9e d\u00e9bute par un temps d&#8217;accueil et de convivialit\u00e9 &#8211;<span class=\"Apple-converted-space\">\u00a0<\/span>(<strong>B<\/strong>\u00a0: <em><strong>bonnes relations<\/strong><\/em>)<span class=\"Apple-converted-space\">\u00a0<\/span>et chacun<span class=\"Apple-converted-space\">\u00a0<\/span>participe au bon d\u00e9roulement de la rencontre (<strong>D<\/strong>\u00a0: <em><strong>d\u00e9vouement<\/strong><\/em>).<\/p>\n<p style=\"text-align: justify;\">Puis, nous prions et louons le Seigneur (<strong>A<\/strong>\u00a0: <em><strong>adoration \u2013 pri\u00e8re<\/strong><\/em>)<\/p>\n<p style=\"text-align: justify;\">Et nous approfondissons notre foi par un enseignement de la parole de Dieu<span class=\"Apple-converted-space\">\u00a0<\/span>et<span class=\"Apple-converted-space\">\u00a0<\/span>le partage en petits groupes. (<strong>C<\/strong>\u00a0: <em><strong>conformation au Christ &#8211; la formation<\/strong><\/em>)<span class=\"Apple-converted-space\">\u00a0<\/span><\/p>\n<p style=\"text-align: justify;\">Petit \u00e0 petit,<span class=\"Apple-converted-space\">\u00a0<\/span>chacun<span class=\"Apple-converted-space\">\u00a0<\/span>apprend<span class=\"Apple-converted-space\">\u00a0<\/span>\u00e0 devenir disciple missionnaire dans sa vie quotidienne en vivant pleinement la gr\u00e2ce re\u00e7ue le jour de son bapt\u00eame (<strong>E<\/strong>\u00a0: <em><strong>\u00e9vang\u00e9lisation<\/strong><\/em>)<\/p>\n<p style=\"text-align: justify;\">Chacun peut venir d\u00e9couvrir, il est assur\u00e9 d&#8217;\u00eatre bien accueilli\u00a0!<\/p>\n<h3>Des temps d&#8217;\u00e9vang\u00e9lisation directe<\/h3>\n<p style=\"text-align: justify;\">R\u00e9guli\u00e8rement (2 \u00e0 3 fois pas trimestre), nous vivons des <strong>temps de mission<\/strong> (\u00e9vang\u00e9lisation directe) dans la paroisse : <em><strong>\u00e9vang\u00e9lisation porte-\u00e0-porte<\/strong><\/em> dans un village de la paroisse, <em><strong>\u00e9vang\u00e9lisation sur un march\u00e9<\/strong><\/em> ou <em><strong>sur la place de l&#8217;\u00e9glise<\/strong><\/em> de Chambly pour inviter \u00e0 un \u00e9v\u00e9nement particulier (f\u00eate de No\u00ebl ou Semaine Sainte, sacrement du Pardon, concert, veill\u00e9e de pri\u00e8re, etc.)<\/p>\n<p style=\"text-align: justify;\">Nous proposons aussi de participer \u00e0 des rencontres paroissiales qui donnent l&#8217;occasion de <strong>t\u00e9moigner de sa foi<\/strong> aupr\u00e8s de personnes faisant une demande \u00e0 l\u2019\u00c9glise : parents pr\u00e9sentant un enfant au bapt\u00eame\u2026<\/p>\n<h3 style=\"text-align: justify;\">Infos :<\/h3>\n<p style=\"text-align: justify;\">Pour tout renseignement, s&#8217;adresser \u00e0 Liliane Charles-H\u00e9l\u00e8ne 06 10 77 16 31\u202c\u00a0&#8211; <a href=\"mailto:lyanecharles@neuf.fr\">lyanecharles@neuf.fr<\/a><\/p>\n<p style=\"text-align: justify;\">Programme des activit\u00e9s de la fraternit\u00e9 missionnaire : sur <a href=\"https:\/\/saintlouisenthelle.org\/accueil\/fraternite-missionnaire\/\">cet article du site<\/a><\/p>\n<p style=\"text-align: justify;\">Consultez le\u00a0\u00ab <span class=\"link-external\"><a href=\"https:\/\/oise.catholique.fr\/diocese\/vie-diocesaine\/jde\/1730-5-vitamines\/\" target=\"_blank\" rel=\"noopener noreferrer\">Petit guide des 5 essentiels \u2013 la joie d\u2019\u00e9vang\u00e9liser<\/a><\/span> \u00bb (livret de 4 pages) [<a href=\"https:\/\/diocesebeauvais-my.sharepoint.com\/:b:\/g\/personal\/docs-site_oise-catholique_fr\/ESHY2GcI2XZPsNH1n1biCR4BW_DK2N9k_32y3zOMG3_vfQ?e=KKSEL9\" target=\"_blank\" rel=\"noopener noreferrer\">t\u00e9l\u00e9charger le document PDF ici<\/a>]\u00a0pour d\u00e9couvrir ce que sont ces <strong>\u00ab 5 essentiels \u00bb<\/strong> \/ <strong>\u00ab 5 vitamines \u00bb<\/strong> au service de la croissance des communaut\u00e9s chr\u00e9tiennes et de la formation de disciples missionnaires.<\/p>\n<p><img data-recalc-dims=\"1\" decoding=\"async\" class=\"aligncenter wp-image-6588 size-medium\" src=\"https:\/\/i0.wp.com\/saintlouisenthelle.org\/accueil\/wp-content\/uploads\/2019\/01\/5essentiels.png?resize=300%2C285&#038;ssl=1\" alt=\"\" width=\"300\" height=\"285\" srcset=\"https:\/\/i0.wp.com\/saintlouisenthelle.org\/accueil\/wp-content\/uploads\/2019\/01\/5essentiels.png?resize=300%2C285&amp;ssl=1 300w, https:\/\/i0.wp.com\/saintlouisenthelle.org\/accueil\/wp-content\/uploads\/2019\/01\/5essentiels.png?w=726&amp;ssl=1 726w\" sizes=\"(max-width: 300px) 100vw, 300px\" \/><\/p>\n","protected":false},"excerpt":{"rendered":"<p>Une fraternit\u00e9 paroissiale convivialit\u00e9 \u2013 louange \u2013 enseignement\/partage \u2013 pri\u00e8re d\u2019intercession\u00a0 La fraternit\u00e9 missionnaire\u00a0St Jean Baptiste\u00a0est un groupe se r\u00e9unissant 2 fois par mois environ, compos\u00e9 de personnes voulant approfondir&hellip;<\/p>\n","protected":false},"author":4,"featured_media":0,"parent":3691,"menu_order":5,"comment_status":"closed","ping_status":"closed","template":"","meta":{"_lmt_disableupdate":"no","_lmt_disable":"","footnotes":""},"class_list":["post-3695","page","type-page","status-publish","hentry"],"jetpack_shortlink":"https:\/\/wp.me\/P7Mpl1-XB","jetpack_sharing_enabled":true,"_links":{"self":[{"href":"https:\/\/saintlouisenthelle.org\/accueil\/wp-json\/wp\/v2\/pages\/3695","targetHints":{"allow":["GET"]}}],"collection":[{"href":"https:\/\/saintlouisenthelle.org\/accueil\/wp-json\/wp\/v2\/pages"}],"about":[{"href":"https:\/\/saintlouisenthelle.org\/accueil\/wp-json\/wp\/v2\/types\/page"}],"author":[{"embeddable":true,"href":"https:\/\/saintlouisenthelle.org\/accueil\/wp-json\/wp\/v2\/users\/4"}],"replies":[{"embeddable":true,"href":"https:\/\/saintlouisenthelle.org\/accueil\/wp-json\/wp\/v2\/comments?post=3695"}],"version-history":[{"count":28,"href":"https:\/\/saintlouisenthelle.org\/accueil\/wp-json\/wp\/v2\/pages\/3695\/revisions"}],"predecessor-version":[{"id":14074,"href":"https:\/\/saintlouisenthelle.org\/accueil\/wp-json\/wp\/v2\/pages\/3695\/revisions\/14074"}],"up":[{"embeddable":true,"href":"https:\/\/saintlouisenthelle.org\/accueil\/wp-json\/wp\/v2\/pages\/3691"}],"wp:attachment":[{"href":"https:\/\/saintlouisenthelle.org\/accueil\/wp-json\/wp\/v2\/media?parent=3695"}],"curies":[{"name":"wp","href":"https:\/\/api.w.org\/{rel}","templated":true}]}}