{"id":3693,"date":"2014-06-26T12:00:18","date_gmt":"2014-06-26T10:00:18","guid":{"rendered":"http:\/\/saintlouisenthelle.org\/?page_id=3693"},"modified":"2025-09-23T23:26:21","modified_gmt":"2025-09-23T21:26:21","slug":"parcours-alpha","status":"publish","type":"page","link":"https:\/\/saintlouisenthelle.org\/accueil\/mission-formation\/parcours-alpha\/","title":{"rendered":"Parcours Alpha"},"content":{"rendered":"<p style=\"text-align: justify;\">Ce parcours est <strong>ouvert \u00e0 tous<\/strong> : paroissiens habituels ou occasionnels, personnes en questionnement sur la vie ou la foi chr\u00e9tienne, adultes de tous \u00e2ges qui souhaitent d\u00e9couvrir ou re d\u00e9couvrir la foi chr\u00e9tienne.<\/p>\n<blockquote>\n<p style=\"text-align: justify;\">Un parcours de 10 soir\u00e9es, ouvert \u00e0 tous<\/p>\n<\/blockquote>\n<h4>Automne-Hiver 2025-2026 :<br \/>\n\u21d2 le Parcours Alpha d\u00e9butera le 18 novembre 2025 :<\/h4>\n<p>soir\u00e9e de pr\u00e9sentation le <strong>mardi 18 novembre<\/strong> 2025 \u00e0 <strong>20h<\/strong>, \u00e0 la Maison paroissiale de <strong>Chambly<\/strong>.<\/p>\n<p style=\"text-align: justify;\">La <strong>11<sup>e<\/sup> \u00e9dition<\/strong> du Parcours Alpha dans la paroisse a lieu \u00e0 l\u2019automne\/hiver 2025-2026 \u00e0 <strong>Chambly<\/strong>, \u00e0 la Maison paroissiale Saint Louis en Thelle (<a href=\"https:\/\/fr.mappy.com\/plan#\/87%20Avenue%20de%20Verdun%2C%2060230%20Chambly\" target=\"_blank\" rel=\"noopener\">87 Avenue de Verdun<\/a>).<br \/>\nLe parcours a lieu chaque semaine, \u2028le <strong>mardi<\/strong> de <strong>20h<\/strong> \u00e0 <strong>22h30<\/strong>, hors vacances scolaires (de mi-novembre \u00e0 d\u00e9but mars).<\/p>\n<p><a href=\"https:\/\/i0.wp.com\/saintlouisenthelle.org\/accueil\/wp-content\/uploads\/2025\/10\/Flyer-Parcours-Alpha-2025-2026.jpg?ssl=1\" data-rel=\"penci-gallery-image-content\" ><img data-recalc-dims=\"1\" fetchpriority=\"high\" decoding=\"async\" class=\"aligncenter size-large wp-image-14243\" src=\"https:\/\/i0.wp.com\/saintlouisenthelle.org\/accueil\/wp-content\/uploads\/2025\/10\/Flyer-Parcours-Alpha-2025-2026.jpg?resize=1024%2C724&#038;ssl=1\" alt=\"\" width=\"1024\" height=\"724\" srcset=\"https:\/\/i0.wp.com\/saintlouisenthelle.org\/accueil\/wp-content\/uploads\/2025\/10\/Flyer-Parcours-Alpha-2025-2026.jpg?resize=1024%2C724&amp;ssl=1 1024w, https:\/\/i0.wp.com\/saintlouisenthelle.org\/accueil\/wp-content\/uploads\/2025\/10\/Flyer-Parcours-Alpha-2025-2026.jpg?resize=300%2C212&amp;ssl=1 300w, https:\/\/i0.wp.com\/saintlouisenthelle.org\/accueil\/wp-content\/uploads\/2025\/10\/Flyer-Parcours-Alpha-2025-2026.jpg?resize=768%2C543&amp;ssl=1 768w, https:\/\/i0.wp.com\/saintlouisenthelle.org\/accueil\/wp-content\/uploads\/2025\/10\/Flyer-Parcours-Alpha-2025-2026.jpg?resize=1536%2C1085&amp;ssl=1 1536w, https:\/\/i0.wp.com\/saintlouisenthelle.org\/accueil\/wp-content\/uploads\/2025\/10\/Flyer-Parcours-Alpha-2025-2026.jpg?resize=1170%2C827&amp;ssl=1 1170w, https:\/\/i0.wp.com\/saintlouisenthelle.org\/accueil\/wp-content\/uploads\/2025\/10\/Flyer-Parcours-Alpha-2025-2026.jpg?resize=585%2C413&amp;ssl=1 585w, https:\/\/i0.wp.com\/saintlouisenthelle.org\/accueil\/wp-content\/uploads\/2025\/10\/Flyer-Parcours-Alpha-2025-2026.jpg?resize=1320%2C933&amp;ssl=1 1320w, https:\/\/i0.wp.com\/saintlouisenthelle.org\/accueil\/wp-content\/uploads\/2025\/10\/Flyer-Parcours-Alpha-2025-2026.jpg?w=1800&amp;ssl=1 1800w\" sizes=\"(max-width: 1024px) 100vw, 1024px\" \/><\/a><\/p>\n<p style=\"text-align: justify;\">Pour en savoir plus ou pour un premier contact, vous pouvez contacter l&#8217;\u00c9quipe Alpha de la paroisse :<br \/>\n<a href=\"mailto:alphachambly@gmail.com\">alphachambly60@gmail.com<\/a><br \/>\n<strong>Emmanuelle<\/strong> &#8211; \u202d06 47 67 40 75\u202c<br \/>\n<strong>Maureen<\/strong> &#8211; 07 81 93 15 51<\/p>\n<p style=\"text-align: justify;\">L\u2019\u00e9quipe Alpha accueille les bonnes volont\u00e9s, pour accueillir tous les invit\u00e9s !<\/p>\n<h4>Qu\u2019est-ce qu\u2019un Parcours Alpha ?<\/h4>\n<p style=\"text-align: justify;\">Dans une atmosph\u00e8re d\u00e9tendue et conviviale, les participants de toutes origines, toutes philosophies, et croyances cheminent ensemble autour de questions essentielles : la souffrance, la vie apr\u00e8s la mort, l\u2019existence de Dieu, l\u2019amour\u2026 En plus d\u2019apprendre \u00e0 se connaitre les uns les autres, ils \u00e9changent leurs opinions, questions, exp\u00e9riences.<br \/>\nLe Parcours Alpha est aussi une opportunit\u00e9 de d\u00e9couvrir ou red\u00e9couvrir les bases de la spiritualit\u00e9 chr\u00e9tienne. C\u2019est sans engagement, gratuit, et ouvert \u00e0 tous.<\/p>\n<p><iframe src=\"https:\/\/www.youtube.com\/embed\/0VRzP3wyf1M\" width=\"560\" height=\"315\" frameborder=\"0\" allowfullscreen=\"allowfullscreen\"><\/iframe><\/p>\n<p>Il existe en France pr\u00e8s de 700 lieux qui proposent ces parcours.<\/p>\n<p style=\"text-align: justify;\">Venez \u00e9changer avec d\u2019autres sur le sens de la vie dans une soir\u00e9e Alpha. C\u2019est gratuit, convivial et sans engagement !<\/p>\n<p style=\"text-align: center;\"><a href=\"https:\/\/www.parcoursalpha.fr\/decouvrir-alpha\" target=\"_blank\" rel=\"noopener\">www.parcoursalpha.fr\/decouvrir-alpha<\/a><\/p>\n<p><a href=\"https:\/\/www.parcoursalpha.fr\/decouvrir-alpha\" target=\"_blank\" rel=\"noopener\"><img data-recalc-dims=\"1\" decoding=\"async\" class=\"aligncenter wp-image-12877 size-full\" src=\"https:\/\/i0.wp.com\/saintlouisenthelle.org\/accueil\/wp-content\/uploads\/2023\/11\/Parcours-Alpha-tentez-l-experience.jpg?resize=1170%2C445&#038;ssl=1\" alt=\"\" width=\"1170\" height=\"445\" srcset=\"https:\/\/i0.wp.com\/saintlouisenthelle.org\/accueil\/wp-content\/uploads\/2023\/11\/Parcours-Alpha-tentez-l-experience.jpg?w=1708&amp;ssl=1 1708w, https:\/\/i0.wp.com\/saintlouisenthelle.org\/accueil\/wp-content\/uploads\/2023\/11\/Parcours-Alpha-tentez-l-experience.jpg?resize=300%2C114&amp;ssl=1 300w, https:\/\/i0.wp.com\/saintlouisenthelle.org\/accueil\/wp-content\/uploads\/2023\/11\/Parcours-Alpha-tentez-l-experience.jpg?resize=1024%2C390&amp;ssl=1 1024w, https:\/\/i0.wp.com\/saintlouisenthelle.org\/accueil\/wp-content\/uploads\/2023\/11\/Parcours-Alpha-tentez-l-experience.jpg?resize=768%2C292&amp;ssl=1 768w, https:\/\/i0.wp.com\/saintlouisenthelle.org\/accueil\/wp-content\/uploads\/2023\/11\/Parcours-Alpha-tentez-l-experience.jpg?resize=1536%2C585&amp;ssl=1 1536w, https:\/\/i0.wp.com\/saintlouisenthelle.org\/accueil\/wp-content\/uploads\/2023\/11\/Parcours-Alpha-tentez-l-experience.jpg?resize=1170%2C445&amp;ssl=1 1170w, https:\/\/i0.wp.com\/saintlouisenthelle.org\/accueil\/wp-content\/uploads\/2023\/11\/Parcours-Alpha-tentez-l-experience.jpg?resize=585%2C223&amp;ssl=1 585w, https:\/\/i0.wp.com\/saintlouisenthelle.org\/accueil\/wp-content\/uploads\/2023\/11\/Parcours-Alpha-tentez-l-experience.jpg?resize=1320%2C502&amp;ssl=1 1320w\" sizes=\"(max-width: 1170px) 100vw, 1170px\" \/><\/a><\/p>\n<h3><\/h3>\n<p>&nbsp;<\/p>\n","protected":false},"excerpt":{"rendered":"<p>Ce parcours est ouvert \u00e0 tous : paroissiens habituels ou occasionnels, personnes en questionnement sur la vie ou la foi chr\u00e9tienne, adultes de tous \u00e2ges qui souhaitent d\u00e9couvrir ou re&hellip;<\/p>\n","protected":false},"author":4,"featured_media":6094,"parent":3691,"menu_order":3,"comment_status":"closed","ping_status":"closed","template":"","meta":{"_lmt_disableupdate":"no","_lmt_disable":"","footnotes":""},"class_list":["post-3693","page","type-page","status-publish","has-post-thumbnail","hentry"],"jetpack_shortlink":"https:\/\/wp.me\/P7Mpl1-Xz","jetpack_sharing_enabled":true,"_links":{"self":[{"href":"https:\/\/saintlouisenthelle.org\/accueil\/wp-json\/wp\/v2\/pages\/3693","targetHints":{"allow":["GET"]}}],"collection":[{"href":"https:\/\/saintlouisenthelle.org\/accueil\/wp-json\/wp\/v2\/pages"}],"about":[{"href":"https:\/\/saintlouisenthelle.org\/accueil\/wp-json\/wp\/v2\/types\/page"}],"author":[{"embeddable":true,"href":"https:\/\/saintlouisenthelle.org\/accueil\/wp-json\/wp\/v2\/users\/4"}],"replies":[{"embeddable":true,"href":"https:\/\/saintlouisenthelle.org\/accueil\/wp-json\/wp\/v2\/comments?post=3693"}],"version-history":[{"count":64,"href":"https:\/\/saintlouisenthelle.org\/accueil\/wp-json\/wp\/v2\/pages\/3693\/revisions"}],"predecessor-version":[{"id":14248,"href":"https:\/\/saintlouisenthelle.org\/accueil\/wp-json\/wp\/v2\/pages\/3693\/revisions\/14248"}],"up":[{"embeddable":true,"href":"https:\/\/saintlouisenthelle.org\/accueil\/wp-json\/wp\/v2\/pages\/3691"}],"wp:featuredmedia":[{"embeddable":true,"href":"https:\/\/saintlouisenthelle.org\/accueil\/wp-json\/wp\/v2\/media\/6094"}],"wp:attachment":[{"href":"https:\/\/saintlouisenthelle.org\/accueil\/wp-json\/wp\/v2\/media?parent=3693"}],"curies":[{"name":"wp","href":"https:\/\/api.w.org\/{rel}","templated":true}]}}