{"id":33,"date":"2011-09-22T12:00:00","date_gmt":"2011-09-22T10:00:00","guid":{"rendered":"http:\/\/saintlouisenthelle.org\/?page_id=33"},"modified":"2025-02-14T16:02:14","modified_gmt":"2025-02-14T15:02:14","slug":"les-pretres","status":"publish","type":"page","link":"https:\/\/saintlouisenthelle.org\/accueil\/la-paroisse\/les-pretres\/","title":{"rendered":"Les pr\u00eatres"},"content":{"rendered":"<h3>\u00c9quipe sacerdotale :<\/h3>\n<blockquote><p>Les pr\u00eatres de la paroisse forment une fraternit\u00e9 sacerdotale de vie commune dans le cadre de la <a href=\"https:\/\/sjmv.net\/histoire\/raison-detre\/\" target=\"_blank\" rel=\"noopener noreferrer\">Soci\u00e9t\u00e9 Jean-Marie Vianney (SJMV)<\/a><\/p><\/blockquote>\n<p><a href=\"https:\/\/sjmv.net\/histoire\/le-reseau-de-paroisses\/\" target=\"_blank\" rel=\"noopener\"><img data-recalc-dims=\"1\" decoding=\"async\" class=\"aligncenter wp-image-6159 size-medium\" src=\"https:\/\/i0.wp.com\/saintlouisenthelle.org\/accueil\/wp-content\/uploads\/2018\/09\/logosjmv.png?resize=300%2C160&#038;ssl=1\" alt=\"\" width=\"300\" height=\"160\" srcset=\"https:\/\/i0.wp.com\/saintlouisenthelle.org\/accueil\/wp-content\/uploads\/2018\/09\/logosjmv.png?resize=300%2C160&amp;ssl=1 300w, https:\/\/i0.wp.com\/saintlouisenthelle.org\/accueil\/wp-content\/uploads\/2018\/09\/logosjmv.png?resize=768%2C409&amp;ssl=1 768w, https:\/\/i0.wp.com\/saintlouisenthelle.org\/accueil\/wp-content\/uploads\/2018\/09\/logosjmv.png?resize=1024%2C546&amp;ssl=1 1024w, https:\/\/i0.wp.com\/saintlouisenthelle.org\/accueil\/wp-content\/uploads\/2018\/09\/logosjmv.png?w=1255&amp;ssl=1 1255w\" sizes=\"(max-width: 300px) 100vw, 300px\" \/><\/a><\/p>\n<p style=\"text-align: center;\"><a href=\"https:\/\/i0.wp.com\/saintlouisenthelle.org\/accueil\/wp-content\/uploads\/2024\/11\/AFernet.png?ssl=1\" data-rel=\"penci-gallery-image-content\" ><img data-recalc-dims=\"1\" decoding=\"async\" class=\"aligncenter wp-image-13500 size-thumbnail\" src=\"https:\/\/i0.wp.com\/saintlouisenthelle.org\/accueil\/wp-content\/uploads\/2024\/11\/AFernet.png?resize=150%2C150&#038;ssl=1\" alt=\"\" width=\"150\" height=\"150\" srcset=\"https:\/\/i0.wp.com\/saintlouisenthelle.org\/accueil\/wp-content\/uploads\/2024\/11\/AFernet.png?resize=150%2C150&amp;ssl=1 150w, https:\/\/i0.wp.com\/saintlouisenthelle.org\/accueil\/wp-content\/uploads\/2024\/11\/AFernet.png?w=300&amp;ssl=1 300w\" sizes=\"(max-width: 150px) 100vw, 150px\" \/><\/a><strong>Abb\u00e9 Antoine Fernet<\/strong>, <a href=\"https:\/\/sjmv.net\" target=\"_blank\" rel=\"noopener noreferrer\">sjmv<\/a><strong><br \/>\ncur\u00e9 <em>&#8220;in solidum&#8221;<\/em> mod\u00e9rateur<br \/>\n<\/strong><em>plus particuli\u00e8rement charg\u00e9 du suivi pastoral<br \/>\nde la <strong>paroisse du Pays de Thelle<\/strong> (Chambly)<\/em><\/p>\n<p style=\"text-align: center;\"><a href=\"mailto:antoinefernet@gmail.com\">contacter par email<\/a><\/p>\n<p style=\"text-align: center;\"><img data-recalc-dims=\"1\" decoding=\"async\" class=\"wp-image-6084 aligncenter\" src=\"https:\/\/i0.wp.com\/saintlouisenthelle.org\/accueil\/wp-content\/uploads\/2018\/09\/Mickael-Lucero.jpg?resize=98%2C147&#038;ssl=1\" alt=\"\" width=\"98\" height=\"147\" srcset=\"https:\/\/i0.wp.com\/saintlouisenthelle.org\/accueil\/wp-content\/uploads\/2018\/09\/Mickael-Lucero.jpg?w=641&amp;ssl=1 641w, https:\/\/i0.wp.com\/saintlouisenthelle.org\/accueil\/wp-content\/uploads\/2018\/09\/Mickael-Lucero.jpg?resize=200%2C300&amp;ssl=1 200w\" sizes=\"(max-width: 98px) 100vw, 98px\" \/><\/p>\n<p style=\"text-align: center;\"><strong>Abb\u00e9 Micha\u00ebl Lucero<\/strong>,\u00a0<a href=\"https:\/\/sjmv.net\" target=\"_blank\" rel=\"noreferrer noopener\">sjmv<\/a><br \/>\n<strong>cur\u00e9 <em>&#8220;in solidum&#8221;<br \/>\n<\/em><\/strong><em><em>plus particuli\u00e8rement charg\u00e9 du suivi pastoral<br \/>\nde la <a href=\"https:\/\/paroissedemeru.com\/\" target=\"_blank\" rel=\"noopener noreferrer\">p<\/a><\/em><a href=\"https:\/\/www.paroissedemeru.com\/\" target=\"_blank\" rel=\"noopener noreferrer\">aroisse de M\u00e9ru-les-Sablons<\/a><\/em><\/p>\n<p style=\"text-align: center;\"><a href=\"mailto:mickael.lucero@gmail.com\">contacter par email<\/a><\/p>\n<p>L&#8217;abb\u00e9 <strong>Antoine Fernet<\/strong> et l&#8217;abb\u00e9 <strong>Micha\u00ebl Lucero<\/strong><br \/>\nsont \u00e9galement cur\u00e9s <em>&#8220;in solidum&#8221;<\/em> de la <a href=\"https:\/\/www.paroissedemeru.com\" target=\"_blank\" rel=\"noopener noreferrer\">paroisse de M\u00e9ru-les-Sablons<\/a>. Ils sont pr\u00e9sents dans les deux paroisses depuis septembre 2018.<\/p>\n","protected":false},"excerpt":{"rendered":"<p>\u00c9quipe sacerdotale : Les pr\u00eatres de la paroisse forment une fraternit\u00e9 sacerdotale de vie commune dans le cadre de la Soci\u00e9t\u00e9 Jean-Marie Vianney (SJMV) Abb\u00e9 Antoine Fernet, sjmv cur\u00e9 &#8220;in&hellip;<\/p>\n","protected":false},"author":4,"featured_media":0,"parent":17,"menu_order":5,"comment_status":"closed","ping_status":"closed","template":"","meta":{"_lmt_disableupdate":"no","_lmt_disable":"","footnotes":""},"class_list":["post-33","page","type-page","status-publish","hentry"],"jetpack_shortlink":"https:\/\/wp.me\/P7Mpl1-x","jetpack_sharing_enabled":true,"_links":{"self":[{"href":"https:\/\/saintlouisenthelle.org\/accueil\/wp-json\/wp\/v2\/pages\/33","targetHints":{"allow":["GET"]}}],"collection":[{"href":"https:\/\/saintlouisenthelle.org\/accueil\/wp-json\/wp\/v2\/pages"}],"about":[{"href":"https:\/\/saintlouisenthelle.org\/accueil\/wp-json\/wp\/v2\/types\/page"}],"author":[{"embeddable":true,"href":"https:\/\/saintlouisenthelle.org\/accueil\/wp-json\/wp\/v2\/users\/4"}],"replies":[{"embeddable":true,"href":"https:\/\/saintlouisenthelle.org\/accueil\/wp-json\/wp\/v2\/comments?post=33"}],"version-history":[{"count":98,"href":"https:\/\/saintlouisenthelle.org\/accueil\/wp-json\/wp\/v2\/pages\/33\/revisions"}],"predecessor-version":[{"id":13862,"href":"https:\/\/saintlouisenthelle.org\/accueil\/wp-json\/wp\/v2\/pages\/33\/revisions\/13862"}],"up":[{"embeddable":true,"href":"https:\/\/saintlouisenthelle.org\/accueil\/wp-json\/wp\/v2\/pages\/17"}],"wp:attachment":[{"href":"https:\/\/saintlouisenthelle.org\/accueil\/wp-json\/wp\/v2\/media?parent=33"}],"curies":[{"name":"wp","href":"https:\/\/api.w.org\/{rel}","templated":true}]}}