{"id":219,"date":"2011-10-10T12:00:37","date_gmt":"2011-10-10T10:00:37","guid":{"rendered":"http:\/\/saintlouisenthelle.org\/?page_id=219"},"modified":"2024-11-30T22:06:28","modified_gmt":"2024-11-30T21:06:28","slug":"liens","status":"publish","type":"page","link":"https:\/\/saintlouisenthelle.org\/accueil\/mission-formation\/liens\/","title":{"rendered":"Liens"},"content":{"rendered":"<p style=\"text-align: center;\"><a href=\"https:\/\/saintlouisenthelle.org\/accueil\/wp-content\/uploads\/2011\/10\/logo-radionotredame.jpg\"><br \/>\n<\/a><a href=\"https:\/\/saintlouisenthelle.org\/accueil\/wp-content\/uploads\/2011\/10\/logo-jeunes-cathos.png\"><br \/>\n<\/a><a href=\"https:\/\/oise.catholique.fr\" target=\"_blank\" rel=\"noopener noreferrer\"><img data-recalc-dims=\"1\" decoding=\"async\" class=\"aligncenter wp-image-6062\" src=\"https:\/\/i0.wp.com\/saintlouisenthelle.org\/accueil\/wp-content\/uploads\/2018\/09\/logo-eglise-catholique-oise.png?resize=104%2C125&#038;ssl=1\" alt=\"\" width=\"104\" height=\"125\" \/><\/a><a href=\"https:\/\/oise.catholique.fr\" target=\"_blank\" rel=\"noopener noreferrer\">\u00c9glise catholique dans l&rsquo;Oise : le dioc\u00e8se de Beauvais<\/a><\/p>\n<hr \/>\n<p style=\"text-align: center;\"><a href=\"https:\/\/eglise.catholique.fr\" target=\"blank\" rel=\"noopener noreferrer\"><img data-recalc-dims=\"1\" decoding=\"async\" class=\"wp-image-4932 aligncenter\" src=\"https:\/\/i0.wp.com\/saintlouisenthelle.org\/accueil\/wp-content\/uploads\/2011\/10\/logo-eglise-catholique.jpg?resize=80%2C80&#038;ssl=1\" alt=\"logo eglise catholique\" width=\"80\" height=\"80\" \/><\/a>A d\u00e9couvrir, toute l&rsquo;actualit\u00e9 de l&rsquo;\u00c9glise catholique en France, des dossiers et des informations pratiques<\/p>\n<hr \/>\n<p style=\"text-align: center;\"><a href=\"https:\/\/sjmv.net\" target=\"_blank\" rel=\"noopener noreferrer\"><img data-recalc-dims=\"1\" decoding=\"async\" class=\"wp-image-6159 aligncenter\" src=\"https:\/\/i0.wp.com\/saintlouisenthelle.org\/accueil\/wp-content\/uploads\/2018\/09\/logosjmv.png?resize=147%2C80&#038;ssl=1\" alt=\"\" width=\"147\" height=\"80\" \/><\/a>La <strong>Soci\u00e9t\u00e9 Jean-Marie Vianney (SJMV)<\/strong>\u00a0: Des pr\u00eatres pour la mission, \u00e0 l&rsquo;\u00e9cole du cur\u00e9 d&rsquo;Ars.<br \/>\nAssociation de pr\u00eatres dioc\u00e9sains, qui prennent\u00a0saint Jean-Marie Vianney comme mod\u00e8le\u00a0sacerdotal,<br \/>\nen menant une vie communautaire au service d\u2019une mission commune.<\/p>\n<hr \/>\n<p style=\"text-align: center;\"><a href=\"https:\/\/www.vatican.va\/phome_fr.htm\" target=\"_blank\" rel=\"noopener noreferrer\"><img data-recalc-dims=\"1\" decoding=\"async\" class=\"aligncenter wp-image-4940\" src=\"https:\/\/i0.wp.com\/saintlouisenthelle.org\/accueil\/wp-content\/uploads\/2011\/10\/Vatican.jpg?resize=90%2C90&#038;ssl=1\" alt=\"Vatican\" width=\"90\" height=\"90\" srcset=\"https:\/\/i0.wp.com\/saintlouisenthelle.org\/accueil\/wp-content\/uploads\/2011\/10\/Vatican.jpg?w=300&amp;ssl=1 300w, https:\/\/i0.wp.com\/saintlouisenthelle.org\/accueil\/wp-content\/uploads\/2011\/10\/Vatican.jpg?resize=150%2C150&amp;ssl=1 150w\" sizes=\"(max-width: 90px) 100vw, 90px\" \/><\/a>L&rsquo;actualit\u00e9 du Pape, du Saint-Si\u00e8ge et de l&rsquo;\u00c9glise universelle.<\/p>\n<hr \/>\n<p style=\"text-align: center;\"><a href=\"https:\/\/fr.aleteia.org\" target=\"_blank\" rel=\"noopener noreferrer\"><img data-recalc-dims=\"1\" decoding=\"async\" class=\"wp-image-6160 aligncenter\" src=\"https:\/\/i0.wp.com\/saintlouisenthelle.org\/accueil\/wp-content\/uploads\/2018\/09\/Logo-Aleteia.png?resize=199%2C83&#038;ssl=1\" alt=\"\" width=\"199\" height=\"83\" \/><\/a><\/p>\n<p style=\"text-align: center;\">Aleteia : un regard chr\u00e9tien sur l\u2019actualit\u00e9, la spiritualit\u00e9 et le lifestyle (actualit\u00e9 g\u00e9n\u00e9raliste et religieuse)<\/p>\n<hr \/>\n<p style=\"text-align: center;\"><img data-recalc-dims=\"1\" decoding=\"async\" class=\"aligncenter size-medium wp-image-4948\" src=\"https:\/\/i0.wp.com\/saintlouisenthelle.org\/accueil\/wp-content\/uploads\/2011\/10\/logo-jeunes-cathos.png?resize=300%2C61&#038;ssl=1\" alt=\"logo-jeunes-cathos\" width=\"300\" height=\"61\" srcset=\"https:\/\/i0.wp.com\/saintlouisenthelle.org\/accueil\/wp-content\/uploads\/2011\/10\/logo-jeunes-cathos.png?resize=300%2C61&amp;ssl=1 300w, https:\/\/i0.wp.com\/saintlouisenthelle.org\/accueil\/wp-content\/uploads\/2011\/10\/logo-jeunes-cathos.png?w=440&amp;ssl=1 440w\" sizes=\"(max-width: 300px) 100vw, 300px\" \/><\/p>\n<p style=\"text-align: center;\">Le portail jeune de l&rsquo;\u00c9glise catholique en France :<br \/>\nMagazine, Pri\u00e8re, Agenda, Rep\u00e8res, Volontariat, Forums, Mutlimedia, Boutique<\/p>\n<hr \/>\n<p style=\"text-align: center;\"><a href=\"https:\/\/www.levangileauquotidien.org\/\" target=\"_blank\" rel=\"noopener noreferrer\"><img data-recalc-dims=\"1\" decoding=\"async\" class=\"aligncenter size-full wp-image-4950\" src=\"https:\/\/i0.wp.com\/saintlouisenthelle.org\/accueil\/wp-content\/uploads\/2011\/10\/croix.gif?resize=78%2C78&#038;ssl=1\" alt=\"croix\" width=\"78\" height=\"78\" \/><\/a><\/p>\n<p style=\"text-align: center;\">\u00a0Evangelizo : l&rsquo;Evangile et les psaumes du jour<br \/>\nrecevez l&rsquo;Evangile du jour, les lectures, les Saints &#8230; chaque matin par courrier \u00e9lectronique<\/p>\n<hr \/>\n<p style=\"text-align: center;\"><a href=\"https:\/\/www.collegedesbernardins.fr\" target=\"_blank\" rel=\"noopener noreferrer\"><img data-recalc-dims=\"1\" decoding=\"async\" class=\"aligncenter wp-image-4954 size-full\" src=\"https:\/\/i0.wp.com\/saintlouisenthelle.org\/accueil\/wp-content\/uploads\/2011\/10\/logo.png?resize=124%2C121&#038;ssl=1\" alt=\"logo\" width=\"124\" height=\"121\" \/><\/a><br \/>\nLieu de d\u00e9bat et de recherche pour l&rsquo;Eglise et pour la Soci\u00e9t\u00e9.<br \/>\nFormation chr\u00e9tienne pour aujourd&rsquo;hui propos\u00e9e par l&rsquo;\u00c9glise catholique \u00e0 Paris: cours de th\u00e9ologie, bible, spiritualit\u00e9. \u00c9tablissement priv\u00e9 d&rsquo;enseignement sup\u00e9rieur, l&rsquo;\u00c9cole Cath\u00e9drale propose cours publics, conf\u00e9rences&#8230;<\/p>\n<hr \/>\n<p style=\"text-align: left;\"><img data-recalc-dims=\"1\" decoding=\"async\" class=\"aligncenter size-full wp-image-4958\" src=\"https:\/\/i0.wp.com\/saintlouisenthelle.org\/accueil\/wp-content\/uploads\/2011\/10\/logo-radionotredame.jpg?resize=236%2C133&#038;ssl=1\" alt=\"logo-radionotredame\" width=\"236\" height=\"133\" \/>\u00a0La radio catholique parisienne. La radio qui ose porter un regard chr\u00e9tien sur le monde ! D\u00e9couvrez son programme, ses intervenants, ses musiques&#8230;<\/p>\n<hr \/>\n<p style=\"text-align: center;\"><a href=\"https:\/\/www.ktotv.com\/\" target=\"_blank\" rel=\"noopener noreferrer\"><img data-recalc-dims=\"1\" decoding=\"async\" class=\"aligncenter size-full wp-image-4975\" src=\"https:\/\/i0.wp.com\/saintlouisenthelle.org\/accueil\/wp-content\/uploads\/2016\/07\/kto.png?resize=200%2C100&#038;ssl=1\" alt=\"kto\" width=\"200\" height=\"100\" \/><\/a>KTO t\u00e9l\u00e9vision catholique, kto 1\u00e8re cha\u00eene de tv chr\u00e9tienne en France, diffuse en haut debit sur internet : spiritualit\u00e9, foi, pri\u00e8re, solidarit\u00e9, &#8230;<\/p>\n<hr \/>\n<p style=\"text-align: center;\"><a href=\"https:\/\/l1visible.com\/\" target=\"blank\" rel=\"noopener noreferrer\"><img data-recalc-dims=\"1\" decoding=\"async\" class=\"aligncenter size-medium wp-image-4977\" src=\"https:\/\/i0.wp.com\/saintlouisenthelle.org\/accueil\/wp-content\/uploads\/2016\/07\/Linvisible-1.png?resize=300%2C28&#038;ssl=1\" alt=\"Linvisible\" width=\"300\" height=\"28\" srcset=\"https:\/\/i0.wp.com\/saintlouisenthelle.org\/accueil\/wp-content\/uploads\/2016\/07\/Linvisible-1.png?resize=300%2C28&amp;ssl=1 300w, https:\/\/i0.wp.com\/saintlouisenthelle.org\/accueil\/wp-content\/uploads\/2016\/07\/Linvisible-1.png?resize=768%2C71&amp;ssl=1 768w, https:\/\/i0.wp.com\/saintlouisenthelle.org\/accueil\/wp-content\/uploads\/2016\/07\/Linvisible-1.png?w=952&amp;ssl=1 952w\" sizes=\"(max-width: 300px) 100vw, 300px\" \/><\/a>Premier\u00a0mensuel catholique gratuit<\/p>\n<hr \/>\n<p style=\"text-align: center;\"><a href=\"https:\/\/nominis.cef.fr\" target=\"_blank\" rel=\"noopener noreferrer\"><img data-recalc-dims=\"1\" decoding=\"async\" class=\"size-full wp-image-6162 aligncenter\" src=\"https:\/\/i0.wp.com\/saintlouisenthelle.org\/accueil\/wp-content\/uploads\/2018\/09\/Logo-Nominis-1.png?resize=109%2C45&#038;ssl=1\" alt=\"\" width=\"109\" height=\"45\" \/><\/a>D\u00e9couvrir le saint du jour, votre saint patron&#8230;<\/p>\n<hr \/>\n<p style=\"text-align: center;\"><a href=\"https:\/\/www.secours-catholique.org\/\" target=\"_blank\" rel=\"noopener noreferrer\"><img data-recalc-dims=\"1\" decoding=\"async\" class=\"aligncenter wp-image-4904\" src=\"https:\/\/i0.wp.com\/saintlouisenthelle.org\/accueil\/wp-content\/uploads\/2011\/10\/secours-catholique.jpg?resize=136%2C136&#038;ssl=1\" alt=\"secours catholique\" width=\"136\" height=\"136\" srcset=\"https:\/\/i0.wp.com\/saintlouisenthelle.org\/accueil\/wp-content\/uploads\/2011\/10\/secours-catholique.jpg?w=300&amp;ssl=1 300w, https:\/\/i0.wp.com\/saintlouisenthelle.org\/accueil\/wp-content\/uploads\/2011\/10\/secours-catholique.jpg?resize=150%2C150&amp;ssl=1 150w\" sizes=\"(max-width: 136px) 100vw, 136px\" \/><\/a>Avec une vision d\u2019ensemble de la lutte contre la pauvret\u00e9,<br \/>\nrestaurer la personne humaine dans sa dignit\u00e9 en s\u2019inscrivant dans une perspective de d\u00e9veloppement durable.<\/p>\n","protected":false},"excerpt":{"rendered":"<p>\u00c9glise catholique dans l&rsquo;Oise : le dioc\u00e8se de Beauvais A d\u00e9couvrir, toute l&rsquo;actualit\u00e9 de l&rsquo;\u00c9glise catholique en France, des dossiers et des informations pratiques La Soci\u00e9t\u00e9 Jean-Marie Vianney (SJMV)\u00a0: Des&hellip;<\/p>\n","protected":false},"author":4,"featured_media":0,"parent":3691,"menu_order":10,"comment_status":"closed","ping_status":"closed","template":"","meta":{"_lmt_disableupdate":"","_lmt_disable":"","footnotes":""},"class_list":["post-219","page","type-page","status-publish","hentry"],"jetpack_shortlink":"https:\/\/wp.me\/P7Mpl1-3x","jetpack_sharing_enabled":true,"_links":{"self":[{"href":"https:\/\/saintlouisenthelle.org\/accueil\/wp-json\/wp\/v2\/pages\/219","targetHints":{"allow":["GET"]}}],"collection":[{"href":"https:\/\/saintlouisenthelle.org\/accueil\/wp-json\/wp\/v2\/pages"}],"about":[{"href":"https:\/\/saintlouisenthelle.org\/accueil\/wp-json\/wp\/v2\/types\/page"}],"author":[{"embeddable":true,"href":"https:\/\/saintlouisenthelle.org\/accueil\/wp-json\/wp\/v2\/users\/4"}],"replies":[{"embeddable":true,"href":"https:\/\/saintlouisenthelle.org\/accueil\/wp-json\/wp\/v2\/comments?post=219"}],"version-history":[{"count":104,"href":"https:\/\/saintlouisenthelle.org\/accueil\/wp-json\/wp\/v2\/pages\/219\/revisions"}],"predecessor-version":[{"id":13577,"href":"https:\/\/saintlouisenthelle.org\/accueil\/wp-json\/wp\/v2\/pages\/219\/revisions\/13577"}],"up":[{"embeddable":true,"href":"https:\/\/saintlouisenthelle.org\/accueil\/wp-json\/wp\/v2\/pages\/3691"}],"wp:attachment":[{"href":"https:\/\/saintlouisenthelle.org\/accueil\/wp-json\/wp\/v2\/media?parent=219"}],"curies":[{"name":"wp","href":"https:\/\/api.w.org\/{rel}","templated":true}]}}