{"id":205,"date":"2011-10-10T12:00:12","date_gmt":"2011-10-10T10:00:12","guid":{"rendered":"http:\/\/saintlouisenthelle.org\/?page_id=205"},"modified":"2026-01-07T16:12:36","modified_gmt":"2026-01-07T15:12:36","slug":"denier","status":"publish","type":"page","link":"https:\/\/saintlouisenthelle.org\/accueil\/solidarite\/denier\/","title":{"rendered":"Denier de l&#8217;\u00c9glise"},"content":{"rendered":"<h3 style=\"text-align: center;\"><a href=\"https:\/\/dondenier.diocese-beauvais.fr\/\" target=\"_blank\" rel=\"noopener noreferrer\"><img data-recalc-dims=\"1\" fetchpriority=\"high\" decoding=\"async\" class=\"aligncenter wp-image-6712 size-medium\" src=\"https:\/\/i0.wp.com\/saintlouisenthelle.org\/accueil\/wp-content\/uploads\/2019\/03\/denier-2.png?resize=300%2C201&#038;ssl=1\" alt=\"\" width=\"300\" height=\"201\" srcset=\"https:\/\/i0.wp.com\/saintlouisenthelle.org\/accueil\/wp-content\/uploads\/2019\/03\/denier-2.png?resize=300%2C201&amp;ssl=1 300w, https:\/\/i0.wp.com\/saintlouisenthelle.org\/accueil\/wp-content\/uploads\/2019\/03\/denier-2.png?w=356&amp;ssl=1 356w\" sizes=\"(max-width: 300px) 100vw, 300px\" \/><\/a><br \/>\n<strong>Pourquoi soutenir l&#8217;\u00c9glise\u00a0? <\/strong><br \/>\n<strong>donner\u2026 du temps, de l\u2019\u00e9coute, de l\u2019aide\u2026<\/strong><\/h3>\n<p style=\"text-align: justify;\">C\u2019est ce que font tous les jours les b\u00e9n\u00e9voles de vos paroisses. En accompagnant vos familles dans les moments importants de leur vie. En vous aidant \u00e0 transmettre \u00e0 vos enfants les valeurs et les fondements de notre communaut\u00e9. En soutenant les plus d\u00e9favoris\u00e9s d\u2019entre nous. Par leurs actions et leur d\u00e9vouement, ils donnent des couleurs \u00e0 la vie, \u00e0 votre vie. Aidez-les \u00e0 continuer et vous aussi, donnez des couleurs \u00e0 la vie ! Fa\u00eetes des dons.<\/p>\n<h3 style=\"text-align: justify;\"><strong>Vie religieuse<\/strong><\/h3>\n<p style=\"text-align: justify;\">Du bapt\u00eame \u00e0 la Profession de foi, les cat\u00e9chistes pr\u00e9parent les jeunes et leur famille aux grandes \u00e9tapes de la vie religieuse. De m\u00eame, paroisses, aum\u00f4neries et mouvements se mobilisent dans la transmission des valeurs et de la foi chr\u00e9tiennes. Chaque ann\u00e9e, des milliers de jeunes chr\u00e9tiens participent \u00e0 leurs activit\u00e9s et rassemblements.<\/p>\n<h3 style=\"text-align: justify;\"><strong>Mariage<\/strong><\/h3>\n<p style=\"text-align: justify;\">Chaque ann\u00e9e, des centaines de couples s\u2019engagent dans le mariage. Les paroisses sont l\u00e0 pour accompagner les futurs mari\u00e9s. Elles les pr\u00e9parent \u00e0 se r\u00e9aliser pleinement dans cette nouvelle \u00e9tape de leur vie.<\/p>\n<h3 style=\"text-align: justify;\"><strong>Enterrement<\/strong><\/h3>\n<p style=\"text-align: justify;\">Confront\u00e9 \u00e0 la perte d\u2019un proche, les familles trouvent appui et r\u00e9confort aupr\u00e8s de l\u2019Eglise. Elle les aide dans leurs d\u00e9marches et les soutient dans leur cheminement vers l\u2019acceptation du deuil.<\/p>\n<h4 style=\"text-align: center;\"><strong><a href=\"https:\/\/dondenier.diocese-beauvais.fr\/\" target=\"_blank\" rel=\"noopener\">\u2192 faites un don en ligne : https:\/\/dondenier.diocese-beauvais.fr \u2190<\/a><\/strong><\/h4>\n<p style=\"text-align: center;\"><em>si vous \u00eates imposable, votre don est d\u00e9ductible de l\u2019imp\u00f4t sur le revenu <\/em><br \/>\n<em>(66%, dans la limite de 20% de votre revenu imposable).<\/em><\/p>\n<p><a href=\"https:\/\/dondenier.diocese-beauvais.fr\/\" target=\"_blank\" rel=\"noopener noreferrer\"><img data-recalc-dims=\"1\" decoding=\"async\" class=\"aligncenter wp-image-8391 size-large\" src=\"https:\/\/i0.wp.com\/saintlouisenthelle.org\/accueil\/wp-content\/uploads\/2020\/05\/bandeau-donfinancier.jpg?resize=1024%2C173&#038;ssl=1\" alt=\"\" width=\"1024\" height=\"173\" srcset=\"https:\/\/i0.wp.com\/saintlouisenthelle.org\/accueil\/wp-content\/uploads\/2020\/05\/bandeau-donfinancier.jpg?resize=1024%2C173&amp;ssl=1 1024w, https:\/\/i0.wp.com\/saintlouisenthelle.org\/accueil\/wp-content\/uploads\/2020\/05\/bandeau-donfinancier.jpg?resize=300%2C51&amp;ssl=1 300w, https:\/\/i0.wp.com\/saintlouisenthelle.org\/accueil\/wp-content\/uploads\/2020\/05\/bandeau-donfinancier.jpg?resize=768%2C130&amp;ssl=1 768w, https:\/\/i0.wp.com\/saintlouisenthelle.org\/accueil\/wp-content\/uploads\/2020\/05\/bandeau-donfinancier.jpg?resize=1536%2C259&amp;ssl=1 1536w, https:\/\/i0.wp.com\/saintlouisenthelle.org\/accueil\/wp-content\/uploads\/2020\/05\/bandeau-donfinancier.jpg?resize=1320%2C223&amp;ssl=1 1320w, https:\/\/i0.wp.com\/saintlouisenthelle.org\/accueil\/wp-content\/uploads\/2020\/05\/bandeau-donfinancier.jpg?w=1748&amp;ssl=1 1748w\" sizes=\"(max-width: 1024px) 100vw, 1024px\" \/><\/a><\/p>\n","protected":false},"excerpt":{"rendered":"<p>Pourquoi soutenir l&#8217;\u00c9glise\u00a0? donner\u2026 du temps, de l\u2019\u00e9coute, de l\u2019aide\u2026 C\u2019est ce que font tous les jours les b\u00e9n\u00e9voles de vos paroisses. En accompagnant vos familles dans les moments importants&hellip;<\/p>\n","protected":false},"author":4,"featured_media":0,"parent":197,"menu_order":5,"comment_status":"closed","ping_status":"closed","template":"","meta":{"_lmt_disableupdate":"no","_lmt_disable":"","footnotes":""},"class_list":["post-205","page","type-page","status-publish","hentry"],"jetpack_shortlink":"https:\/\/wp.me\/P7Mpl1-3j","jetpack_sharing_enabled":true,"_links":{"self":[{"href":"https:\/\/saintlouisenthelle.org\/accueil\/wp-json\/wp\/v2\/pages\/205","targetHints":{"allow":["GET"]}}],"collection":[{"href":"https:\/\/saintlouisenthelle.org\/accueil\/wp-json\/wp\/v2\/pages"}],"about":[{"href":"https:\/\/saintlouisenthelle.org\/accueil\/wp-json\/wp\/v2\/types\/page"}],"author":[{"embeddable":true,"href":"https:\/\/saintlouisenthelle.org\/accueil\/wp-json\/wp\/v2\/users\/4"}],"replies":[{"embeddable":true,"href":"https:\/\/saintlouisenthelle.org\/accueil\/wp-json\/wp\/v2\/comments?post=205"}],"version-history":[{"count":31,"href":"https:\/\/saintlouisenthelle.org\/accueil\/wp-json\/wp\/v2\/pages\/205\/revisions"}],"predecessor-version":[{"id":14507,"href":"https:\/\/saintlouisenthelle.org\/accueil\/wp-json\/wp\/v2\/pages\/205\/revisions\/14507"}],"up":[{"embeddable":true,"href":"https:\/\/saintlouisenthelle.org\/accueil\/wp-json\/wp\/v2\/pages\/197"}],"wp:attachment":[{"href":"https:\/\/saintlouisenthelle.org\/accueil\/wp-json\/wp\/v2\/media?parent=205"}],"curies":[{"name":"wp","href":"https:\/\/api.w.org\/{rel}","templated":true}]}}