{"id":199,"date":"2011-10-10T12:00:53","date_gmt":"2011-10-10T10:00:53","guid":{"rendered":"http:\/\/saintlouisenthelle.org\/?page_id=199"},"modified":"2023-05-15T19:39:00","modified_gmt":"2023-05-15T17:39:00","slug":"visite-malades","status":"publish","type":"page","link":"https:\/\/saintlouisenthelle.org\/accueil\/solidarite\/visite-malades\/","title":{"rendered":"Visite aux personnes malades"},"content":{"rendered":"<blockquote><p>\u00ab J&#8217;\u00e9tais malade et vous m&#8217;avez visit\u00e9 \u00bb, dit J\u00e9sus dans l&#8217;\u00e9vangile de St Matthieu (25, 36)<\/p><\/blockquote>\n<ul>\n<li>vous connaissez des personnes seules ou malades, \u00e2g\u00e9es ou isol\u00e9es, ne pouvant plus se d\u00e9placer et d\u00e9sirant recevoir la communion,<\/li>\n<li>vous souhaitez donner du temps pour visiter et apporter la communion \u00e0 vos fr\u00e8res et s\u0153urs souffrants.<\/li>\n<\/ul>\n<p>&nbsp;<\/p>\n<p><a href=\"https:\/\/i0.wp.com\/saintlouisenthelle.org\/accueil\/wp-content\/uploads\/2019\/03\/visite-malades1.gif?ssl=1\" data-rel=\"penci-gallery-image-content\" ><img data-recalc-dims=\"1\" decoding=\"async\" class=\"wp-image-6748 alignleft\" src=\"https:\/\/i0.wp.com\/saintlouisenthelle.org\/accueil\/wp-content\/uploads\/2019\/03\/visite-malades1.gif?resize=150%2C147&#038;ssl=1\" alt=\"\" width=\"150\" height=\"147\" \/><\/a>L&#8217;\u00c9glise d\u00e9sire vivre en communion avec les malades. Elle ne les oublie pas. Lors des messes du dimanche, des personnes sont envoy\u00e9es, missionn\u00e9es, pour porter aux malades le pain de la vie que chacun vient de recevoir.<\/p>\n<p>Ainsi quand vous \u00eates malade, n&#8217;h\u00e9sitez pas \u00e0 demander que l&#8217;un des membres de la communaut\u00e9 paroissiale vous apporte <em><strong>la communion eucharistique<\/strong><\/em>. L&#8217;\u00c9glise se fera une joie de r\u00e9pondre \u00e0 votre demande.<\/p>\n<p>Certains ont besoin \u00e9galement d&#8217;<em><strong>une simple visite<\/strong><\/em>. Osez en faire la demande, ne restez pas seuls, signalez-vous \u00e0 la paroisse, ou \u00e0 l&#8217;une des personnes qui visitent les malades au nom de la paroisse (les visites se font dans toutes les communes de la paroisse) :<\/p>\n<ul>\n<li><strong>Marie Courboin<\/strong> (responsable), \u00e0 Fresnoy-en-Thelle : 03 44 26 70 25<\/li>\n<li><strong>Marie-France Lemoine<\/strong>, \u00e0 Morangles : 06 03 50 08 63<\/li>\n<li><strong>G\u00e9rard Montagne<\/strong>, \u00e0 Fosseuse (Bornel) : 03 44 08 45 20<\/li>\n<li><strong>Yolande Leroux<\/strong>, \u00e0 Neuilly-en-Thelle : 06 83 59 47 04<\/li>\n<li><strong>Marie-France No\u00ebl<\/strong>, \u00e0 Neuilly-en-Thelle : 06 31 54 83 15<\/li>\n<li><strong>Madeleine Venant<\/strong>, \u00e0 Chambly : \u202d06 86 84 67 00\u202c<\/li>\n<\/ul>\n<p>&nbsp;<\/p>\n<p>voir \u00e9galement :\u00a0<a href=\"https:\/\/saintlouisenthelle.org\/accueil\/?page_id=6908\">Messes dans les maisons de retraite<\/a><\/p>\n<p>&nbsp;<\/p>\n<h3><a href=\"https:\/\/i0.wp.com\/saintlouisenthelle.org\/accueil\/wp-content\/uploads\/2019\/03\/bon-samaritain-veniere.jpg?ssl=1\" data-rel=\"penci-gallery-image-content\" ><img data-recalc-dims=\"1\" decoding=\"async\" class=\"wp-image-6746 alignright\" src=\"https:\/\/i0.wp.com\/saintlouisenthelle.org\/accueil\/wp-content\/uploads\/2019\/03\/bon-samaritain-veniere.jpg?resize=150%2C215&#038;ssl=1\" alt=\"\" width=\"150\" height=\"215\" srcset=\"https:\/\/i0.wp.com\/saintlouisenthelle.org\/accueil\/wp-content\/uploads\/2019\/03\/bon-samaritain-veniere.jpg?w=349&amp;ssl=1 349w, https:\/\/i0.wp.com\/saintlouisenthelle.org\/accueil\/wp-content\/uploads\/2019\/03\/bon-samaritain-veniere.jpg?resize=209%2C300&amp;ssl=1 209w\" sizes=\"(max-width: 150px) 100vw, 150px\" \/><\/a>Onction des malades<\/h3>\n<p>Pour beaucoup, la maladie, au-del\u00e0 de la souffrance omnipr\u00e9sente et difficile \u00e0 supporter, est occasion de s&#8217;en remettre entre les mains du Seigneur. Il existe un sacrement pour signifier que le Seigneur nous rejoint au coeur de la souffrance, et d\u00e9sire nous r\u00e9conforter : c&#8217;est <a href=\"https:\/\/saintlouisenthelle.org\/accueil\/sacrements\/onction-des-malades\/\">l&#8217;onction des malades<\/a>.<\/p>\n<p>&nbsp;<\/p>\n","protected":false},"excerpt":{"rendered":"<p>\u00ab J&#8217;\u00e9tais malade et vous m&#8217;avez visit\u00e9 \u00bb, dit J\u00e9sus dans l&#8217;\u00e9vangile de St Matthieu (25, 36) vous connaissez des personnes seules ou malades, \u00e2g\u00e9es ou isol\u00e9es, ne pouvant plus&hellip;<\/p>\n","protected":false},"author":4,"featured_media":0,"parent":197,"menu_order":1,"comment_status":"closed","ping_status":"closed","template":"","meta":{"_lmt_disableupdate":"","_lmt_disable":"","footnotes":""},"class_list":["post-199","page","type-page","status-publish","hentry"],"jetpack_shortlink":"https:\/\/wp.me\/P7Mpl1-3d","jetpack_sharing_enabled":true,"_links":{"self":[{"href":"https:\/\/saintlouisenthelle.org\/accueil\/wp-json\/wp\/v2\/pages\/199","targetHints":{"allow":["GET"]}}],"collection":[{"href":"https:\/\/saintlouisenthelle.org\/accueil\/wp-json\/wp\/v2\/pages"}],"about":[{"href":"https:\/\/saintlouisenthelle.org\/accueil\/wp-json\/wp\/v2\/types\/page"}],"author":[{"embeddable":true,"href":"https:\/\/saintlouisenthelle.org\/accueil\/wp-json\/wp\/v2\/users\/4"}],"replies":[{"embeddable":true,"href":"https:\/\/saintlouisenthelle.org\/accueil\/wp-json\/wp\/v2\/comments?post=199"}],"version-history":[{"count":15,"href":"https:\/\/saintlouisenthelle.org\/accueil\/wp-json\/wp\/v2\/pages\/199\/revisions"}],"predecessor-version":[{"id":12567,"href":"https:\/\/saintlouisenthelle.org\/accueil\/wp-json\/wp\/v2\/pages\/199\/revisions\/12567"}],"up":[{"embeddable":true,"href":"https:\/\/saintlouisenthelle.org\/accueil\/wp-json\/wp\/v2\/pages\/197"}],"wp:attachment":[{"href":"https:\/\/saintlouisenthelle.org\/accueil\/wp-json\/wp\/v2\/media?parent=199"}],"curies":[{"name":"wp","href":"https:\/\/api.w.org\/{rel}","templated":true}]}}