{"id":197,"date":"2011-10-10T12:00:57","date_gmt":"2011-10-10T10:00:57","guid":{"rendered":"http:\/\/saintlouisenthelle.org\/?page_id=197"},"modified":"2024-11-30T22:05:52","modified_gmt":"2024-11-30T21:05:52","slug":"solidarite","status":"publish","type":"page","link":"https:\/\/saintlouisenthelle.org\/accueil\/solidarite\/","title":{"rendered":"Solidarit\u00e9 et partage"},"content":{"rendered":"<ul>\n<li>\n<h4><a href=\"https:\/\/saintlouisenthelle.org\/accueil\/?page_id=199\">Visite aux personnes malades<\/a><\/h4>\n<\/li>\n<li>\n<h4><a href=\"https:\/\/saintlouisenthelle.org\/accueil\/?page_id=6908\">Messes dans les maisons de retraite<\/a><\/h4>\n<\/li>\n<li>\n<h4><a href=\"https:\/\/saintlouisenthelle.org\/accueil\/solidarite\/aumonerie-hospitaliere\/\">Aum\u00f4nerie hospitali\u00e8re<\/a><\/h4>\n<\/li>\n<li>\n<h4><a href=\"https:\/\/saintlouisenthelle.org\/accueil\/solidarite\/donner-paroisse\/\">Faire un don \u00e0 votre paroisse<\/a><\/h4>\n<\/li>\n<li>\n<h4><a href=\"https:\/\/saintlouisenthelle.org\/accueil\/solidarite\/denier\/\">Denier de l&rsquo;\u00c9glise<\/a><\/h4>\n<\/li>\n<li>\n<h4><a href=\"https:\/\/saintlouisenthelle.org\/accueil\/solidarite\/demander-une-offrande-de-messe\/\">Demander une offrande de messe<\/a><\/h4>\n<\/li>\n<\/ul>\n<p>&nbsp;<\/p>\n<p>&nbsp;<\/p>\n","protected":false},"excerpt":{"rendered":"<p>Visite aux personnes malades Messes dans les maisons de retraite Aum\u00f4nerie hospitali\u00e8re Faire un don \u00e0 votre paroisse Denier de l&rsquo;\u00c9glise Demander une offrande de messe &nbsp; &nbsp;<\/p>\n","protected":false},"author":4,"featured_media":0,"parent":0,"menu_order":7,"comment_status":"closed","ping_status":"closed","template":"","meta":{"_lmt_disableupdate":"","_lmt_disable":"","footnotes":""},"class_list":["post-197","page","type-page","status-publish","hentry"],"jetpack_shortlink":"https:\/\/wp.me\/P7Mpl1-3b","jetpack_sharing_enabled":true,"_links":{"self":[{"href":"https:\/\/saintlouisenthelle.org\/accueil\/wp-json\/wp\/v2\/pages\/197","targetHints":{"allow":["GET"]}}],"collection":[{"href":"https:\/\/saintlouisenthelle.org\/accueil\/wp-json\/wp\/v2\/pages"}],"about":[{"href":"https:\/\/saintlouisenthelle.org\/accueil\/wp-json\/wp\/v2\/types\/page"}],"author":[{"embeddable":true,"href":"https:\/\/saintlouisenthelle.org\/accueil\/wp-json\/wp\/v2\/users\/4"}],"replies":[{"embeddable":true,"href":"https:\/\/saintlouisenthelle.org\/accueil\/wp-json\/wp\/v2\/comments?post=197"}],"version-history":[{"count":24,"href":"https:\/\/saintlouisenthelle.org\/accueil\/wp-json\/wp\/v2\/pages\/197\/revisions"}],"predecessor-version":[{"id":13573,"href":"https:\/\/saintlouisenthelle.org\/accueil\/wp-json\/wp\/v2\/pages\/197\/revisions\/13573"}],"wp:attachment":[{"href":"https:\/\/saintlouisenthelle.org\/accueil\/wp-json\/wp\/v2\/media?parent=197"}],"curies":[{"name":"wp","href":"https:\/\/api.w.org\/{rel}","templated":true}]}}