{"id":189,"date":"2011-10-10T12:00:07","date_gmt":"2011-10-10T10:00:07","guid":{"rendered":"http:\/\/saintlouisenthelle.org\/?page_id=189"},"modified":"2024-10-22T16:58:54","modified_gmt":"2024-10-22T14:58:54","slug":"scoutisme","status":"publish","type":"page","link":"https:\/\/saintlouisenthelle.org\/accueil\/jeunes\/scoutisme\/","title":{"rendered":"Scoutisme"},"content":{"rendered":"\r\n<h2 class=\"wp-block-heading\">Le scoutisme, une \u00e9cole de la vie<\/h2>\r\n\r\n\r\n\r\n<p style=\"text-align: justify;\">Le\u00a0<strong>scoutisme<\/strong>\u00a0est un mouvement de jeunesse mondial cr\u00e9\u00e9 par Robert Baden-Powell en Angleterre au d\u00e9but du 20<sup>e<\/sup> si\u00e8cle. Aujourd&#8217;hui, le scoutisme et le\u00a0guidisme\u00a0comptent plus de 40\u00a0millions de membres dans 217 pays.<\/p>\r\n\r\n\r\n\r\n<p style=\"text-align: justify;\">Le scoutisme est un <strong>mouvement de jeunesse<\/strong> reposant sur l&#8217;apprentissage de valeurs fortes, telles que la\u00a0solidarit\u00e9, l&#8217;entraide\u00a0et le\u00a0respect. Son but est d&#8217;aider le jeune individu \u00e0 <strong>former son caract\u00e8re<\/strong> et \u00e0 <strong>construire sa personnalit\u00e9<\/strong> tout en contribuant \u00e0 son d\u00e9veloppement physique, mental et spirituel afin qu&#8217;il puisse \u00eatre un\u00a0<strong>citoyen<\/strong>\u00a0actif dans la soci\u00e9t\u00e9. Pour atteindre cet objectif, le scoutisme s&#8217;appuie sur des\u00a0activit\u00e9s pratiques\u00a0dans la nature. Le scoutisme s&#8217;appuie sur une <strong>loi<\/strong> et une <strong>promesse<\/strong>, et a une dimension <strong>religieuse<\/strong> et spirituelle.<\/p>\r\n\r\n\r\n\r\n\r\n\r\n<div id=\"attachment_6332\" style=\"width: 160px\" class=\"wp-caption alignright\"><a href=\"https:\/\/www.scouts-unitaires.org\/\" target=\"_blank\" rel=\"noopener\"><img data-recalc-dims=\"1\" decoding=\"async\" aria-describedby=\"caption-attachment-6332\" class=\"wp-image-6332 size-thumbnail\" src=\"https:\/\/i0.wp.com\/saintlouisenthelle.org\/accueil\/wp-content\/uploads\/2018\/10\/logo-SUF.png?resize=150%2C150&#038;ssl=1\" alt=\"\" width=\"150\" height=\"150\" srcset=\"https:\/\/i0.wp.com\/saintlouisenthelle.org\/accueil\/wp-content\/uploads\/2018\/10\/logo-SUF.png?resize=150%2C150&amp;ssl=1 150w, https:\/\/i0.wp.com\/saintlouisenthelle.org\/accueil\/wp-content\/uploads\/2018\/10\/logo-SUF.png?resize=300%2C300&amp;ssl=1 300w, https:\/\/i0.wp.com\/saintlouisenthelle.org\/accueil\/wp-content\/uploads\/2018\/10\/logo-SUF.png?w=380&amp;ssl=1 380w\" sizes=\"(max-width: 150px) 100vw, 150px\" \/><\/a><p id=\"caption-attachment-6332\" class=\"wp-caption-text\">Scouts Unitaires de France (SUF)<\/p><\/div>\r\n<h2 style=\"text-align: justify;\">Groupe SUF Saint Martin du Pays de Thelle<\/h2>\r\n<p style=\"text-align: justify;\">Depuis septembre 2022, un groupe <strong>Scouts unitaires de France (SUF)<\/strong> s\u2019est implant\u00e9 dans notre secteur : le <strong>Groupe Saint Martin<\/strong>.<\/p>\r\n<p style=\"text-align: justify;\">\u2192 contact : <strong>Marie et Tanguy de Lauzon<\/strong>, chefs de groupe<br \/>06 64 20 42 98 et 06 75 42 63 39\u00a0<br \/><a href=\"mailto:paysdethellestmartin@scouts-unitaires.org\" target=\"_blank\" rel=\"noopener\">paysdethellestmartin@scouts-<wbr \/>unitaires.org<\/a><\/p>\r\n<h3 style=\"text-align: justify;\">Autres groupes dans la r\u00e9gion<\/h3>\r\n<p style=\"text-align: justify;\">On trouve dans notre r\u00e9gion <strong>trois mouvements catholiques<\/strong>\u00a0ayant un rayonnement national : les <a href=\"https:\/\/www.sgdf.fr\/\" target=\"_blank\" rel=\"noreferrer noopener\"><strong>Scouts et Guides de France (SGDF)<\/strong><\/a>, \u00a0les <a href=\"https:\/\/www.scouts-europe.org\" target=\"_blank\" rel=\"noreferrer noopener\"><strong>Guides et Scouts d&#8217;Europe (AGSE)<\/strong><\/a>\u00a0et les <strong><a href=\"https:\/\/www.scouts-unitaires.org\" target=\"_blank\" rel=\"noopener noreferrer\">Scouts Unitaires de France (SUF)<\/a><\/strong>. Ces trois mouvements accueillent des enfants \u00e0 partir de l&#8217;\u00e2ge de 8 ans, gar\u00e7ons ou filles (certains groupes sont mixtes, d&#8217;autres non), encadr\u00e9s par de jeunes adultes (chefs ou cheftaines).<\/p>\r\n<p style=\"text-align: justify;\">Les groupes scouts proches de notre paroisse sont implant\u00e9s dans l&#8217;Oise \u00e0 <strong>Beauvais<\/strong> (SGDF et AGSE),\u00a0<strong>Chantilly<\/strong>\u00a0(SGDF et AGSE), <strong>Chaumont-en-Vexin<\/strong> \u00a0(SGDF), et dans le Val d&#8217;Oise \u00e0 <strong>L&#8217;Isle-Adam<\/strong> (AGSE), <strong>M\u00e9ry-sur-Oise<\/strong> (SGDF)\u2026<\/p>\r\n\r\n\r\n\r\n\r\n\r\n<p style=\"text-align: justify;\">La <strong>p\u00e9dagogie mise en \u0153uvre<\/strong> dans chacun des mouvements peut \u00eatre plus adapt\u00e9e \u00e0 un jeune qu&#8217;\u00e0 un autre ; il faut chercher \u00e0 les conna\u00eetre pour voir ce qui conviendra le mieux \u00e0 votre enfant.<\/p>\r\n<p style=\"text-align: left;\"><div class=\"penci-column column-1-3\"><\/p>\r\n<p><a href=\"https:\/\/www.scouts-europe.org\/\" target=\"_blank\" rel=\"noopener\"><img data-recalc-dims=\"1\" decoding=\"async\" class=\"aligncenter wp-image-13394\" src=\"https:\/\/i0.wp.com\/saintlouisenthelle.org\/accueil\/wp-content\/uploads\/2024\/10\/AGSE-logo.png?resize=386%2C90&#038;ssl=1\" alt=\"\" width=\"386\" height=\"90\" srcset=\"https:\/\/i0.wp.com\/saintlouisenthelle.org\/accueil\/wp-content\/uploads\/2024\/10\/AGSE-logo.png?resize=300%2C70&amp;ssl=1 300w, https:\/\/i0.wp.com\/saintlouisenthelle.org\/accueil\/wp-content\/uploads\/2024\/10\/AGSE-logo.png?w=332&amp;ssl=1 332w\" sizes=\"(max-width: 386px) 100vw, 386px\" \/><\/a><\/p>\r\n<p style=\"text-align: center;\"><a href=\"https:\/\/www.scouts-europe.org\" target=\"_blank\" rel=\"noreferrer noopener\"><strong>Guides et Scouts d\u2019Europe (AGSE)<\/strong><\/a><\/p>\r\n<p><\/div><\/p>\r\n<p><div class=\"penci-column column-1-3\"><\/p>\r\n<p><a href=\"https:\/\/www.scouts-unitaires.org\/\" target=\"_blank\" rel=\"noopener\"><img data-recalc-dims=\"1\" decoding=\"async\" class=\"aligncenter wp-image-13396\" src=\"https:\/\/i0.wp.com\/saintlouisenthelle.org\/accueil\/wp-content\/uploads\/2024\/10\/SUF-logo.png?resize=289%2C90&#038;ssl=1\" alt=\"\" width=\"289\" height=\"90\" \/><\/a><\/p>\r\n<p style=\"text-align: center;\"><strong><a href=\"https:\/\/www.scouts-unitaires.org\" target=\"_blank\" rel=\"noreferrer noopener\">Scouts Unitaires de France (SUF)<\/a><\/strong><\/p>\r\n<p><\/div><\/p>\r\n<p><div class=\"penci-column column-last column-1-3\"><\/p>\r\n<p><a href=\"https:\/\/sgdf.fr\" target=\"_blank\" rel=\"noopener\"><img data-recalc-dims=\"1\" loading=\"lazy\" decoding=\"async\" class=\"aligncenter wp-image-13395\" src=\"https:\/\/i0.wp.com\/saintlouisenthelle.org\/accueil\/wp-content\/uploads\/2024\/10\/SGDF-logo-e1729599128177-300x109.png?resize=247%2C90&#038;ssl=1\" alt=\"\" width=\"247\" height=\"90\" srcset=\"https:\/\/i0.wp.com\/saintlouisenthelle.org\/accueil\/wp-content\/uploads\/2024\/10\/SGDF-logo-e1729599128177.png?resize=300%2C109&amp;ssl=1 300w, https:\/\/i0.wp.com\/saintlouisenthelle.org\/accueil\/wp-content\/uploads\/2024\/10\/SGDF-logo-e1729599128177.png?resize=1024%2C373&amp;ssl=1 1024w, https:\/\/i0.wp.com\/saintlouisenthelle.org\/accueil\/wp-content\/uploads\/2024\/10\/SGDF-logo-e1729599128177.png?resize=768%2C279&amp;ssl=1 768w, https:\/\/i0.wp.com\/saintlouisenthelle.org\/accueil\/wp-content\/uploads\/2024\/10\/SGDF-logo-e1729599128177.png?resize=1536%2C559&amp;ssl=1 1536w, https:\/\/i0.wp.com\/saintlouisenthelle.org\/accueil\/wp-content\/uploads\/2024\/10\/SGDF-logo-e1729599128177.png?resize=2048%2C745&amp;ssl=1 2048w, https:\/\/i0.wp.com\/saintlouisenthelle.org\/accueil\/wp-content\/uploads\/2024\/10\/SGDF-logo-e1729599128177.png?resize=1920%2C699&amp;ssl=1 1920w, https:\/\/i0.wp.com\/saintlouisenthelle.org\/accueil\/wp-content\/uploads\/2024\/10\/SGDF-logo-e1729599128177.png?resize=1170%2C426&amp;ssl=1 1170w, https:\/\/i0.wp.com\/saintlouisenthelle.org\/accueil\/wp-content\/uploads\/2024\/10\/SGDF-logo-e1729599128177.png?resize=585%2C213&amp;ssl=1 585w, https:\/\/i0.wp.com\/saintlouisenthelle.org\/accueil\/wp-content\/uploads\/2024\/10\/SGDF-logo-e1729599128177.png?resize=1320%2C480&amp;ssl=1 1320w, https:\/\/i0.wp.com\/saintlouisenthelle.org\/accueil\/wp-content\/uploads\/2024\/10\/SGDF-logo-e1729599128177.png?w=2340&amp;ssl=1 2340w\" sizes=\"(max-width: 247px) 100vw, 247px\" \/><\/a><\/p>\r\n<p style=\"text-align: center;\"><strong><a href=\"https:\/\/www.sgdf.fr\" target=\"_blank\" rel=\"noreferrer noopener\">Scouts et Guides de France (SGDF)<\/a><\/strong><\/p>\r\n<p><\/div><div class=\"clearfix\"><\/div><\/p>\r\n<figure>\r\n<figcaption><\/figcaption>\r\n<\/figure>\r\n<p>\r\n\r\n<\/p>\r\n","protected":false},"excerpt":{"rendered":"<p>Le scoutisme, une \u00e9cole de la vie Le\u00a0scoutisme\u00a0est un mouvement de jeunesse mondial cr\u00e9\u00e9 par Robert Baden-Powell en Angleterre au d\u00e9but du 20e si\u00e8cle. Aujourd&#8217;hui, le scoutisme et le\u00a0guidisme\u00a0comptent plus&hellip;<\/p>\n","protected":false},"author":4,"featured_media":0,"parent":168,"menu_order":5,"comment_status":"closed","ping_status":"closed","template":"","meta":{"_lmt_disableupdate":"no","_lmt_disable":"","footnotes":""},"class_list":["post-189","page","type-page","status-publish","hentry"],"jetpack_shortlink":"https:\/\/wp.me\/P7Mpl1-33","jetpack_sharing_enabled":true,"_links":{"self":[{"href":"https:\/\/saintlouisenthelle.org\/accueil\/wp-json\/wp\/v2\/pages\/189","targetHints":{"allow":["GET"]}}],"collection":[{"href":"https:\/\/saintlouisenthelle.org\/accueil\/wp-json\/wp\/v2\/pages"}],"about":[{"href":"https:\/\/saintlouisenthelle.org\/accueil\/wp-json\/wp\/v2\/types\/page"}],"author":[{"embeddable":true,"href":"https:\/\/saintlouisenthelle.org\/accueil\/wp-json\/wp\/v2\/users\/4"}],"replies":[{"embeddable":true,"href":"https:\/\/saintlouisenthelle.org\/accueil\/wp-json\/wp\/v2\/comments?post=189"}],"version-history":[{"count":52,"href":"https:\/\/saintlouisenthelle.org\/accueil\/wp-json\/wp\/v2\/pages\/189\/revisions"}],"predecessor-version":[{"id":13403,"href":"https:\/\/saintlouisenthelle.org\/accueil\/wp-json\/wp\/v2\/pages\/189\/revisions\/13403"}],"up":[{"embeddable":true,"href":"https:\/\/saintlouisenthelle.org\/accueil\/wp-json\/wp\/v2\/pages\/168"}],"wp:attachment":[{"href":"https:\/\/saintlouisenthelle.org\/accueil\/wp-json\/wp\/v2\/media?parent=189"}],"curies":[{"name":"wp","href":"https:\/\/api.w.org\/{rel}","templated":true}]}}