{"id":170,"date":"2011-10-10T12:00:46","date_gmt":"2011-10-10T10:00:46","guid":{"rendered":"http:\/\/saintlouisenthelle.org\/?page_id=170"},"modified":"2025-10-21T22:07:58","modified_gmt":"2025-10-21T20:07:58","slug":"catechisme","status":"publish","type":"page","link":"https:\/\/saintlouisenthelle.org\/accueil\/jeunes\/catechisme\/","title":{"rendered":"Cat\u00e9chisme (KT)"},"content":{"rendered":"<p style=\"text-align: justify;\"><img data-recalc-dims=\"1\" fetchpriority=\"high\" decoding=\"async\" class=\"alignright size-medium wp-image-13347\" src=\"https:\/\/i0.wp.com\/saintlouisenthelle.org\/accueil\/wp-content\/uploads\/2024\/09\/Catechisme.png?resize=254%2C300&#038;ssl=1\" alt=\"\" width=\"254\" height=\"300\" srcset=\"https:\/\/i0.wp.com\/saintlouisenthelle.org\/accueil\/wp-content\/uploads\/2024\/09\/Catechisme.png?resize=254%2C300&amp;ssl=1 254w, https:\/\/i0.wp.com\/saintlouisenthelle.org\/accueil\/wp-content\/uploads\/2024\/09\/Catechisme.png?w=480&amp;ssl=1 480w\" sizes=\"(max-width: 254px) 100vw, 254px\" \/>Le <strong>cat\u00e9chisme<\/strong> (<strong>KT<\/strong>) s&#8217;adresse aux enfants qui sont scolaris\u00e9s \u00e0 l&#8217;<strong>\u00e9cole primaire<\/strong>, \u00e0 partir de la classe de <strong>CE1<\/strong>.<\/p>\n<p style=\"text-align: justify;\">Dans notre paroisse, le KT commence en\u00a0<strong>CE1<\/strong>, et se poursuit en <strong>CE2, CM1 et CM2<\/strong>. Le KT\u00a0permet aux enfants de rencontrer J\u00e9sus et de d\u00e9couvrir que chacun est aim\u00e9 de Dieu.<\/p>\n<p style=\"text-align: justify;\">Pour les enfants <strong>de 4 \u00e0 6 ans<\/strong> (classes de <strong>Moyenne section<\/strong>, <strong>Grande section<\/strong> et <strong>CP<\/strong>), <strong><a href=\"https:\/\/saintlouisenthelle.org\/accueil\/jeunes\/eveil-a-la-foi\/\">l&#8217;\u00c9veil \u00e0 la foi<\/a><\/strong>\u00a0est\u00a0une premi\u00e8re approche de la foi, pour soutenir les parents dans la d\u00e9couverte de la foi chr\u00e9tienne avec leurs enfants.<\/p>\n<p style=\"text-align: justify;\">\u21d2 le cat\u00e9chisme se poursuit par <strong><a href=\"https:\/\/saintlouisenthelle.org\/accueil\/jeunes\/aumonerie\/\">l&#8217;Aum\u00f4nerie<\/a><\/strong> (\u00e0 partir de la classe de <strong>6<sup>e<\/sup><\/strong>), lorsque les enfants arrivent au coll\u00e8ge.<\/p>\n<p>&nbsp;<\/p>\n<h4><strong><em>Pour prendre contact :<br \/>\n<\/em><\/strong><\/h4>\n<ul>\n<li><strong>Olivier CROISIC<\/strong> &#8211; T\u00e9l. \u202d06 27 00 62 52\u202c &#8211; <a href=\"mailto:croisic.olivier@gmail.com\">croisic.olivier@gmail.com<\/a><\/li>\n<li><strong>Pascaline MENDES DELIMAUGE<\/strong> &#8211; T\u00e9l. 06 58 59 58 42 &#8211; <a href=\"mailto:pascaline_mendesdelimauge@yahoo.fr\">pascaline_mendesdelimauge@yahoo.fr<\/a><\/li>\n<\/ul>\n<h2>Cat\u00e9chisme &#8211; Ann\u00e9e 2025-2026 :<\/h2>\n<h3><span style=\"color: #ff0000;\">R\u00e9union de rentr\u00e9e pour les parents<\/span> :<\/h3>\n<ul>\n<li>mardi <strong><span style=\"text-decoration: underline;\">7<\/span> octobre<\/strong> \u00e0 <strong>20h30<\/strong> \u00e0 l&#8217;<strong>\u00e9glise Saint-Denis de Bornel<\/strong><\/li>\n<\/ul>\n<div>\n<div>\n<h3>Messe avec la b\u00e9n\u00e9diction des cartables : <b><br \/>\n<\/b><\/h3>\n<ul>\n<li>Dimanche <strong>7 septembre<\/strong> \u00e0 <strong>10h30<\/strong> \u00e0 l\u2019<strong>\u00e9glise de Chambly<\/strong>, avec <strong>b\u00e9n\u00e9diction des cartables<\/strong> au cours de la messe<\/li>\n<\/ul>\n<\/div>\n<\/div>\n<h2>Messe des familles de rentr\u00e9e : <b><br \/>\n<\/b><\/h2>\n<ul>\n<li>Dimanche <strong>28 septembre<\/strong>\u00a0\u00e0 <strong>10h30<\/strong> \u00e0 l\u2019<strong>\u00e9glise de<\/strong> <strong>Chambly<\/strong><\/li>\n<\/ul>\n<div>\n<h2>Forum paroissial : <b><br \/>\n<\/b><\/h2>\n<ul>\n<li>Dimanche <strong>12 octobre<\/strong> \u00e0 l\u2019<strong>\u00e9glise de Chambly :\u00a0<\/strong>\n<ul>\n<li>\u00e0 partir de <strong>9h30<\/strong> : le <strong>Forum paroissial<\/strong><\/li>\n<li>\u00e0 <strong>10h30<\/strong> : la <strong>messe des familles<\/strong><\/li>\n<\/ul>\n<\/li>\n<\/ul>\n<\/div>\n<p>&nbsp;<\/p>\n<h3>Inscriptions :<\/h3>\n<ul>\n<li><span style=\"color: #ff0000;\"><strong>Inscription en ligne<\/strong><\/span> : inscription au <a href=\"https:\/\/w.enoria.link\/kt-pays-thelle\" target=\"_blank\" rel=\"noopener\"><strong>Cat\u00e9chisme (KT) CE1 \u00e0 CM2<\/strong><\/a> : <a href=\"https:\/\/w.enoria.link\/kt-pays-thelle\" target=\"_blank\" rel=\"noopener\">https:\/\/w.enoria.link\/kt-pays-thelle<\/a>\u00a0<b><br \/>\n<\/b><\/li>\n<\/ul>\n<div>\n<ul>\n<li><strong>Permanences d&#8217;inscription<\/strong> \u00e0 la <strong>Maison paroissiale de Chambly<\/strong> (87 Avenue de Verdun) : les <strong>samedis<\/strong> de <strong>septembre<\/strong>, de <strong>10h \u00e0 midi<\/strong><\/li>\n<\/ul>\n<div>\n<ul>\n<li><strong>Permanences d\u2019inscription<\/strong> \u00e0 la <strong>Maison paroissiale de Neuilly-en-Thelle<\/strong> (1 Chemin Jeanne d&#8217;Arc, face au cimeti\u00e8re route de Crouy) : les <strong>samedis<\/strong> de <strong>septembre<\/strong>, de <strong>10h<\/strong> \u00e0 <strong>11h30<\/strong><\/li>\n<\/ul>\n<\/div>\n<\/div>\n<p>&nbsp;<\/p>\n<h3>Calendrier des temps forts Cat\u00e9chisme et \u00c9veil \u00e0 la foi et messes des familles &#8211; Ann\u00e9e 2025-2026 :<\/h3>\n<iframe src=\"\/\/docs.google.com\/viewer?url=https%3A%2F%2Fsaintlouisenthelle.org%2Faccueil%2Fwp-content%2Fuploads%2F2025%2F09%2FCalendrier-KT-2025-2026.pdf&hl=fr&embedded=true\" class=\"gde-frame\" style=\"width:100%; height:500px; border: none;\" scrolling=\"no\"><\/iframe>\n<p class=\"gde-text\"><a href=\"https:\/\/saintlouisenthelle.org\/accueil\/wp-content\/uploads\/2025\/09\/Calendrier-KT-2025-2026.pdf\" class=\"gde-link\">T\u00e9l\u00e9charger (PDF, 499KB)<\/a><\/p>\n<p>&nbsp;<\/p>\n<p>&nbsp;<\/p>\n<h2>Organisation du cat\u00e9chisme (KT) &#8211; sept. 2025<\/h2>\n<h3>Le cat\u00e9chisme s&#8217;articule autour de trois axes :<\/h3>\n<ol>\n<li><strong>Temps d&#8217;\u00e9coute en famille<\/strong> : chaque semaine, les familles re\u00e7oivent un <b><i>podcast<\/i><\/b> (audio\/vid\u00e9o) \u00e0 \u00e9couter, parents et enfants, ensemble.<\/li>\n<li><strong>Rencontre mensuelle en \u00e9quipe<\/strong>, avec son cat\u00e9chiste r\u00e9f\u00e9rent<\/li>\n<li><strong>Temps fort mensuel<\/strong> : un samedi matin par mois, participation \u00e0 un <b><i>temps fort \u00e0 l&#8217;\u00e9glise<\/i><\/b> (\u00e0 Chambly ou M\u00e9ru, alternativement), pour les enfants et les parents, accompagn\u00e9 par le P. Micha\u00ebl et les cat\u00e9chistes.<\/li>\n<li><strong>Dimanche des familles<\/strong> : un Dimanche par mois, la <em><strong>Messe des familles<\/strong><\/em> rassemble les familles (enfants et parents) \u00e0 l&#8217;\u00e9glise de Chambly (messe \u00e0 10h30), suivie d&#8217;un <em><strong>repas partag\u00e9<\/strong><\/em> \u00e0 la Maison paroissiale de Chambly. Ensuite, un moment convivial anim\u00e9 par les cat\u00e9chistes (projection d&#8217;un film, jeux, etc.) jusqu&#8217;\u00e0 15h30.<\/li>\n<\/ol>\n<h3>Sacrements : pr\u00e9paration du bapt\u00eame \/ de la premi\u00e8re communion<\/h3>\n<p style=\"text-align: justify;\">En plus des trois axes pr\u00e9sent\u00e9s ci-dessus, des <strong>groupes sp\u00e9cifiques<\/strong> sont constitu\u00e9s pour les enfants qui demandent \u00e0 se pr\u00e9parer au bapt\u00eame ou \u00e0 la premi\u00e8re communion.<\/p>\n<h2>Les enfants du cat\u00e9chisme chantent &#8220;Ma Passion&#8221; de Glorious (printemps 2022) :<\/h2>\n<p><iframe title=\"YouTube video player\" src=\"https:\/\/www.youtube.com\/embed\/RKAT08m0Cv4\" width=\"560\" height=\"315\" frameborder=\"0\" allowfullscreen=\"allowfullscreen\"><\/iframe><\/p>\n","protected":false},"excerpt":{"rendered":"<p>Le cat\u00e9chisme (KT) s&#8217;adresse aux enfants qui sont scolaris\u00e9s \u00e0 l&#8217;\u00e9cole primaire, \u00e0 partir de la classe de CE1. Dans notre paroisse, le KT commence en\u00a0CE1, et se poursuit en&hellip;<\/p>\n","protected":false},"author":4,"featured_media":0,"parent":168,"menu_order":2,"comment_status":"closed","ping_status":"closed","template":"","meta":{"_lmt_disableupdate":"no","_lmt_disable":"","footnotes":""},"class_list":["post-170","page","type-page","status-publish","hentry"],"jetpack_shortlink":"https:\/\/wp.me\/P7Mpl1-2K","jetpack_sharing_enabled":true,"_links":{"self":[{"href":"https:\/\/saintlouisenthelle.org\/accueil\/wp-json\/wp\/v2\/pages\/170","targetHints":{"allow":["GET"]}}],"collection":[{"href":"https:\/\/saintlouisenthelle.org\/accueil\/wp-json\/wp\/v2\/pages"}],"about":[{"href":"https:\/\/saintlouisenthelle.org\/accueil\/wp-json\/wp\/v2\/types\/page"}],"author":[{"embeddable":true,"href":"https:\/\/saintlouisenthelle.org\/accueil\/wp-json\/wp\/v2\/users\/4"}],"replies":[{"embeddable":true,"href":"https:\/\/saintlouisenthelle.org\/accueil\/wp-json\/wp\/v2\/comments?post=170"}],"version-history":[{"count":134,"href":"https:\/\/saintlouisenthelle.org\/accueil\/wp-json\/wp\/v2\/pages\/170\/revisions"}],"predecessor-version":[{"id":14338,"href":"https:\/\/saintlouisenthelle.org\/accueil\/wp-json\/wp\/v2\/pages\/170\/revisions\/14338"}],"up":[{"embeddable":true,"href":"https:\/\/saintlouisenthelle.org\/accueil\/wp-json\/wp\/v2\/pages\/168"}],"wp:attachment":[{"href":"https:\/\/saintlouisenthelle.org\/accueil\/wp-json\/wp\/v2\/media?parent=170"}],"curies":[{"name":"wp","href":"https:\/\/api.w.org\/{rel}","templated":true}]}}