{"id":168,"date":"2011-10-10T12:00:02","date_gmt":"2011-10-10T10:00:02","guid":{"rendered":"http:\/\/saintlouisenthelle.org\/?page_id=168"},"modified":"2024-11-30T22:05:45","modified_gmt":"2024-11-30T21:05:45","slug":"jeunes","status":"publish","type":"page","link":"https:\/\/saintlouisenthelle.org\/accueil\/jeunes\/","title":{"rendered":"Enfants et jeunes"},"content":{"rendered":"<ul>\r\n<li>\r\n<h4><a href=\"https:\/\/saintlouisenthelle.org\/accueil\/eveil-a-la-foi\/\">\u00c9veil \u00e0 la Foi<\/a> (enfants de 4 \u00e0 6 ans)<\/h4>\r\n<\/li>\r\n<\/ul>\r\n<ul>\r\n<li>\r\n<h4><a title=\"Cat\u00e9chisme\" href=\"https:\/\/saintlouisenthelle.org\/accueil\/?page_id=170\">Cat\u00e9chisme (KT)<\/a> (enfants de 7 \u00e0 11 ans)<\/h4>\r\n<\/li>\r\n<\/ul>\r\n<ul>\r\n<li>\r\n<h4><a title=\"Aum\u00f4nerie\" href=\"https:\/\/saintlouisenthelle.org\/accueil\/?page_id=182\">Aum\u00f4nerie<\/a> (adolescents : coll\u00e9giens et lyc\u00e9ens)<\/h4>\r\n<\/li>\r\n<li>\r\n<h4><a href=\"https:\/\/saintlouisenthelle.org\/accueil\/jeunes\/servants-d-autel\/\">Servants d&#8217;autel<\/a><\/h4>\r\n<\/li>\r\n<\/ul>\r\n<ul>\r\n<li>\r\n<h4><a title=\"Scoutisme\" href=\"https:\/\/saintlouisenthelle.org\/accueil\/jeunes\/scoutisme\/\">Scoutisme<\/a><\/h4>\r\n<\/li>\r\n<\/ul>\r\n\r\n\r\n\r\n<ul>\r\n<li>\r\n<h4><a href=\"https:\/\/saintlouisenthelle.org\/accueil\/jeunes\/zileos\/\">Zil\u00e9os<\/a> (grands coll\u00e9giens et lyc\u00e9ens)<\/h4>\r\n<\/li>\r\n<li>\r\n<h4><a href=\"https:\/\/saintlouisenthelle.org\/accueil\/jeunes\/ateliers-des-ptits-louis\/\">Ateliers des P&#8217;tits Louis<\/a><\/h4>\r\n<\/li>\r\n<\/ul>\r\n","protected":false},"excerpt":{"rendered":"<p>\u00c9veil \u00e0 la Foi (enfants de 4 \u00e0 6 ans) Cat\u00e9chisme (KT) (enfants de 7 \u00e0 11 ans) Aum\u00f4nerie (adolescents : coll\u00e9giens et lyc\u00e9ens) Servants d&#8217;autel Scoutisme Zil\u00e9os (grands coll\u00e9giens&hellip;<\/p>\n","protected":false},"author":4,"featured_media":0,"parent":0,"menu_order":3,"comment_status":"closed","ping_status":"closed","template":"","meta":{"_lmt_disableupdate":"no","_lmt_disable":"","footnotes":""},"class_list":["post-168","page","type-page","status-publish","hentry"],"jetpack_shortlink":"https:\/\/wp.me\/P7Mpl1-2I","jetpack_sharing_enabled":true,"_links":{"self":[{"href":"https:\/\/saintlouisenthelle.org\/accueil\/wp-json\/wp\/v2\/pages\/168","targetHints":{"allow":["GET"]}}],"collection":[{"href":"https:\/\/saintlouisenthelle.org\/accueil\/wp-json\/wp\/v2\/pages"}],"about":[{"href":"https:\/\/saintlouisenthelle.org\/accueil\/wp-json\/wp\/v2\/types\/page"}],"author":[{"embeddable":true,"href":"https:\/\/saintlouisenthelle.org\/accueil\/wp-json\/wp\/v2\/users\/4"}],"replies":[{"embeddable":true,"href":"https:\/\/saintlouisenthelle.org\/accueil\/wp-json\/wp\/v2\/comments?post=168"}],"version-history":[{"count":30,"href":"https:\/\/saintlouisenthelle.org\/accueil\/wp-json\/wp\/v2\/pages\/168\/revisions"}],"predecessor-version":[{"id":13568,"href":"https:\/\/saintlouisenthelle.org\/accueil\/wp-json\/wp\/v2\/pages\/168\/revisions\/13568"}],"wp:attachment":[{"href":"https:\/\/saintlouisenthelle.org\/accueil\/wp-json\/wp\/v2\/media?parent=168"}],"curies":[{"name":"wp","href":"https:\/\/api.w.org\/{rel}","templated":true}]}}