{"id":157,"date":"2011-10-10T12:00:21","date_gmt":"2011-10-10T10:00:21","guid":{"rendered":"http:\/\/saintlouisenthelle.org\/?page_id=157"},"modified":"2024-11-30T22:07:08","modified_gmt":"2024-11-30T21:07:08","slug":"confession","status":"publish","type":"page","link":"https:\/\/saintlouisenthelle.org\/accueil\/sacrements\/confession\/","title":{"rendered":"Confession"},"content":{"rendered":"<blockquote>\n<p style=\"text-align: justify;\">Sacrement de P\u00e9nitence et de R\u00e9conciliation<\/p>\n<\/blockquote>\n<p style=\"text-align: justify;\">Le Seigneur J\u00e9sus-Christ est le m\u00e9decin de nos \u00e2mes et de nos corps. Il a pardonn\u00e9 ses p\u00e9ch\u00e9s au paralytique et il lui a rendu la sant\u00e9 du corps (<a href=\"https:\/\/www.aelf.org\/bible\/Mc\/2\" target=\"_blank\" rel=\"noopener noreferrer\">Marc 2, 1-12<\/a>). Il a voulu que son \u00c9glise continue son \u0153uvre de gu\u00e9rison et de salut, par la force de l\u2019Esprit Saint.<\/p>\n<p style=\"text-align: justify;\">C\u2019est le but des deux sacrements de la gu\u00e9rison : le sacrement de\u00a0<strong>P\u00e9nitence et de R\u00e9conciliation<\/strong> et le sacrement de l\u2019<strong>Onction des malades<\/strong>.<\/p>\n<h3><a href=\"https:\/\/i0.wp.com\/saintlouisenthelle.org\/accueil\/wp-content\/uploads\/2016\/08\/Confession.jpg?ssl=1\" data-rel=\"penci-gallery-image-content\" ><img data-recalc-dims=\"1\" fetchpriority=\"high\" decoding=\"async\" class=\"size-full wp-image-5078 alignright\" src=\"https:\/\/i0.wp.com\/saintlouisenthelle.org\/accueil\/wp-content\/uploads\/2016\/08\/Confession.jpg?resize=186%2C271&#038;ssl=1\" alt=\"Confession\" width=\"186\" height=\"271\" \/><\/a>Le don du retour vers Dieu<\/h3>\n<p style=\"text-align: justify;\">Le pardon des p\u00e9ch\u00e9s commis apr\u00e8s le Bapt\u00eame est accord\u00e9 par le sacrement de\u00a0<em><strong>P\u00e9nitence\u00a0et de\u00a0R\u00e9conciliation<\/strong><\/em>, appel\u00e9 aussi <em><strong>confession<\/strong><\/em>, sacrement du <em><strong>Pardon<\/strong><\/em> ou de la <em><strong>Mis\u00e9ricorde<\/strong><\/em>.<br \/>\nRevenir \u00e0 la communion avec Dieu par la conversion est un mouvement suscit\u00e9 par la gr\u00e2ce de Dieu plein de mis\u00e9ricorde et d\u00e9sireux de sauver tous les hommes.<\/p>\n<p style=\"text-align: justify;\">Ce sacrement est le signe de l\u2019amour infini de Dieu. Le pardon de Dieu est toujours possible, si nous faisons une d\u00e9marche vraiment sinc\u00e8re. En se reconnaissant p\u00e9cheur, nous croyons que l\u2019amour infini de Dieu est toujours le plus fort. Le dialogue avec un pr\u00eatre est le signe efficace de la r\u00e9conciliation avec Dieu et avec nos fr\u00e8res.<\/p>\n<blockquote>\n<p style=\"text-align: justify;\">\u00ab\u00a0Le p\u00e9ch\u00e9 est avant tout offense \u00e0 Dieu, rupture de la communion avec Lui. Il porte en m\u00eame temps atteinte \u00e0 la communion avec l\u2019\u00c9glise. C\u2019est pourquoi la conversion apporte \u00e0 la fois le pardon de Dieu et la r\u00e9conciliation avec l\u2019\u00c9glise, ce qu\u2019exprime et r\u00e9alise liturgiquement le sacrement de la P\u00e9nitence et de la R\u00e9conciliation (cf. <a href=\"https:\/\/www.vatican.va\/archive\/hist_councils\/ii_vatican_council\/documents\/vat-ii_const_19641121_lumen-gentium_fr.html\" target=\"_blank\" rel=\"noopener noreferrer\">LG<\/a> 11).\u00a0\u00bb<br \/>\n<a href=\"https:\/\/www.vatican.va\/archive\/FRA0013\/__P47.HTM\" target=\"_blank\" rel=\"noopener noreferrer\"><em>Cat\u00e9chisme de l\u2019\u00c9glise catholique<\/em>, n. 1440<\/a><\/p>\n<p>&nbsp;<\/p>\n<p style=\"text-align: justify;\">D\u2019apr\u00e8s le commandement de l\u2019\u00c9glise : \u00ab\u00a0<strong>Tout fid\u00e8le est tenu par l\u2019obligation de confesser ses p\u00e9ch\u00e9s au moins une fois par an<\/strong> \u00bb (<a href=\"https:\/\/www.vatican.va\/archive\/FRA0013\/__P48.HTM\" target=\"_blank\" rel=\"noopener\">CEC 1457<\/a> ; <a href=\"https:\/\/www.vatican.va\/archive\/FRA0013\/__P6Z.HTM\" target=\"_blank\" rel=\"noopener\">CEC 2042<\/a>).\u00a0La confession individuelle et int\u00e9grale des p\u00e9ch\u00e9s graves suivie de l\u2019absolution demeure le seul moyen ordinaire pour la r\u00e9conciliation avec Dieu et avec l\u2019\u00c9glise. (<a href=\"https:\/\/www.vatican.va\/archive\/FRA0013\/__P4D.HTM\" target=\"_blank\" rel=\"noopener\">CEC 1497<\/a>)<\/p>\n<\/blockquote>\n<div style=\"position: relative; padding-bottom: 56.25%; height: 0; overflow: hidden;\"><iframe style=\"width: 100%; height: 100%; position: absolute; left: 0px; top: 0px; overflow: hidden;\" src=\"https:\/\/www.dailymotion.com\/embed\/video\/x82ydxc?autoplay=1\" width=\"100%\" height=\"100%\" frameborder=\"0\" allowfullscreen=\"allowfullscreen\"> <\/iframe><\/div>\n<h3>Horaires et lieux :<\/h3>\n<p style=\"text-align: justify;\">Si vous d\u00e9sirez recevoir le sacrement de la R\u00e9conciliation, un pr\u00eatre de la paroisse est habituellement disponible aux lieux et horaires suivants :<\/p>\n<ul>\n<li style=\"text-align: justify;\">le <strong>vendredi<\/strong> \u00e0 <strong>9h30<\/strong>\u00a0en l&#8217;\u00e9glise <strong>Notre-Dame de Chambly<\/strong> au confessionnal, lorsque la messe est c\u00e9l\u00e9br\u00e9e \u00e0 9h<\/li>\n<li style=\"text-align: justify;\">le <strong>samedi<\/strong> de <strong>9h30 \u00e0 10h<\/strong> en l&#8217;\u00e9glise <strong>Notre-Dame de Chambly<\/strong> au confessionnal, lorsque la messe est c\u00e9l\u00e9br\u00e9e \u00e0 9h<\/li>\n<li style=\"text-align: justify;\"><strong>apr\u00e8s les messes de semaine<\/strong> de la paroisse, en demandant directement au pr\u00eatre (suivant les disponibilit\u00e9s)<\/li>\n<li style=\"text-align: justify;\"><strong>sur rendez-vous<\/strong>, en contactant la paroisse au\u00a009 54 98 31 60<\/li>\n<li>consultez la <a href=\"https:\/\/saintlouisenthelle.org\/accueil\/la-paroisse\/calendrier\/\">feuille d&#8217;annonces paroissiales<\/a> pour les sp\u00e9cificit\u00e9s de la semaine (il peut y avoir des changements, notamment pendant les vacances scolaires)<\/li>\n<li>des temps sp\u00e9cifiques sont propos\u00e9s avant <strong>No\u00ebl<\/strong> et <strong>P\u00e2ques<\/strong> (Semaine de la Mis\u00e9ricorde\u2026), voire avant d&#8217;autres grandes f\u00eates.<\/li>\n<\/ul>\n<p>&nbsp;<\/p>\n<h3>Pour aller plus loin :<\/h3>\n<ul>\n<li>Dossier du site <em>\u00c9glise catholique en France<\/em> : <a href=\"https:\/\/eglise.catholique.fr\/approfondir-sa-foi\/la-celebration-de-la-foi\/les-sacrements\/la-penitence-et-la-reconciliation\/\" target=\"_blank\" rel=\"noopener noreferrer\">\u00ab\u00a0La p\u00e9nitence et la r\u00e9conciliation\u00a0\u00bb<\/a><\/li>\n<li>Article du journal <em>La Croix<\/em> :\u00a0<a href=\"https:\/\/www.la-croix.com\/Religion\/Actualite\/De-la-penitence-a-la-reconciliation-_NG_-2011-02-17-563661\" target=\"_blank\" rel=\"noopener noreferrer\">\u00ab\u00a0De la p\u00e9nitence \u00e0 la r\u00e9conciliation\u00a0\u00bb<\/a><\/li>\n<\/ul>\n","protected":false},"excerpt":{"rendered":"<p>Sacrement de P\u00e9nitence et de R\u00e9conciliation Le Seigneur J\u00e9sus-Christ est le m\u00e9decin de nos \u00e2mes et de nos corps. Il a pardonn\u00e9 ses p\u00e9ch\u00e9s au paralytique et il lui a&hellip;<\/p>\n","protected":false},"author":4,"featured_media":0,"parent":147,"menu_order":5,"comment_status":"closed","ping_status":"open","template":"","meta":{"_lmt_disableupdate":"","_lmt_disable":"","footnotes":""},"class_list":["post-157","page","type-page","status-publish","hentry"],"jetpack_shortlink":"https:\/\/wp.me\/P7Mpl1-2x","jetpack_sharing_enabled":true,"_links":{"self":[{"href":"https:\/\/saintlouisenthelle.org\/accueil\/wp-json\/wp\/v2\/pages\/157","targetHints":{"allow":["GET"]}}],"collection":[{"href":"https:\/\/saintlouisenthelle.org\/accueil\/wp-json\/wp\/v2\/pages"}],"about":[{"href":"https:\/\/saintlouisenthelle.org\/accueil\/wp-json\/wp\/v2\/types\/page"}],"author":[{"embeddable":true,"href":"https:\/\/saintlouisenthelle.org\/accueil\/wp-json\/wp\/v2\/users\/4"}],"replies":[{"embeddable":true,"href":"https:\/\/saintlouisenthelle.org\/accueil\/wp-json\/wp\/v2\/comments?post=157"}],"version-history":[{"count":39,"href":"https:\/\/saintlouisenthelle.org\/accueil\/wp-json\/wp\/v2\/pages\/157\/revisions"}],"predecessor-version":[{"id":13585,"href":"https:\/\/saintlouisenthelle.org\/accueil\/wp-json\/wp\/v2\/pages\/157\/revisions\/13585"}],"up":[{"embeddable":true,"href":"https:\/\/saintlouisenthelle.org\/accueil\/wp-json\/wp\/v2\/pages\/147"}],"wp:attachment":[{"href":"https:\/\/saintlouisenthelle.org\/accueil\/wp-json\/wp\/v2\/media?parent=157"}],"curies":[{"name":"wp","href":"https:\/\/api.w.org\/{rel}","templated":true}]}}