{"id":151,"date":"2011-10-10T12:00:51","date_gmt":"2011-10-10T10:00:51","guid":{"rendered":"http:\/\/saintlouisenthelle.org\/?page_id=151"},"modified":"2023-05-15T20:24:09","modified_gmt":"2023-05-15T18:24:09","slug":"premiere-communion","status":"publish","type":"page","link":"https:\/\/saintlouisenthelle.org\/accueil\/sacrements\/premiere-communion\/","title":{"rendered":"Premi\u00e8re communion"},"content":{"rendered":"<p style=\"text-align: justify;\">La <strong>premi\u00e8re communion<\/strong>, c\u2019est recevoir pour la premi\u00e8re fois <strong>le corps du Christ<\/strong> sous forme d\u2019<strong>hostie consacr\u00e9e<\/strong> par le pr\u00eatre. La communion cr\u00e9e une relation personnelle au Christ en nous nourrissant de sa Parole et de sa vie.<\/p>\n<h2 style=\"text-align: justify;\"><strong>La premi\u00e8re communion<\/strong><\/h2>\n<div style=\"text-align: justify;\">\n<p><a href=\"https:\/\/i0.wp.com\/saintlouisenthelle.org\/accueil\/wp-content\/uploads\/2018\/10\/premiere-communion.jpg?ssl=1\" data-rel=\"penci-gallery-image-content\" ><img data-recalc-dims=\"1\" fetchpriority=\"high\" decoding=\"async\" class=\"alignright wp-image-6362 size-full\" src=\"https:\/\/i0.wp.com\/saintlouisenthelle.org\/accueil\/wp-content\/uploads\/2018\/10\/premiere-communion.jpg?resize=300%2C194&#038;ssl=1\" alt=\"\" width=\"300\" height=\"194\" \/><\/a>Il n&#8217;y a pas d&#8217;\u00e2ge &#8220;officiel&#8221; ; pour les enfants, la premi\u00e8re communion se pr\u00e9pare pendant le Cat\u00e9chisme.<br \/>\nPour les adolescents et les adultes, c&#8217;est possible de se pr\u00e9parer et de recevoir la communion pour la premi\u00e8re fois \u00e0 tout \u00e2ge, suivant la situation de chaque personne (adolescent, adulte).<\/p>\n<h2><strong>La messe<\/strong><\/h2>\n<p>La messe est <strong>l\u2019assembl\u00e9e de la communaut\u00e9 chr\u00e9tienne autour du Christ<\/strong>. La messe rend le Christ pr\u00e9sent au c\u0153ur de la communaut\u00e9 chr\u00e9tienne. On ne peut vivre pleinement sa foi sans prendre part r\u00e9guli\u00e8rement \u00e0 l\u2019assembl\u00e9e eucharistique. A la messe, notre pri\u00e8re est soutenue par la pri\u00e8re de nos fr\u00e8res, par leur chant, leur recueillement, leur t\u00e9moignage\u2026<\/p>\n<p>La messe est une <strong>nourriture spirituelle<\/strong>, elle apporte \u00e0 notre foi la lumi\u00e8re de la parole de Dieu par la liturgie de la parole qui \u00e9clairent notre vie. En effet si on ne participe pas \u00e0 l\u2019eucharistie, notre foi risque de devenir th\u00e9orique, de ne plus \u00e9clairer l\u2019ensemble de notre vie et de ne plus lui apporter un dynamisme spirituel.<\/p>\n<p>La messe est une <strong>communion au corps du Christ<\/strong>. En nous unissant au Christ, elle nous apporte la vie de Dieu. Elle nous donne un \u00e9lan spirituel pour la vie chr\u00e9tienne. J\u00e9sus a dit <em>\u00ab\u00a0Si vous ne mangez la chair du Fils de l\u2019homme et ne buvez son sang; vous n\u2019aurez pas la vie en vous\u00a0\u00bb<\/em>. La communion touche notre c\u0153ur : elle nous apporte la paix, nous purifie de nos p\u00e9ch\u00e9s. Par la communion nous recevons des forces pour vivre dans l\u2019amour et pour lutter contre le p\u00e9ch\u00e9.<\/p>\n<div style=\"position: relative; padding-bottom: 56.25%; height: 0; overflow: hidden;\"><iframe style=\"width: 100%; height: 100%; position: absolute; left: 0px; top: 0px; overflow: hidden;\" src=\"https:\/\/www.dailymotion.com\/embed\/video\/x83tzqk?autoplay=1\" width=\"100%\" height=\"100%\" frameborder=\"0\" allowfullscreen=\"allowfullscreen\"> <\/iframe><\/div>\n<h2>Concr\u00e8tement&#8230;<\/h2>\n<\/div>\n<p style=\"text-align: justify;\">Pour les <strong>enfants<\/strong> : pendant le\u00a0<strong>cat\u00e9chisme<\/strong>, l&#8217;enfant doit manifester le d\u00e9sir de communier, comprendre ce qu&#8217;il fait, participer r\u00e9guli\u00e8rement \u00e0 la messe et au cat\u00e9chisme et avoir envie de &#8220;vivre avec J\u00e9sus&#8221;, parmi ses disciples.<br \/>\nContactez Christelle Vasseur T\u00e9l.\u00a006 65 19 80 53 &#8211;\u00a0<a href=\"mailto:christelle.vasseur36@sfr.fr\">christelle.vasseur36@sfr.fr<\/a><\/p>\n<p style=\"text-align: justify;\">Pour les <strong>adolescents<\/strong>, les sacrements sont pr\u00e9par\u00e9s au sein de <a href=\"https:\/\/saintlouisenthelle.org\/accueil\/jeunes\/aumonerie\/\"><strong>l&#8217;Aum\u00f4nerie (contact)<\/strong><\/a>.<\/p>\n<p style=\"text-align: justify;\">Pour les <strong>adultes<\/strong>, les sacrements sont pr\u00e9par\u00e9s au sein de l&#8217;\u00e9quipe du <strong>Cat\u00e9chum\u00e9nat<\/strong>.<br \/>\nContactez l&#8217;Accueil de la paroisse :<\/p>\n<p style=\"text-align: justify;\"><strong>Maison paroissiale de Chambly :<br \/>\n<\/strong><a href=\"https:\/\/fr.mappy.com\/plan#\/87%20Avenue%20de%20Verdun%2C%2060230%20Chambly\" target=\"_blank\" rel=\"noopener noreferrer\">87 Avenue de Verdun<\/a> \u00e0 Chambly<\/p>\n<ul>\n<li style=\"text-align: justify;\">mercredi de 18h \u00e0 19h30<\/li>\n<li>samedi de 10h \u00e0 11h30<\/li>\n<\/ul>\n<p><strong><br \/>\nMaison paroissiale Sainte Jeanne d\u2019Arc \u00e0 Neuilly-en-Thelle :<br \/>\n<\/strong><a href=\"https:\/\/fr.mappy.com\/plan#\/1%20Chemin%20Jeanne%20d'Arc%2C%2060530%20Neuilly-en-Thelle\" target=\"_blank\" rel=\"noopener\">1 chemin Jeanne d\u2019Arc<\/a>\u00a0\u00e0 Neuilly-en-Thelle<strong><br \/>\n<\/strong><\/p>\n<ul>\n<li>samedi de 10h \u00e0 11h30<\/li>\n<\/ul>\n<p>&nbsp;<\/p>\n<h2>Pour en savoir plus :<\/h2>\n<ul>\n<li>D\u00e9couvrez <a href=\"https:\/\/liturgie.catholique.fr\/accueil\/la-messe\/\" target=\"_blank\" rel=\"noopener noreferrer\">le d\u00e9roulement de la messe<\/a><\/li>\n<li>La <a href=\"https:\/\/eglise.catholique.fr\/approfondir-sa-foi\/la-celebration-de-la-foi\/les-sacrements\/leucharistie\/372396-la-messe-en-questions\/\" target=\"_blank\" rel=\"noopener noreferrer\">messe en questions<\/a><\/li>\n<li>Questions autour de la <a href=\"https:\/\/croire.la-croix.com\/Definitions\/Sacrements\/Premiere-communion\" target=\"_blank\" rel=\"noopener noreferrer\">Premi\u00e8re communion<\/a><\/li>\n<li>Quel <a href=\"https:\/\/eglise.catholique.fr\/approfondir-sa-foi\/vivre-sa-foi-a-tous-les-ages\/transmettre-la-foi\/catechisme\/quel-lien-entre-catechisme-et-sacrements\/\" target=\"_blank\" rel=\"noopener noreferrer\">lien entre le cat\u00e9chisme et les sacrements ?<\/a><\/li>\n<\/ul>\n<p style=\"text-align: justify;\">\n","protected":false},"excerpt":{"rendered":"<p>La premi\u00e8re communion, c\u2019est recevoir pour la premi\u00e8re fois le corps du Christ sous forme d\u2019hostie consacr\u00e9e par le pr\u00eatre. La communion cr\u00e9e une relation personnelle au Christ en nous&hellip;<\/p>\n","protected":false},"author":4,"featured_media":0,"parent":147,"menu_order":4,"comment_status":"closed","ping_status":"closed","template":"","meta":{"_lmt_disableupdate":"","_lmt_disable":"","footnotes":""},"class_list":["post-151","page","type-page","status-publish","hentry"],"jetpack_shortlink":"https:\/\/wp.me\/P7Mpl1-2r","jetpack_sharing_enabled":true,"_links":{"self":[{"href":"https:\/\/saintlouisenthelle.org\/accueil\/wp-json\/wp\/v2\/pages\/151","targetHints":{"allow":["GET"]}}],"collection":[{"href":"https:\/\/saintlouisenthelle.org\/accueil\/wp-json\/wp\/v2\/pages"}],"about":[{"href":"https:\/\/saintlouisenthelle.org\/accueil\/wp-json\/wp\/v2\/types\/page"}],"author":[{"embeddable":true,"href":"https:\/\/saintlouisenthelle.org\/accueil\/wp-json\/wp\/v2\/users\/4"}],"replies":[{"embeddable":true,"href":"https:\/\/saintlouisenthelle.org\/accueil\/wp-json\/wp\/v2\/comments?post=151"}],"version-history":[{"count":29,"href":"https:\/\/saintlouisenthelle.org\/accueil\/wp-json\/wp\/v2\/pages\/151\/revisions"}],"predecessor-version":[{"id":12308,"href":"https:\/\/saintlouisenthelle.org\/accueil\/wp-json\/wp\/v2\/pages\/151\/revisions\/12308"}],"up":[{"embeddable":true,"href":"https:\/\/saintlouisenthelle.org\/accueil\/wp-json\/wp\/v2\/pages\/147"}],"wp:attachment":[{"href":"https:\/\/saintlouisenthelle.org\/accueil\/wp-json\/wp\/v2\/media?parent=151"}],"curies":[{"name":"wp","href":"https:\/\/api.w.org\/{rel}","templated":true}]}}