{"id":149,"date":"2011-10-10T12:00:13","date_gmt":"2011-10-10T10:00:13","guid":{"rendered":"http:\/\/saintlouisenthelle.org\/?page_id=149"},"modified":"2026-04-10T16:17:52","modified_gmt":"2026-04-10T14:17:52","slug":"bapteme","status":"publish","type":"page","link":"https:\/\/saintlouisenthelle.org\/accueil\/sacrements\/bapteme\/","title":{"rendered":"Bapt\u00eame des enfants"},"content":{"rendered":"<h2>Qu&#8217;est-ce que le bapt\u00eame ?<\/h2>\n<blockquote>\n<p style=\"text-align: justify;\">Par le <strong>bapt\u00eame<\/strong>, les hommes deviennent un seul corps dans le Christ pour former le peuple de Dieu. Ils re\u00e7oivent le pardon de tous leurs p\u00e9ch\u00e9s et, arrach\u00e9s \u00e0 la puissance des t\u00e9n\u00e8bres, ils passent de la condition humaine dans laquelle ils naissent comme fils d\u2019Adam \u00e0 l\u2019\u00e9tat de gr\u00e2ce et d\u2019adoption des fils de Dieu\u00a0: leur naissance de l\u2019eau et de l\u2019Esprit Saint fait d\u2019eux une cr\u00e9ation nouvelle.<\/p>\n<p style=\"text-align: right;\">\u2013 <em>Rituel du bapt\u00eame,<\/em>\u00a0n. 2<\/p>\n<\/blockquote>\n<h2><img data-recalc-dims=\"1\" decoding=\"async\" class=\"alignright wp-image-10251\" src=\"https:\/\/i0.wp.com\/saintlouisenthelle.org\/accueil\/wp-content\/uploads\/2021\/04\/bapteme.jpg?resize=151%2C144&#038;ssl=1\" alt=\"\" width=\"151\" height=\"144\" srcset=\"https:\/\/i0.wp.com\/saintlouisenthelle.org\/accueil\/wp-content\/uploads\/2021\/04\/bapteme.jpg?resize=300%2C287&amp;ssl=1 300w, https:\/\/i0.wp.com\/saintlouisenthelle.org\/accueil\/wp-content\/uploads\/2021\/04\/bapteme.jpg?w=474&amp;ssl=1 474w\" sizes=\"(max-width: 151px) 100vw, 151px\" \/><\/h2>\n<p style=\"text-align: justify;\">Le nom du <em><strong>bapt\u00eame<\/strong><\/em> vient du geste qui le r\u00e9alise : baptiser signifie \u00ab plonger \u00bb, \u00ab\u00a0immerger \u00bb. La plong\u00e9e dans l&#8217;eau signifie pour le baptis\u00e9 son union au Christ dans sa mort et sa r\u00e9surrection, \u00ab nouvelle cr\u00e9ature \u00bb dans le Christ.<\/p>\n<p style=\"text-align: justify;\">Les grands \u00e9v\u00e9nements de l&#8217;histoire de <strong>l&#8217;Alliance de Dieu avec l&#8217;humanit\u00e9<\/strong>, rappel\u00e9s dans la c\u00e9l\u00e9bration de la nuit de P\u00e2ques (Vigile Pascale) annon\u00e7aient d\u00e9j\u00e0 le bapt\u00eame. Par exemple, la travers\u00e9e de la mer Rouge, v\u00e9ritable lib\u00e9ration d&#8217;Isra\u00ebl de l&#8217;esclavage en \u00c9gypte, annonce la lib\u00e9ration du p\u00e9ch\u00e9 par le bapt\u00eame. Dans sa P\u00e2que, par sa mort et sa R\u00e9surrection, le Christ a ouvert \u00e0 tous les hommes les sources de la vie \u00e9ternelle.<\/p>\n<p style=\"text-align: justify;\">Le Bapt\u00eame se donne donc en plongeant le cat\u00e9chum\u00e8ne dans l&#8217;eau, ou en lui versant de l&#8217;eau sur la t\u00eate, en invoquant la Sainte Trinit\u00e9 : <em><strong>\u00ab <\/strong>[Untel], <strong>\u00a0je te baptise au nom du P\u00e8re, et du Fils et du Saint-Esprit\u00a0\u00bb<\/strong><\/em>.<\/p>\n<p style=\"text-align: justify;\">Pour plus d&#8217;informations sur le bapt\u00eame :\u00a0<a href=\"https:\/\/liturgie.catholique.fr\/initiation-chretienne\/le-bapteme\/\" target=\"_blank\" rel=\"noopener noreferrer\"><u><span style=\"color: #0066cc;\">Portail de la liturgie catholique<\/span><\/u><\/a><\/p>\n<h3 style=\"text-align: justify;\">Comment faire baptiser mon enfant ?<\/h3>\n<p>Plusieurs cas peuvent se pr\u00e9senter :<\/p>\n<h4>Enfants de 0 \u00e0 3 ans :<\/h4>\n<ul>\n<li style=\"text-align: justify;\">Pour les <strong>enfants de 0 \u00e0 3 ans<\/strong>, les <strong>parents<\/strong> suivent un <strong>parcours de pr\u00e9paration<\/strong> avant la c\u00e9l\u00e9bration du bapt\u00eame, auquel le <strong>parrain<\/strong> et la <strong>marraine<\/strong> sont invit\u00e9s \u00e0 participer s&#8217;ils le peuvent : <strong>3 rencontres<\/strong> de pr\u00e9paration (2 soir\u00e9es et un Dimanche matin),<\/li>\n<\/ul>\n<h4>Enfants de 3 \u00e0 6 ans :<\/h4>\n<ul>\n<li style=\"text-align: justify;\">pour les <strong>enfants de 3 \u00e0 6 ans<\/strong>, les <strong>parents<\/strong>\u00a0suivent un <strong>parcours de pr\u00e9paration<\/strong> avant la c\u00e9l\u00e9bration du bapt\u00eame (le\u00a0<strong>parrain<\/strong> et la\u00a0<strong>marraine<\/strong> y sont invit\u00e9s \u00e9galement) :\u00a0<strong>3 rencontres<\/strong> de pr\u00e9paration (2 soir\u00e9es et un Dimanche matin),<br \/>\net les <strong>enfants<\/strong> participent \u00e0 des <strong>rencontres d&#8217;<a href=\"https:\/\/saintlouisenthelle.org\/accueil\/jeunes\/eveil-a-la-foi\/\">\u00e9veil \u00e0 la foi<\/a><\/strong>\u00a0avec d&#8217;autres enfants, au cours desquelles ils commencent \u00e0 d\u00e9couvrir qui est J\u00e9sus, la pri\u00e8re\u2026<br \/>\nDes <strong>rencontres sp\u00e9cifiques<\/strong> sont aussi pr\u00e9vues avec une cat\u00e9chiste, pour <strong>l&#8217;enfant<\/strong> et ses <strong>parents<\/strong>, afin qu&#8217;il comprenne ce qu&#8217;est le bapt\u00eame, ce qui va se passer, et que ses parents l&#8217;accompagnent dans cette d\u00e9marche,<\/li>\n<\/ul>\n<h4>Enfants de plus de 6 ans :<\/h4>\n<ul>\n<li style=\"text-align: justify;\">pour les <strong>enfants de plus de 6 ans<\/strong>, ils pr\u00e9parent le bapt\u00eame en m\u00eame temps que leur participation \u00e0 l&#8217;<a href=\"https:\/\/saintlouisenthelle.org\/accueil\/jeunes\/eveil-a-la-foi\/\">\u00c9veil \u00e0 la foi<\/a> et au <a href=\"https:\/\/saintlouisenthelle.org\/accueil\/jeunes\/catechisme\/\"><strong>Cat\u00e9chisme<\/strong><\/a>. <strong>Les enfants<\/strong> vivent des \u00e9tapes qui, sur deux ann\u00e9es scolaires, les conduisent \u00e0 \u00eatre baptis\u00e9s \u00e0 P\u00e2ques.<br \/>\nLes <strong>parents<\/strong> les accompagnent dans leur d\u00e9marche, avec le <strong>parrain<\/strong> et la <strong>marraine<\/strong>.<\/li>\n<\/ul>\n<h4>Jeunes de 11 \u00e0 18 ans :<\/h4>\n<ul>\n<li>pour les <strong>jeunes de 11 \u00e0 18 ans<\/strong>, la pr\u00e9paration au bapt\u00eame se fait dans le cadre de <a href=\"https:\/\/saintlouisenthelle.org\/accueil\/jeunes\/aumonerie\/\"><strong>l&#8217;Aum\u00f4nerie<\/strong><\/a>. <strong>Les jeunes<\/strong> vivent des \u00e9tapes qui, sur deux ann\u00e9es scolaires, les conduisent \u00e0 \u00eatre baptis\u00e9s \u00e0 P\u00e2ques.<br \/>\nLes <strong>parents<\/strong> les accompagnent dans leur d\u00e9marche, avec le <strong>parrain<\/strong> et la <strong>marraine<\/strong>.<\/li>\n<\/ul>\n<div id=\"attachment_12574\" style=\"width: 437px\" class=\"wp-caption aligncenter\"><a href=\"https:\/\/i0.wp.com\/saintlouisenthelle.org\/accueil\/wp-content\/uploads\/2023\/05\/bapteme-enfant.jpg?ssl=1\" data-rel=\"penci-gallery-image-content\" ><img data-recalc-dims=\"1\" fetchpriority=\"high\" decoding=\"async\" aria-describedby=\"caption-attachment-12574\" class=\"size-full wp-image-12574\" src=\"https:\/\/i0.wp.com\/saintlouisenthelle.org\/accueil\/wp-content\/uploads\/2023\/05\/bapteme-enfant.jpg?resize=427%2C640&#038;ssl=1\" alt=\"\" width=\"427\" height=\"640\" srcset=\"https:\/\/i0.wp.com\/saintlouisenthelle.org\/accueil\/wp-content\/uploads\/2023\/05\/bapteme-enfant.jpg?w=427&amp;ssl=1 427w, https:\/\/i0.wp.com\/saintlouisenthelle.org\/accueil\/wp-content\/uploads\/2023\/05\/bapteme-enfant.jpg?resize=200%2C300&amp;ssl=1 200w\" sizes=\"(max-width: 427px) 100vw, 427px\" \/><\/a><p id=\"caption-attachment-12574\" class=\"wp-caption-text\">HollyGirl18 de Pixabay<\/p><\/div>\n<h3 style=\"text-align: justify;\">Comment proc\u00e9der pour l&#8217;inscription \/ la demande ?<\/h3>\n<div id=\"attachment_11797\" style=\"width: 137px\" class=\"wp-caption alignright\"><a href=\"https:\/\/public.enoria.app\/pubinsc\/gp\/3caeff49bb83988\/open\" target=\"_blank\" rel=\"noopener\"><img data-recalc-dims=\"1\" decoding=\"async\" aria-describedby=\"caption-attachment-11797\" class=\"wp-image-11797\" src=\"https:\/\/i0.wp.com\/saintlouisenthelle.org\/accueil\/wp-content\/uploads\/2022\/09\/nouveau2.png?resize=127%2C102&#038;ssl=1\" alt=\"\" width=\"127\" height=\"102\" \/><\/a><p id=\"caption-attachment-11797\" class=\"wp-caption-text\">pr\u00e9-inscription Bapt\u00eame<\/p><\/div>\n<h4>\u2192 faites une <a href=\"https:\/\/public.enoria.app\/pubinsc\/gp\/3caeff49bb83988\/open\" target=\"_blank\" rel=\"noopener\"><span style=\"color: #ff0000;\">pr\u00e9-inscription en ligne<\/span><\/a> pour le bapt\u00eame d&#8217;un enfant :<\/h4>\n<ol>\n<li>Remplissez le <a href=\"https:\/\/public.enoria.app\/pubinsc\/gp\/3caeff49bb83988\/open\" target=\"_blank\" rel=\"noopener\">formulaire de pr\u00e9-inscription<\/a> pour la demande de bapt\u00eame pour votre enfant : <a href=\"https:\/\/w.enoria.link\/bapteme-chambly\" target=\"_blank\" rel=\"noopener\">https:\/\/w.enoria.link\/bapteme-chambly<\/a><\/li>\n<li><span style=\"color: #0000ff;\">Puis venez lors d&#8217;une <strong>permanence d&#8217;Accueil<\/strong> de la paroisse<\/span> pour finaliser la demande et vous inscrire \u00e0 la <strong>pr\u00e9paration<\/strong> (horaires et lieux de l&#8217;Accueil paroissial ci-dessous)<\/li>\n<li><span style=\"text-align: justify;\">Merci de nous fournir <\/span><strong style=\"text-align: justify;\">l&#8217;acte de naissance<\/strong><span style=\"text-align: justify;\"> (copie int\u00e9grale) de l&#8217;enfant lors de l&#8217;inscription <\/span><\/li>\n<li><strong style=\"text-align: justify;\">L&#8217;accord explicite<\/strong><span style=\"text-align: justify;\"> des <\/span><strong style=\"text-align: justify;\">deux parents<\/strong><span style=\"text-align: justify;\"> est obligatoire, en signant tous les deux le document &#8220;Demande de bapt\u00eame&#8221; \u00e0 l&#8217;Accueil paroissial<br \/>\n<\/span><\/li>\n<li><span style=\"text-align: justify;\">Demander le bapt\u00eame pour son enfant implique que <\/span><strong style=\"text-align: justify;\">les parents s&#8217;engagent \u00e0 lui donner une \u00e9ducation chr\u00e9tienne<\/strong><span style=\"text-align: justify;\">, notamment en l&#8217;inscrivant \u00e0 l&#8217;\u00e9veil \u00e0 la foi et au <\/span><strong style=\"text-align: justify;\">cat\u00e9chisme<\/strong><span style=\"text-align: justify;\"> lorsqu&#8217;il en aura l&#8217;\u00e2ge<br \/>\n<\/span><\/li>\n<li><strong style=\"text-align: justify;\">Le parrain<\/strong><span style=\"text-align: justify;\"> et\u00a0<\/span><strong style=\"text-align: justify;\">la marraine<\/strong><span style=\"text-align: justify;\">\u00a0que vous choisissez doivent n\u00e9cessairement \u00eatre <\/span><strong style=\"text-align: justify;\">baptis\u00e9s catholiques<\/strong><span style=\"text-align: justify;\"> et <\/span><strong style=\"text-align: justify;\">croyants<\/strong><span style=\"text-align: justify;\">.<br \/>\nDans la mesure du possible, ils doivent avoir re\u00e7u une \u00e9ducation chr\u00e9tienne (<a href=\"https:\/\/saintlouisenthelle.org\/accueil\/sacrements\/premiere-communion\/\">Premi\u00e8re communion<\/a> et <\/span><a style=\"text-align: justify;\" href=\"https:\/\/eglise.catholique.fr\/approfondir-sa-foi\/la-celebration-de-la-foi\/les-sacrements\/la-confirmation\/\" target=\"_blank\" rel=\"noopener\">sacrement de Confirmation<\/a><span style=\"text-align: justify;\">) et \u00eatre pratiquants :<\/span><span style=\"text-align: justify;\">\u00a0cf. le document <\/span><a style=\"text-align: justify;\" href=\"https:\/\/www.calameo.com\/books\/00482883386332fba943a\" target=\"_blank\" rel=\"noopener noreferrer\"><em>Le parrain, la marraine d\u2019un enfant : Une personne essentielle sur le chemin de la foi<\/em><\/a><span style=\"text-align: justify;\"> qui pr\u00e9sente en d\u00e9tail <\/span><strong style=\"text-align: justify;\">le r\u00f4le<\/strong><span style=\"text-align: justify;\"> et <\/span><strong style=\"text-align: justify;\">les conditions<\/strong><span style=\"text-align: justify;\"> pour \u00eatre parrain ou marraine<br \/>\n<\/span><\/li>\n<li><span style=\"text-align: justify;\">Nous pourrons r\u00e9pondre \u00e0 vos questions et vous accompagner pour avancer dans la pr\u00e9paration du bapt\u00eame de votre enfant, \u00e0 l&#8217;Accueil paroissial et lors des rencontres de pr\u00e9paration<br \/>\n<\/span><\/li>\n<\/ol>\n<h4>Inscription \u00e0 l&#8217;Accueil paroissial :<\/h4>\n<p><strong>\u00e0 la Maison paroissiale de Chambly :<br \/>\n<\/strong><a href=\"https:\/\/fr.mappy.com\/plan#\/87%20Avenue%20de%20Verdun%2C%2060230%20Chambly\" target=\"_blank\" rel=\"noopener noreferrer\">87 Avenue de Verdun<\/a> \u00e0 Chambly<\/p>\n<ul>\n<li>mercredi de 18h \u00e0 19h30<\/li>\n<li>samedi de 10h \u00e0 midi<\/li>\n<\/ul>\n<p><strong><br \/>\n\u00e0 la Maison paroissiale de Neuilly-en-Thelle :<br \/>\n<\/strong><a href=\"https:\/\/fr.mappy.com\/plan#\/1%20Chemin%20Jeanne%20d'Arc%2C%2060530%20Neuilly-en-Thelle\" target=\"_blank\" rel=\"noopener\">1 chemin Jeanne d\u2019Arc<\/a>\u00a0\u00e0 Neuilly-en-Thelle<strong><br \/>\n<\/strong><\/p>\n<ul>\n<li>samedi de 10h \u00e0 11h30<\/li>\n<\/ul>\n<iframe src=\"\/\/docs.google.com\/viewer?url=https%3A%2F%2Fsaintlouisenthelle.org%2Faccueil%2Fwp-content%2Fuploads%2F2026%2F04%2FLeaflet_3-volets_Bapteme_2026_v2.pdf&hl=fr&embedded=true\" class=\"gde-frame\" style=\"width:100%; height:500px; border: none;\" scrolling=\"no\"><\/iframe>\n<p class=\"gde-text\"><a href=\"https:\/\/saintlouisenthelle.org\/accueil\/wp-content\/uploads\/2026\/04\/Leaflet_3-volets_Bapteme_2026_v2.pdf\" class=\"gde-link\">T\u00e9l\u00e9charger (PDF, 686KB)<\/a><\/p>\n<h2>Quel est le co\u00fbt d\u2019un bapt\u00eame ?<\/h2>\n<p style=\"text-align: justify;\">Un sacrement n\u2019a pas de <em><strong>prix<\/strong><\/em>, mais la vie de l\u2019\u00c9glise a un <em><strong>co\u00fbt<\/strong><\/em> : pour participer aux frais de la paroisse et de l\u2019\u00c9glise dioc\u00e9saine, <strong>l\u2019offrande pour le bapt\u00eame<\/strong> (appel\u00e9e \u201ccasuel\u201d) est d\u2019<strong>un montant<\/strong> compris <strong>entre 60 \u20ac<\/strong> et <strong>200 \u20ac<\/strong> (bar\u00e8me ann\u00e9e 2026), \u00e0 fixer par les parents dans cette fourchette, en fonction de leurs possibilit\u00e9s.<br \/>\nL\u2019offrande est \u00e0 verser par ch\u00e8que bancaire, par carte bancaire (paiement en ligne s\u00e9curis\u00e9), ou en esp\u00e8ces.<\/p>\n<h3 style=\"text-align: justify;\">Comment choisir un parrain et une marraine ?<\/h3>\n<p>Consultez la brochure &#8220;<a style=\"text-align: center;\" href=\"https:\/\/www.calameo.com\/books\/00482883386332fba943a\" target=\"_blank\" rel=\"noopener noreferrer\"><em>Le parrain, la marraine d&#8217;un enfant : Une personne essentielle sur le chemin de la foi<\/em><\/a>&#8221; :<\/p>\n<div style=\"text-align: center;\">\n<div style=\"text-align: center;\">\n<p><iframe style=\"margin: 0 auto;\" src=\"\/\/v.calameo.com\/?bkcode=00482883386332fba943a\" width=\"300\" height=\"194\" frameborder=\"0\" scrolling=\"no\" allowfullscreen=\"allowfullscreen\"><\/iframe><\/p>\n<div style=\"margin: 4px 0px 8px;\"><\/div>\n<\/div>\n<p style=\"text-align: justify;\">Quelques rep\u00e8res en vid\u00e9o :<\/p>\n<p><iframe src=\"https:\/\/www.youtube.com\/embed\/aKnM7kDGBb0\" width=\"560\" height=\"315\" frameborder=\"0\" allowfullscreen=\"allowfullscreen\"><\/iframe><\/p>\n<h3 style=\"text-align: justify;\">Et si je suis adulte, puis-je \u00eatre baptis\u00e9 ?<\/h3>\n<p style=\"text-align: justify;\">On peut demander le bapt\u00eame <em><strong>\u00e0 tout \u00e2ge<\/strong><\/em>. Un groupe d&#8217;adultes accompagne les personnes qui font la demande du bapt\u00eame et des autres sacrements de l&#8217;Initiation chr\u00e9tienne (Confirmation et Eucharistie).<\/p>\n<p style=\"text-align: justify;\">En pr\u00e9parant le bapt\u00eame, on d\u00e9bute un chemin dans la vie chr\u00e9tienne, qui ne s&#8217;arr\u00eatera pas avec la c\u00e9l\u00e9bration du bapt\u00eame.<\/p>\n<p style=\"text-align: justify;\">Pour toute demande, venez lors d&#8217;une permanence d&#8217;Accueil de la paroisse pour faire connaissance.<\/p>\n<\/div>\n","protected":false},"excerpt":{"rendered":"<p>Qu&#8217;est-ce que le bapt\u00eame ? Par le bapt\u00eame, les hommes deviennent un seul corps dans le Christ pour former le peuple de Dieu. Ils re\u00e7oivent le pardon de tous leurs&hellip;<\/p>\n","protected":false},"author":4,"featured_media":0,"parent":147,"menu_order":1,"comment_status":"closed","ping_status":"open","template":"","meta":{"_lmt_disableupdate":"no","_lmt_disable":"","footnotes":""},"class_list":["post-149","page","type-page","status-publish","hentry"],"jetpack_shortlink":"https:\/\/wp.me\/P7Mpl1-2p","jetpack_sharing_enabled":true,"_links":{"self":[{"href":"https:\/\/saintlouisenthelle.org\/accueil\/wp-json\/wp\/v2\/pages\/149","targetHints":{"allow":["GET"]}}],"collection":[{"href":"https:\/\/saintlouisenthelle.org\/accueil\/wp-json\/wp\/v2\/pages"}],"about":[{"href":"https:\/\/saintlouisenthelle.org\/accueil\/wp-json\/wp\/v2\/types\/page"}],"author":[{"embeddable":true,"href":"https:\/\/saintlouisenthelle.org\/accueil\/wp-json\/wp\/v2\/users\/4"}],"replies":[{"embeddable":true,"href":"https:\/\/saintlouisenthelle.org\/accueil\/wp-json\/wp\/v2\/comments?post=149"}],"version-history":[{"count":110,"href":"https:\/\/saintlouisenthelle.org\/accueil\/wp-json\/wp\/v2\/pages\/149\/revisions"}],"predecessor-version":[{"id":14694,"href":"https:\/\/saintlouisenthelle.org\/accueil\/wp-json\/wp\/v2\/pages\/149\/revisions\/14694"}],"up":[{"embeddable":true,"href":"https:\/\/saintlouisenthelle.org\/accueil\/wp-json\/wp\/v2\/pages\/147"}],"wp:attachment":[{"href":"https:\/\/saintlouisenthelle.org\/accueil\/wp-json\/wp\/v2\/media?parent=149"}],"curies":[{"name":"wp","href":"https:\/\/api.w.org\/{rel}","templated":true}]}}