{"id":147,"date":"2011-10-10T12:00:18","date_gmt":"2011-10-10T10:00:18","guid":{"rendered":"http:\/\/saintlouisenthelle.org\/?page_id=147"},"modified":"2024-11-30T22:05:38","modified_gmt":"2024-11-30T21:05:38","slug":"sacrements","status":"publish","type":"page","link":"https:\/\/saintlouisenthelle.org\/accueil\/sacrements\/","title":{"rendered":"Vie chr\u00e9tienne et sacrements"},"content":{"rendered":"<ul>\n<li>\n<h4><a title=\"Bapt\u00eames\" href=\"https:\/\/saintlouisenthelle.org\/accueil\/?page_id=149\">Bapt\u00eame des enfants<\/a><\/h4>\n<\/li>\n<\/ul>\n<ul>\n<li>\n<h4><a title=\"Bapt\u00eame des adultes\" href=\"https:\/\/saintlouisenthelle.org\/accueil\/?page_id=2972\">Bapt\u00eame des adultes<\/a><\/h4>\n<\/li>\n<li>\n<h4><a title=\"Confirmation\" href=\"https:\/\/saintlouisenthelle.org\/accueil\/?page_id=160\">Confirmation<\/a><\/h4>\n<\/li>\n<li>\n<h4><a title=\"Premi\u00e8re communion\" href=\"https:\/\/saintlouisenthelle.org\/accueil\/?page_id=151\">Premi\u00e8re communion<\/a><\/h4>\n<\/li>\n<li>\n<h4><a title=\"Confession\" href=\"https:\/\/saintlouisenthelle.org\/accueil\/?page_id=157\">Confession<\/a><\/h4>\n<\/li>\n<\/ul>\n<ul>\n<li>\n<h4><a title=\"Mariage\" href=\"https:\/\/saintlouisenthelle.org\/accueil\/?page_id=162\">Mariage<\/a><\/h4>\n<\/li>\n<\/ul>\n<ul>\n<li>\n<h4><a title=\"Sacrement des malades\" href=\"https:\/\/saintlouisenthelle.org\/accueil\/?page_id=164\">Onction des malades<\/a><\/h4>\n<\/li>\n<\/ul>\n<ul>\n<li>\n<h4><a title=\"Fun\u00e9railles \u2013 Obs\u00e8ques\" href=\"https:\/\/saintlouisenthelle.org\/accueil\/?page_id=166\">Fun\u00e9railles chr\u00e9tiennes<\/a><\/h4>\n<\/li>\n<\/ul>\n","protected":false},"excerpt":{"rendered":"<p>Bapt\u00eame des enfants Bapt\u00eame des adultes Confirmation Premi\u00e8re communion Confession Mariage Onction des malades Fun\u00e9railles chr\u00e9tiennes<\/p>\n","protected":false},"author":4,"featured_media":0,"parent":0,"menu_order":4,"comment_status":"closed","ping_status":"closed","template":"","meta":{"_lmt_disableupdate":"","_lmt_disable":"","footnotes":""},"class_list":["post-147","page","type-page","status-publish","hentry"],"jetpack_shortlink":"https:\/\/wp.me\/P7Mpl1-2n","jetpack_sharing_enabled":true,"_links":{"self":[{"href":"https:\/\/saintlouisenthelle.org\/accueil\/wp-json\/wp\/v2\/pages\/147","targetHints":{"allow":["GET"]}}],"collection":[{"href":"https:\/\/saintlouisenthelle.org\/accueil\/wp-json\/wp\/v2\/pages"}],"about":[{"href":"https:\/\/saintlouisenthelle.org\/accueil\/wp-json\/wp\/v2\/types\/page"}],"author":[{"embeddable":true,"href":"https:\/\/saintlouisenthelle.org\/accueil\/wp-json\/wp\/v2\/users\/4"}],"replies":[{"embeddable":true,"href":"https:\/\/saintlouisenthelle.org\/accueil\/wp-json\/wp\/v2\/comments?post=147"}],"version-history":[{"count":26,"href":"https:\/\/saintlouisenthelle.org\/accueil\/wp-json\/wp\/v2\/pages\/147\/revisions"}],"predecessor-version":[{"id":13566,"href":"https:\/\/saintlouisenthelle.org\/accueil\/wp-json\/wp\/v2\/pages\/147\/revisions\/13566"}],"wp:attachment":[{"href":"https:\/\/saintlouisenthelle.org\/accueil\/wp-json\/wp\/v2\/media?parent=147"}],"curies":[{"name":"wp","href":"https:\/\/api.w.org\/{rel}","templated":true}]}}