{"id":14405,"date":"2025-11-29T12:00:43","date_gmt":"2025-11-29T11:00:43","guid":{"rendered":"https:\/\/saintlouisenthelle.org\/accueil\/?page_id=14405"},"modified":"2025-12-25T19:58:48","modified_gmt":"2025-12-25T18:58:48","slug":"oclocher","status":"publish","type":"page","link":"https:\/\/saintlouisenthelle.org\/accueil\/la-paroisse\/oclocher\/","title":{"rendered":"OClocher appli paroissiale"},"content":{"rendered":"<p>Notre paroisse s&#8217;est dot\u00e9e d\u2019un nouvel outil de communication : l\u2019<strong>application OClocher<\/strong> (nov. 2025). Une appli paroissiale pour plus de liens, de fraternit\u00e9 et d\u2019informations sur votre t\u00e9l\u00e9phone !<\/p>\n<p>Depuis votre <strong>t\u00e9l\u00e9phone<\/strong> ou votre <strong>ordinateur<\/strong>, vous pouvez d\u2019ores et d\u00e9j\u00e0 <strong>installer l\u2019application OClocher <\/strong>sur votre <strong>smartphone<\/strong>, ou sur votre <strong>ordinateur :<\/strong> <a href=\"https:\/\/www.oclocher.fr\/app\" target=\"_blank\" rel=\"noopener\"><strong><mark class=\"has-inline-color has-vivid-red-color\">https:\/\/www.oclocher.fr\/app<\/mark><\/strong><\/a><br \/>\npuis choisir la paroisse : <a href=\"https:\/\/links.oclocher.app\/TYJdmGZea87rAYNinWcx\" target=\"_blank\" rel=\"noopener\"><mark class=\"has-inline-color has-vivid-red-color\"><strong>Chambly Pays de Thelle<\/strong><\/mark><\/a><\/p>\n<p><strong>En cr\u00e9ant <em>votre profil<\/em><\/strong> sur OClocher, vous pourrez :<\/p>\n<ul>\n<li>\n<ul>\n<li>\n<ul>\n<li>avoir acc\u00e8s \u00e0 toutes les infos paroissiales<\/li>\n<li>interagir en likant les publications (comme\u00a0un r\u00e9seau social)<\/li>\n<li>consulter les horaires de messes, vous inscrire aux \u00e9v\u00e9nements paroissiaux, prier pour une intention<\/li>\n<li>proposer un article, un \u00e9v\u00e9nement, une intention de pri\u00e8re, demander un coup de main\u2026<\/li>\n<\/ul>\n<\/li>\n<\/ul>\n<p>\u2026 et bien plus encore !<\/li>\n<\/ul>\n<p>\u2192 <a href=\"https:\/\/saintlouisenthelle.org\/accueil\/wp-content\/uploads\/2025\/12\/Tuto-Creation-Compte-Oclocher-3-1.pdf\" target=\"_blank\" rel=\"noopener\">tutoriel pour installer l&#8217;appli : cliquez ici<\/a><\/p>\n<p><iframe title=\"YouTube video player\" src=\"https:\/\/www.youtube.com\/embed\/eriywPQ7F64?si=6ZpT3cYBidFQaYup\" width=\"560\" height=\"315\" frameborder=\"0\" allowfullscreen=\"allowfullscreen\"><\/iframe><\/p>\n<h1>Cr\u00e9ez votre profil sur OClocher<\/h1>\n<div class=\"elementor-element elementor-element-faa95d2 elementor-widget elementor-widget-theme-post-content\" data-id=\"faa95d2\" data-element_type=\"widget\" data-widget_type=\"theme-post-content.default\">\n<div class=\"elementor-widget-container\">\n<p><strong>Les paroissiens qui s\u2019identifient ont davantage de possibilit\u00e9s dans l\u2019application<\/strong>. Consulter OClocher en \u00ab\u00a0anonyme\u00a0\u00bb, restera bien s\u00fbr toujours possible, pour permettre de faire un premier petit pas dans la communaut\u00e9 en restant discret.<\/p>\n<h4>Toutefois, l\u2019objectif est bien ici d\u2019apprendre \u00e0 mieux se conna\u00eetre !<\/h4>\n<p>Pour cela, vous avez la possibilit\u00e9 de \u00ab\u00a0<strong>cr\u00e9er votre profil<\/strong>\u00a0\u00bb, pour d\u00e9poser tout simplement votre nom, accompagn\u00e9 si vous le souhaitez d\u2019une photo et d\u2019un contact (email, t\u00e9l\u00e9phone). C\u2019est tout simplement plus fraternel !<\/p>\n<h4>A quoi cela vous servira-t-il concr\u00e8tement ?<\/h4>\n<ul>\n<li>vous pourrez alors <strong>r\u00e9agir aux publications<\/strong> : vous inscrire aux \u00e9v\u00e8nements propos\u00e9s, vous porter volontaire aux appels \u00e0 b\u00e9n\u00e9voles\u2026 pour contribuer \u00e0 la vie de votre paroisse<\/li>\n<li>vous pourrez <strong>proposer vous-m\u00eame des publications<\/strong> : intentions de pri\u00e8re, article, demande de coup de main\u2026 pour pouvoir compter les uns sur les autres<\/li>\n<li>vous pourrez ajouter plusieurs paroisses \u00e0 vos \u00ab favoris \u00bb pour <strong>naviguer facilement de l\u2019une \u00e0 l\u2019autre<\/strong> : votre paroisse de vacances, la paroisse voisine\u2026<\/li>\n<\/ul>\n<h4>Que deviennent vos donn\u00e9es personnelles ?<\/h4>\n<p>Pas d\u2019inqui\u00e9tude, OClocher prend <strong>tr\u00e8s au s\u00e9rieux<\/strong> la protection de votre vie priv\u00e9e. Vous \u00eates libres de choisir int\u00e9gralement quelles donn\u00e9es de contact seront partag\u00e9es et lesquelles resteront strictement confidentielles. Par ailleurs, OClocher s\u2019engage \u00e0 conserver vos donn\u00e9es pr\u00e9cieusement et \u00e0 ne jamais les diffuser en dehors de l\u2019appli.<\/p>\n<h4>Votre cur\u00e9 vous remerciera !<\/h4>\n<p>Il est tellement plus agr\u00e9able pour un cur\u00e9, et ses \u00e9quipes, de mettre des noms et des visages sur ses paroissiens que de s\u2019adresser \u00e0 une foule d\u2019anonymes ! Alors travaillons ensemble \u00e0 la Mission, et identifions-nous !<\/p>\n<p>&gt; Pour cela, dans l&#8217;application cliquez sur <em><strong>\u00ab je me connecte \u00bb<\/strong><\/em> en bas \u00e0 droite de votre \u00e9cran, et laissez-vous guider.<\/p>\n<p>par Xavier, pour l\u2019\u00e9quipe OClocher<\/p>\n<\/div>\n<\/div>\n<p><a href=\"https:\/\/www.oclocher.fr\/app\" target=\"_blank\" rel=\"noopener\"><img data-recalc-dims=\"1\" fetchpriority=\"high\" decoding=\"async\" class=\"aligncenter wp-image-14422 size-full\" src=\"https:\/\/i0.wp.com\/saintlouisenthelle.org\/accueil\/wp-content\/uploads\/2025\/12\/banniere-OClocher-2.png?resize=1170%2C293&#038;ssl=1\" alt=\"\" width=\"1170\" height=\"293\" srcset=\"https:\/\/i0.wp.com\/saintlouisenthelle.org\/accueil\/wp-content\/uploads\/2025\/12\/banniere-OClocher-2.png?w=1584&amp;ssl=1 1584w, https:\/\/i0.wp.com\/saintlouisenthelle.org\/accueil\/wp-content\/uploads\/2025\/12\/banniere-OClocher-2.png?resize=300%2C75&amp;ssl=1 300w, https:\/\/i0.wp.com\/saintlouisenthelle.org\/accueil\/wp-content\/uploads\/2025\/12\/banniere-OClocher-2.png?resize=1024%2C256&amp;ssl=1 1024w, https:\/\/i0.wp.com\/saintlouisenthelle.org\/accueil\/wp-content\/uploads\/2025\/12\/banniere-OClocher-2.png?resize=768%2C192&amp;ssl=1 768w, https:\/\/i0.wp.com\/saintlouisenthelle.org\/accueil\/wp-content\/uploads\/2025\/12\/banniere-OClocher-2.png?resize=1536%2C384&amp;ssl=1 1536w, https:\/\/i0.wp.com\/saintlouisenthelle.org\/accueil\/wp-content\/uploads\/2025\/12\/banniere-OClocher-2.png?resize=1170%2C293&amp;ssl=1 1170w, https:\/\/i0.wp.com\/saintlouisenthelle.org\/accueil\/wp-content\/uploads\/2025\/12\/banniere-OClocher-2.png?resize=585%2C146&amp;ssl=1 585w, https:\/\/i0.wp.com\/saintlouisenthelle.org\/accueil\/wp-content\/uploads\/2025\/12\/banniere-OClocher-2.png?resize=1320%2C330&amp;ssl=1 1320w\" sizes=\"(max-width: 1170px) 100vw, 1170px\" \/><\/a><\/p>\n","protected":false},"excerpt":{"rendered":"<p>Notre paroisse s&#8217;est dot\u00e9e d\u2019un nouvel outil de communication : l\u2019application OClocher (nov. 2025). Une appli paroissiale pour plus de liens, de fraternit\u00e9 et d\u2019informations sur votre t\u00e9l\u00e9phone ! Depuis&hellip;<\/p>\n","protected":false},"author":4,"featured_media":14424,"parent":17,"menu_order":0,"comment_status":"closed","ping_status":"closed","template":"","meta":{"_lmt_disableupdate":"no","_lmt_disable":"","footnotes":""},"class_list":["post-14405","page","type-page","status-publish","has-post-thumbnail","hentry"],"jetpack_shortlink":"https:\/\/wp.me\/P7Mpl1-3Kl","jetpack_sharing_enabled":true,"_links":{"self":[{"href":"https:\/\/saintlouisenthelle.org\/accueil\/wp-json\/wp\/v2\/pages\/14405","targetHints":{"allow":["GET"]}}],"collection":[{"href":"https:\/\/saintlouisenthelle.org\/accueil\/wp-json\/wp\/v2\/pages"}],"about":[{"href":"https:\/\/saintlouisenthelle.org\/accueil\/wp-json\/wp\/v2\/types\/page"}],"author":[{"embeddable":true,"href":"https:\/\/saintlouisenthelle.org\/accueil\/wp-json\/wp\/v2\/users\/4"}],"replies":[{"embeddable":true,"href":"https:\/\/saintlouisenthelle.org\/accueil\/wp-json\/wp\/v2\/comments?post=14405"}],"version-history":[{"count":13,"href":"https:\/\/saintlouisenthelle.org\/accueil\/wp-json\/wp\/v2\/pages\/14405\/revisions"}],"predecessor-version":[{"id":14479,"href":"https:\/\/saintlouisenthelle.org\/accueil\/wp-json\/wp\/v2\/pages\/14405\/revisions\/14479"}],"up":[{"embeddable":true,"href":"https:\/\/saintlouisenthelle.org\/accueil\/wp-json\/wp\/v2\/pages\/17"}],"wp:featuredmedia":[{"embeddable":true,"href":"https:\/\/saintlouisenthelle.org\/accueil\/wp-json\/wp\/v2\/media\/14424"}],"wp:attachment":[{"href":"https:\/\/saintlouisenthelle.org\/accueil\/wp-json\/wp\/v2\/media?parent=14405"}],"curies":[{"name":"wp","href":"https:\/\/api.w.org\/{rel}","templated":true}]}}