{"id":137,"date":"2011-10-10T12:00:54","date_gmt":"2011-10-10T10:00:54","guid":{"rendered":"http:\/\/saintlouisenthelle.org\/?page_id=137"},"modified":"2023-10-24T22:02:40","modified_gmt":"2023-10-24T20:02:40","slug":"chapelet","status":"publish","type":"page","link":"https:\/\/saintlouisenthelle.org\/accueil\/prier-et-celebrer\/chapelet\/","title":{"rendered":"Chapelet"},"content":{"rendered":"<p>&nbsp;<\/p>\n<p><a href=\"https:\/\/i0.wp.com\/saintlouisenthelle.org\/accueil\/wp-content\/uploads\/2018\/09\/chapelet.jpg?ssl=1\" data-rel=\"penci-gallery-image-content\" ><img data-recalc-dims=\"1\" decoding=\"async\" class=\" wp-image-6190 alignright\" src=\"https:\/\/i0.wp.com\/saintlouisenthelle.org\/accueil\/wp-content\/uploads\/2018\/09\/chapelet.jpg?resize=119%2C119&#038;ssl=1\" alt=\"\" width=\"119\" height=\"119\" srcset=\"https:\/\/i0.wp.com\/saintlouisenthelle.org\/accueil\/wp-content\/uploads\/2018\/09\/chapelet.jpg?w=380&amp;ssl=1 380w, https:\/\/i0.wp.com\/saintlouisenthelle.org\/accueil\/wp-content\/uploads\/2018\/09\/chapelet.jpg?resize=150%2C150&amp;ssl=1 150w, https:\/\/i0.wp.com\/saintlouisenthelle.org\/accueil\/wp-content\/uploads\/2018\/09\/chapelet.jpg?resize=300%2C300&amp;ssl=1 300w\" sizes=\"(max-width: 119px) 100vw, 119px\" \/><\/a>La pri\u00e8re du <strong>chapelet<\/strong>\u00a0est propos\u00e9e :<\/p>\n<ul>\n<li>le\u00a0<strong>mercredi<\/strong>\u00a0matin\u00a0en l&#8217;\u00e9glise de <strong>Bornel<\/strong>, apr\u00e8s la <strong>messe de 9h15<\/strong> (lorsqu&#8217;il y a une messe \u00e0 Bornel) : voir la <a href=\"https:\/\/saintlouisenthelle.org\/accueil\/la-paroisse\/calendrier\/\">feuille d&#8217;annonces<\/a> de la semaine<strong><br \/>\n<\/strong><\/li>\n<li>le <strong>Dimanche matin<\/strong> en l&#8217;\u00e9glise de <strong>Chambly<\/strong>, \u00e0 <strong>10h<\/strong>, avant la messe de 10h30<\/li>\n<\/ul>\n<p>&nbsp;<\/p>\n","protected":false},"excerpt":{"rendered":"<p>&nbsp; La pri\u00e8re du chapelet\u00a0est propos\u00e9e : le\u00a0mercredi\u00a0matin\u00a0en l&#8217;\u00e9glise de Bornel, apr\u00e8s la messe de 9h15 (lorsqu&#8217;il y a une messe \u00e0 Bornel) : voir la feuille d&#8217;annonces de la&hellip;<\/p>\n","protected":false},"author":4,"featured_media":0,"parent":122,"menu_order":3,"comment_status":"closed","ping_status":"closed","template":"","meta":{"_lmt_disableupdate":"","_lmt_disable":"","footnotes":""},"class_list":["post-137","page","type-page","status-publish","hentry"],"jetpack_shortlink":"https:\/\/wp.me\/P7Mpl1-2d","jetpack_sharing_enabled":true,"_links":{"self":[{"href":"https:\/\/saintlouisenthelle.org\/accueil\/wp-json\/wp\/v2\/pages\/137","targetHints":{"allow":["GET"]}}],"collection":[{"href":"https:\/\/saintlouisenthelle.org\/accueil\/wp-json\/wp\/v2\/pages"}],"about":[{"href":"https:\/\/saintlouisenthelle.org\/accueil\/wp-json\/wp\/v2\/types\/page"}],"author":[{"embeddable":true,"href":"https:\/\/saintlouisenthelle.org\/accueil\/wp-json\/wp\/v2\/users\/4"}],"replies":[{"embeddable":true,"href":"https:\/\/saintlouisenthelle.org\/accueil\/wp-json\/wp\/v2\/comments?post=137"}],"version-history":[{"count":27,"href":"https:\/\/saintlouisenthelle.org\/accueil\/wp-json\/wp\/v2\/pages\/137\/revisions"}],"predecessor-version":[{"id":12774,"href":"https:\/\/saintlouisenthelle.org\/accueil\/wp-json\/wp\/v2\/pages\/137\/revisions\/12774"}],"up":[{"embeddable":true,"href":"https:\/\/saintlouisenthelle.org\/accueil\/wp-json\/wp\/v2\/pages\/122"}],"wp:attachment":[{"href":"https:\/\/saintlouisenthelle.org\/accueil\/wp-json\/wp\/v2\/media?parent=137"}],"curies":[{"name":"wp","href":"https:\/\/api.w.org\/{rel}","templated":true}]}}