{"id":135,"date":"2011-10-10T12:00:40","date_gmt":"2011-10-10T10:00:40","guid":{"rendered":"http:\/\/saintlouisenthelle.org\/?page_id=135"},"modified":"2026-02-15T12:46:06","modified_gmt":"2026-02-15T11:46:06","slug":"adoration","status":"publish","type":"page","link":"https:\/\/saintlouisenthelle.org\/accueil\/prier-et-celebrer\/adoration\/","title":{"rendered":"Adoration eucharistique"},"content":{"rendered":"<h3><a href=\"https:\/\/i0.wp.com\/saintlouisenthelle.org\/accueil\/wp-content\/uploads\/2020\/05\/ostensoir-saint-sacrement.jpg?ssl=1\" data-rel=\"penci-gallery-image-content\" ><img data-recalc-dims=\"1\" decoding=\"async\" class=\"alignright size-full wp-image-8594\" src=\"https:\/\/i0.wp.com\/saintlouisenthelle.org\/accueil\/wp-content\/uploads\/2020\/05\/ostensoir-saint-sacrement.jpg?resize=240%2C167&#038;ssl=1\" alt=\"\" width=\"240\" height=\"167\" \/><\/a><\/h3>\n<p style=\"text-align: justify;\"><strong>L&#8217;adoration du Saint-Sacrement<\/strong> est propos\u00e9e habituellement dans la paroisse du Pays de Thelle :<\/p>\n<ul>\n<li>le <strong>jeudi<\/strong> de <strong>9h30<\/strong> \u00e0 <strong>10h<\/strong> en l&#8217;\u00e9glise de <strong>Neuilly-en-Thelle<\/strong> (<a href=\"https:\/\/saintlouisenthelle.org\/accueil\/la-paroisse\/calendrier\/\">apr\u00e8s la messe de 9h, lorsque la messe y est c\u00e9l\u00e9br\u00e9e<\/a>)<\/li>\n<li>le\u00a0<strong>vendredi<\/strong> \u00e0 partir de <strong>9h30<\/strong> en l&#8217;\u00e9glise de <strong>Chambly<\/strong> (<a href=\"https:\/\/saintlouisenthelle.org\/accueil\/la-paroisse\/calendrier\/\">apr\u00e8s la messe de 9h<\/a>),\u00a0puis inscriptions pour un <strong>relais de pri\u00e8re durant la journ\u00e9e<\/strong> (feuille d&#8217;inscriptions dans l&#8217;\u00e9glise) ; souvent jusqu&#8217;en d\u00e9but \/ milieu d&#8217;apr\u00e8s-midi<\/li>\n<\/ul>\n<ul>\n<li>le <strong>samedi<\/strong>\u00a0de <strong>9h30<\/strong>\u00a0\u00e0 <strong>10h<\/strong> en l&#8217;\u00e9glise de <strong>Chambly<\/strong> (<a href=\"https:\/\/saintlouisenthelle.org\/accueil\/la-paroisse\/calendrier\/\">apr\u00e8s la messe de 9h<\/a>)<\/li>\n<li><a href=\"https:\/\/saintlouisenthelle.org\/accueil\/nuit-adoration-eucharistique\/\"><strong>veill\u00e9e et nuit d&#8217;Adoration<\/strong> le <strong>1<sup>er<\/sup> vendredi du mois<\/strong><\/a> \u00e0 l&#8217;<strong>oratoire de la Maison paroissiale<\/strong> de <strong>Chambly<\/strong> : Adoration eucharistique anim\u00e9e et en silence, sur inscription pour assurer le <strong>relais dans la nuit<\/strong> (fin : en fonction des inscriptions) : voir Liliane \u202d06 10 77 16 31\u202c ou Evelyne \u202d06 77 16 40 64\u202c\u202c<\/li>\n<li><strong>veill\u00e9e et nuit d&#8217;Adoration<\/strong> un <strong>vendredi par mois<\/strong> \u00e0 l&#8217;\u00e9glise <strong>Notre-Dame de Chambly<\/strong><br \/>\n<em><strong>&#8211; suspendu en septembre 2024 &#8211;<\/strong> <\/em><br \/>\n(<a href=\"https:\/\/saintlouisenthelle.org\/accueil\/prier-et-celebrer\/nuit-adoration-eucharistique\/\">en milieu de mois : consulter l&#8217;agenda<\/a>) : Adoration eucharistique avec m\u00e9ditation du Rosaire, louange, intercession : veill\u00e9e jusqu&#8217;\u00e0 minuit ou bien plus tard dans la nuit (\u00e0 partir de 20h30 ; fin : en fonction des inscriptions) : voir Evelyne \u202d06 77 16 40 64\u202c\u202c<\/li>\n<\/ul>\n<p>&nbsp;<\/p>\n<p>Informations : Liliane Charles-H\u00e9l\u00e8ne &#8211; T\u00e9l. \u202d06 10 77 16 31\u202c &#8211; <a href=\"mailto:lyanecharles@neuf.fr\">lyanecharles@neuf.fr<\/a><\/p>\n<p>\u2192 t\u00e9l\u00e9charger la <strong>feuille de chants<\/strong>\u00a0pour l&#8217;Adoration eucharistique :\u00a0<a href=\"https:\/\/saintlouisenthelle.org\/accueil\/wp-content\/uploads\/2020\/05\/chants-adoration.docx\" target=\"_blank\" rel=\"noopener noreferrer\">format Word (.docx)<\/a> \/ <a href=\"https:\/\/saintlouisenthelle.org\/accueil\/wp-content\/uploads\/2020\/05\/chants-adoration.pdf\" target=\"_blank\" rel=\"noopener noreferrer\">format PDF<\/a><\/p>\n<h4>Prier devant J\u00e9sus au Saint-Sacrement :<\/h4>\n<iframe src=\"\/\/docs.google.com\/viewer?url=https%3A%2F%2Fsaintlouisenthelle.org%2Faccueil%2Fwp-content%2Fuploads%2F2016%2F11%2F10-conseils-pour-prier-devant-J%C3%A9sus-au-St-Sacrement-1.pdf&hl=fr&embedded=true\" class=\"gde-frame\" style=\"width:100%; height:500px; border: none;\" scrolling=\"no\"><\/iframe>\n<p class=\"gde-text\"><a href=\"https:\/\/saintlouisenthelle.org\/accueil\/wp-content\/uploads\/2016\/11\/10-conseils-pour-prier-devant-J\u00e9sus-au-St-Sacrement-1.pdf\" class=\"gde-link\">T\u00e9l\u00e9charger (PDF, 98KB)<\/a><\/p>\n<h4>Le t\u00e9moignage de Liliane :<\/h4>\n<iframe src=\"\/\/docs.google.com\/viewer?url=https%3A%2F%2Fsaintlouisenthelle.org%2Faccueil%2Fwp-content%2Fuploads%2F2015%2F11%2FLe-t%C3%A9moignage-de-Liliane.pdf&hl=fr&embedded=true\" class=\"gde-frame\" style=\"width:100%; height:500px; border: none;\" scrolling=\"no\"><\/iframe>\n<p class=\"gde-text\"><a href=\"https:\/\/saintlouisenthelle.org\/accueil\/wp-content\/uploads\/2015\/11\/Le-t\u00e9moignage-de-Liliane.pdf\" class=\"gde-link\">T\u00e9l\u00e9charger (PDF, 231KB)<\/a><\/p>\n","protected":false},"excerpt":{"rendered":"<p>L&#8217;adoration du Saint-Sacrement est propos\u00e9e habituellement dans la paroisse du Pays de Thelle : le jeudi de 9h30 \u00e0 10h en l&#8217;\u00e9glise de Neuilly-en-Thelle (apr\u00e8s la messe de 9h, lorsque&hellip;<\/p>\n","protected":false},"author":4,"featured_media":0,"parent":122,"menu_order":1,"comment_status":"closed","ping_status":"closed","template":"","meta":{"_lmt_disableupdate":"no","_lmt_disable":"","footnotes":""},"class_list":["post-135","page","type-page","status-publish","hentry"],"jetpack_shortlink":"https:\/\/wp.me\/P7Mpl1-2b","jetpack_sharing_enabled":true,"_links":{"self":[{"href":"https:\/\/saintlouisenthelle.org\/accueil\/wp-json\/wp\/v2\/pages\/135","targetHints":{"allow":["GET"]}}],"collection":[{"href":"https:\/\/saintlouisenthelle.org\/accueil\/wp-json\/wp\/v2\/pages"}],"about":[{"href":"https:\/\/saintlouisenthelle.org\/accueil\/wp-json\/wp\/v2\/types\/page"}],"author":[{"embeddable":true,"href":"https:\/\/saintlouisenthelle.org\/accueil\/wp-json\/wp\/v2\/users\/4"}],"replies":[{"embeddable":true,"href":"https:\/\/saintlouisenthelle.org\/accueil\/wp-json\/wp\/v2\/comments?post=135"}],"version-history":[{"count":42,"href":"https:\/\/saintlouisenthelle.org\/accueil\/wp-json\/wp\/v2\/pages\/135\/revisions"}],"predecessor-version":[{"id":14565,"href":"https:\/\/saintlouisenthelle.org\/accueil\/wp-json\/wp\/v2\/pages\/135\/revisions\/14565"}],"up":[{"embeddable":true,"href":"https:\/\/saintlouisenthelle.org\/accueil\/wp-json\/wp\/v2\/pages\/122"}],"wp:attachment":[{"href":"https:\/\/saintlouisenthelle.org\/accueil\/wp-json\/wp\/v2\/media?parent=135"}],"curies":[{"name":"wp","href":"https:\/\/api.w.org\/{rel}","templated":true}]}}