{"id":13036,"date":"2024-02-07T12:00:54","date_gmt":"2024-02-07T11:00:54","guid":{"rendered":"https:\/\/saintlouisenthelle.org\/accueil\/?page_id=13036"},"modified":"2024-02-07T21:24:34","modified_gmt":"2024-02-07T20:24:34","slug":"demander-une-offrande-de-messe","status":"publish","type":"page","link":"https:\/\/saintlouisenthelle.org\/accueil\/solidarite\/demander-une-offrande-de-messe\/","title":{"rendered":"Demander une offrande de messe"},"content":{"rendered":"<p>Plusieurs mani\u00e8res de demander une offrande de messe :<\/p>\n<ul>\n<li>Contactez la paroisse par mail <a href=\"mailto:paroisse.saint.louis.thelle@gmail.com\">paroisse.saint.louis.thelle@gmail.com<\/a> en pr\u00e9cisant l\u2019intention demand\u00e9e, et la date souhait\u00e9e et envoyez votre offrande (<em><strong>18\u20ac<\/strong><\/em> \u2013 ch\u00e8que \u00e0 l\u2019ordre de : <em><strong>\u201cParoisse Pays de Thelle\u201d<\/strong><\/em>) \u00e0 :<br \/>\nParoisse St Louis en Thelle<br \/>\n87 Avenue de Verdun \u2013 60230 Chambly<\/li>\n<li>vous pouvez passer \u00e0 l\u2019<a href=\"https:\/\/saintlouisenthelle.org\/accueil\/la-paroisse\/accueil\/\"><strong>Accueil paroissial<\/strong><\/a> pour faire la demande d\u2019offrande de messe<\/li>\n<li>vous pouvez faire une demande en ligne directement gr\u00e2ce \u00e0 Enoria : le don se fait par carte bancaire (formulaire s\u00e9curis\u00e9).<br \/>\nRemplissez la fen\u00eatre ci-dessous, ou cliquez sur ce lien :<br \/>\n<a href=\"https:\/\/public.enoria.app\/pubinsc\/intention\/5588ae83cbe40d0\/258\" target=\"_blank\" rel=\"noopener\">https:\/\/public.enoria.app\/pubinsc\/intention\/5588ae83cbe40d0\/258<\/a><\/li>\n<\/ul>\n<p><iframe src=\"https:\/\/public.enoria.app\/pubinsc\/intention\/5588ae83cbe40d0\/258\" width=\"800\" height=\"500\"><\/iframe><\/p>\n","protected":false},"excerpt":{"rendered":"<p>Plusieurs mani\u00e8res de demander une offrande de messe : Contactez la paroisse par mail paroisse.saint.louis.thelle@gmail.com en pr\u00e9cisant l\u2019intention demand\u00e9e, et la date souhait\u00e9e et envoyez votre offrande (18\u20ac \u2013 ch\u00e8que&hellip;<\/p>\n","protected":false},"author":4,"featured_media":8192,"parent":197,"menu_order":6,"comment_status":"closed","ping_status":"closed","template":"","meta":{"_lmt_disableupdate":"","_lmt_disable":"","footnotes":""},"class_list":["post-13036","page","type-page","status-publish","has-post-thumbnail","hentry"],"jetpack_shortlink":"https:\/\/wp.me\/P7Mpl1-3og","jetpack_sharing_enabled":true,"_links":{"self":[{"href":"https:\/\/saintlouisenthelle.org\/accueil\/wp-json\/wp\/v2\/pages\/13036","targetHints":{"allow":["GET"]}}],"collection":[{"href":"https:\/\/saintlouisenthelle.org\/accueil\/wp-json\/wp\/v2\/pages"}],"about":[{"href":"https:\/\/saintlouisenthelle.org\/accueil\/wp-json\/wp\/v2\/types\/page"}],"author":[{"embeddable":true,"href":"https:\/\/saintlouisenthelle.org\/accueil\/wp-json\/wp\/v2\/users\/4"}],"replies":[{"embeddable":true,"href":"https:\/\/saintlouisenthelle.org\/accueil\/wp-json\/wp\/v2\/comments?post=13036"}],"version-history":[{"count":1,"href":"https:\/\/saintlouisenthelle.org\/accueil\/wp-json\/wp\/v2\/pages\/13036\/revisions"}],"predecessor-version":[{"id":13037,"href":"https:\/\/saintlouisenthelle.org\/accueil\/wp-json\/wp\/v2\/pages\/13036\/revisions\/13037"}],"up":[{"embeddable":true,"href":"https:\/\/saintlouisenthelle.org\/accueil\/wp-json\/wp\/v2\/pages\/197"}],"wp:featuredmedia":[{"embeddable":true,"href":"https:\/\/saintlouisenthelle.org\/accueil\/wp-json\/wp\/v2\/media\/8192"}],"wp:attachment":[{"href":"https:\/\/saintlouisenthelle.org\/accueil\/wp-json\/wp\/v2\/media?parent=13036"}],"curies":[{"name":"wp","href":"https:\/\/api.w.org\/{rel}","templated":true}]}}