{"id":128,"date":"2011-10-10T12:00:59","date_gmt":"2011-10-10T10:00:59","guid":{"rendered":"http:\/\/saintlouisenthelle.org\/?page_id=128"},"modified":"2022-11-11T21:12:26","modified_gmt":"2022-11-11T20:12:26","slug":"servants-d-autel","status":"publish","type":"page","link":"https:\/\/saintlouisenthelle.org\/accueil\/jeunes\/servants-d-autel\/","title":{"rendered":"Servants d&#8217;autel"},"content":{"rendered":"<h5><span style=\"line-height: 24px;\"><a href=\"https:\/\/i0.wp.com\/saintlouisenthelle.org\/accueil\/wp-content\/uploads\/2016\/08\/eglise-Chambly.jpg?ssl=1\" data-rel=\"penci-gallery-image-content\" ><img data-recalc-dims=\"1\" fetchpriority=\"high\" decoding=\"async\" class=\"size-medium wp-image-5023 alignright\" src=\"https:\/\/i0.wp.com\/saintlouisenthelle.org\/accueil\/wp-content\/uploads\/2016\/08\/eglise-Chambly.jpg?resize=230%2C300&#038;ssl=1\" alt=\"eglise Chambly\" width=\"230\" height=\"300\" srcset=\"https:\/\/i0.wp.com\/saintlouisenthelle.org\/accueil\/wp-content\/uploads\/2016\/08\/eglise-Chambly.jpg?resize=230%2C300&amp;ssl=1 230w, https:\/\/i0.wp.com\/saintlouisenthelle.org\/accueil\/wp-content\/uploads\/2016\/08\/eglise-Chambly.jpg?resize=768%2C1002&amp;ssl=1 768w, https:\/\/i0.wp.com\/saintlouisenthelle.org\/accueil\/wp-content\/uploads\/2016\/08\/eglise-Chambly.jpg?resize=785%2C1024&amp;ssl=1 785w, https:\/\/i0.wp.com\/saintlouisenthelle.org\/accueil\/wp-content\/uploads\/2016\/08\/eglise-Chambly.jpg?w=1570&amp;ssl=1 1570w\" sizes=\"(max-width: 230px) 100vw, 230px\" \/><\/a>Si tu d\u00e9sires servir la messe \u00e0 Chambly, \u00e0 Bornel, \u00e0 Neuilly-en-Thelle ou dans les autres villages, tu es le bienvenu ! Pr\u00e9sente-toi \u00e0 la fin de la messe au pr\u00eatre, ou prends contact au :<\/span><\/h5>\n<address>Maison paroissiale de Chambly<br \/>\n87 Avenue de Verdun 60230 Chambly<\/address>\n<address>T\u00e9l. 09 54 98 31 60<\/address>\n<p>&nbsp;<\/p>\n","protected":false},"excerpt":{"rendered":"<p>Si tu d\u00e9sires servir la messe \u00e0 Chambly, \u00e0 Bornel, \u00e0 Neuilly-en-Thelle ou dans les autres villages, tu es le bienvenu ! Pr\u00e9sente-toi \u00e0 la fin de la messe au&hellip;<\/p>\n","protected":false},"author":4,"featured_media":0,"parent":168,"menu_order":4,"comment_status":"closed","ping_status":"closed","template":"","meta":{"_lmt_disableupdate":"","_lmt_disable":"","footnotes":""},"class_list":["post-128","page","type-page","status-publish","hentry"],"jetpack_shortlink":"https:\/\/wp.me\/P7Mpl1-24","jetpack_sharing_enabled":true,"_links":{"self":[{"href":"https:\/\/saintlouisenthelle.org\/accueil\/wp-json\/wp\/v2\/pages\/128","targetHints":{"allow":["GET"]}}],"collection":[{"href":"https:\/\/saintlouisenthelle.org\/accueil\/wp-json\/wp\/v2\/pages"}],"about":[{"href":"https:\/\/saintlouisenthelle.org\/accueil\/wp-json\/wp\/v2\/types\/page"}],"author":[{"embeddable":true,"href":"https:\/\/saintlouisenthelle.org\/accueil\/wp-json\/wp\/v2\/users\/4"}],"replies":[{"embeddable":true,"href":"https:\/\/saintlouisenthelle.org\/accueil\/wp-json\/wp\/v2\/comments?post=128"}],"version-history":[{"count":26,"href":"https:\/\/saintlouisenthelle.org\/accueil\/wp-json\/wp\/v2\/pages\/128\/revisions"}],"predecessor-version":[{"id":11952,"href":"https:\/\/saintlouisenthelle.org\/accueil\/wp-json\/wp\/v2\/pages\/128\/revisions\/11952"}],"up":[{"embeddable":true,"href":"https:\/\/saintlouisenthelle.org\/accueil\/wp-json\/wp\/v2\/pages\/168"}],"wp:attachment":[{"href":"https:\/\/saintlouisenthelle.org\/accueil\/wp-json\/wp\/v2\/media?parent=128"}],"curies":[{"name":"wp","href":"https:\/\/api.w.org\/{rel}","templated":true}]}}