{"id":124,"date":"2011-10-10T12:00:40","date_gmt":"2011-10-10T10:00:40","guid":{"rendered":"http:\/\/saintlouisenthelle.org\/?page_id=124"},"modified":"2023-10-30T17:58:20","modified_gmt":"2023-10-30T16:58:20","slug":"chorales","status":"publish","type":"page","link":"https:\/\/saintlouisenthelle.org\/accueil\/prier-et-celebrer\/chorales\/","title":{"rendered":"Chorales"},"content":{"rendered":"<h3><strong>Chorale et groupe Musique Ensemble<\/strong><\/h3>\n<p><a href=\"https:\/\/i0.wp.com\/saintlouisenthelle.org\/accueil\/wp-content\/uploads\/2016\/08\/Image-ND-Chambly.jpg?ssl=1\" data-rel=\"penci-gallery-image-content\" ><img data-recalc-dims=\"1\" decoding=\"async\" class=\"size-medium wp-image-5081 alignright\" src=\"https:\/\/i0.wp.com\/saintlouisenthelle.org\/accueil\/wp-content\/uploads\/2016\/08\/Image-ND-Chambly.jpg?resize=300%2C225&#038;ssl=1\" alt=\"Image ND Chambly\" width=\"300\" height=\"225\" srcset=\"https:\/\/i0.wp.com\/saintlouisenthelle.org\/accueil\/wp-content\/uploads\/2016\/08\/Image-ND-Chambly.jpg?resize=300%2C225&amp;ssl=1 300w, https:\/\/i0.wp.com\/saintlouisenthelle.org\/accueil\/wp-content\/uploads\/2016\/08\/Image-ND-Chambly.jpg?resize=768%2C576&amp;ssl=1 768w, https:\/\/i0.wp.com\/saintlouisenthelle.org\/accueil\/wp-content\/uploads\/2016\/08\/Image-ND-Chambly.jpg?resize=1024%2C768&amp;ssl=1 1024w, https:\/\/i0.wp.com\/saintlouisenthelle.org\/accueil\/wp-content\/uploads\/2016\/08\/Image-ND-Chambly.jpg?w=2048&amp;ssl=1 2048w\" sizes=\"(max-width: 300px) 100vw, 300px\" \/><\/a><\/p>\n<p style=\"text-align: justify;\">Le groupe <em><strong>Musique Ensemble<\/strong><\/em> anime la messe des familles \u00e0 Chambly, une fois par mois. Il est compos\u00e9 de choristes et de musiciens.<br \/>\nR\u00e9p\u00e9tition : le lundi soir<\/p>\n<p>La chorale participe \u00e0 l&#8217;animation de la messe du Dimanche \u00e0 Chambly.<\/p>\n<p>Si vous souhaitez avoir des informations, rejoindre ces groupes, merci de contacter :<\/p>\n<ul>\n<li>Musique Ensemble : Virginie Renault &#8211; T\u00e9l. \u202d03 44 26 93 00\u202c &#8211;\u00a0<a href=\"mailto:vmesnil@gmail.com\">vmesnil@gmail.com<\/a><\/li>\n<li>chorale : Sylvie Dufour &#8211; T\u00e9l. 09 64 26 21 99\u202c &#8211; <a href=\"mailto:d.sylvae@orange.fr\">d.sylvae@orange.fr<\/a><\/li>\n<\/ul>\n<p>&nbsp;<\/p>\n","protected":false},"excerpt":{"rendered":"<p>Chorale et groupe Musique Ensemble Le groupe Musique Ensemble anime la messe des familles \u00e0 Chambly, une fois par mois. Il est compos\u00e9 de choristes et de musiciens. R\u00e9p\u00e9tition :&hellip;<\/p>\n","protected":false},"author":4,"featured_media":0,"parent":122,"menu_order":9,"comment_status":"closed","ping_status":"closed","template":"","meta":{"_lmt_disableupdate":"","_lmt_disable":"","footnotes":""},"class_list":["post-124","page","type-page","status-publish","hentry"],"jetpack_shortlink":"https:\/\/wp.me\/P7Mpl1-20","jetpack_sharing_enabled":true,"_links":{"self":[{"href":"https:\/\/saintlouisenthelle.org\/accueil\/wp-json\/wp\/v2\/pages\/124","targetHints":{"allow":["GET"]}}],"collection":[{"href":"https:\/\/saintlouisenthelle.org\/accueil\/wp-json\/wp\/v2\/pages"}],"about":[{"href":"https:\/\/saintlouisenthelle.org\/accueil\/wp-json\/wp\/v2\/types\/page"}],"author":[{"embeddable":true,"href":"https:\/\/saintlouisenthelle.org\/accueil\/wp-json\/wp\/v2\/users\/4"}],"replies":[{"embeddable":true,"href":"https:\/\/saintlouisenthelle.org\/accueil\/wp-json\/wp\/v2\/comments?post=124"}],"version-history":[{"count":27,"href":"https:\/\/saintlouisenthelle.org\/accueil\/wp-json\/wp\/v2\/pages\/124\/revisions"}],"predecessor-version":[{"id":12813,"href":"https:\/\/saintlouisenthelle.org\/accueil\/wp-json\/wp\/v2\/pages\/124\/revisions\/12813"}],"up":[{"embeddable":true,"href":"https:\/\/saintlouisenthelle.org\/accueil\/wp-json\/wp\/v2\/pages\/122"}],"wp:attachment":[{"href":"https:\/\/saintlouisenthelle.org\/accueil\/wp-json\/wp\/v2\/media?parent=124"}],"curies":[{"name":"wp","href":"https:\/\/api.w.org\/{rel}","templated":true}]}}