{"id":122,"date":"2011-10-10T12:00:09","date_gmt":"2011-10-10T10:00:09","guid":{"rendered":"http:\/\/saintlouisenthelle.org\/?page_id=122"},"modified":"2024-11-30T22:06:32","modified_gmt":"2024-11-30T21:06:32","slug":"prier-et-celebrer","status":"publish","type":"page","link":"https:\/\/saintlouisenthelle.org\/accueil\/prier-et-celebrer\/","title":{"rendered":"Prier et c\u00e9l\u00e9brer"},"content":{"rendered":"<h4><\/h4>\n<ul>\n<li>\n<h4><a href=\"https:\/\/saintlouisenthelle.org\/accueil\/calendier\/horaires-de-messes\/\">Horaires des messes<\/a><\/h4>\n<\/li>\n<li>\n<h4><a title=\"Adoration\" href=\"https:\/\/saintlouisenthelle.org\/accueil\/?page_id=135\">Adoration eucharistique<\/a><\/h4>\n<\/li>\n<li>\n<h4><a title=\"Nuit d\u2019Adoration eucharistique (1&lt;sup&gt;er&lt;\/sup&gt; vendredi du mois)\" href=\"https:\/\/saintlouisenthelle.org\/accueil\/prier-et-celebrer\/nuit-adoration-eucharistique\/\">Veill\u00e9es et nuits d\u2019Adoration eucharistique<\/a><\/h4>\n<\/li>\n<li>\n<h4><a title=\"Chapelet\" href=\"https:\/\/saintlouisenthelle.org\/accueil\/?page_id=137\">Chapelet<\/a><\/h4>\n<\/li>\n<li>\n<h4><a href=\"https:\/\/saintlouisenthelle.org\/accueil\/prier-et-celebrer\/rosario-rosaire-vivant\/\">Rosario &#8211; chapelet vivant <\/a><\/h4>\n<\/li>\n<li>\n<h4><a href=\"https:\/\/saintlouisenthelle.org\/accueil\/prier-et-celebrer\/equipes-du-rosaire\/\">\u00c9quipes du Rosaire<\/a><\/h4>\n<\/li>\n<li>\n<h4><a href=\"https:\/\/saintlouisenthelle.org\/accueil\/prier-et-celebrer\/priere-du-rosaire-le-vendredi-soir\/\">Rosaire le vendredi soir<\/a><\/h4>\n<\/li>\n<li>\n<h4><a href=\"https:\/\/saintlouisenthelle.org\/accueil\/priere-liturgie\/priere-des-meres\/\">Pri\u00e8re des m\u00e8res<\/a><\/h4>\n<\/li>\n<li>\n<h4>Pri\u00e8re pour les pr\u00eatres<\/h4>\n<\/li>\n<li>\n<h4><a title=\"Chorales\" href=\"https:\/\/saintlouisenthelle.org\/accueil\/?page_id=124\">Chorales<\/a><\/h4>\n<\/li>\n<li>\n<h4><a href=\"https:\/\/saintlouisenthelle.org\/accueil\/prier-et-celebrer\/liturgie-des-heures-et-chapelet-le-dimanche-matin\/\">Liturgie des Heures et Chapelet le Dimanche matin<\/a><\/h4>\n<\/li>\n<li>\n<h4><a href=\"https:\/\/saintlouisenthelle.org\/accueil\/prier-et-celebrer\/groupe-de-priere-de-lemmanuel\/\">Groupe de pri\u00e8re de l\u2019Emmanuel<\/a><\/h4>\n<\/li>\n<li>\n<h4><a href=\"https:\/\/saintlouisenthelle.org\/accueil\/prier-et-celebrer\/bethanie-groupe-de-priere-de-femmes\/\">B\u00e9thanie : groupe de pri\u00e8re de femmes<\/a><\/h4>\n<\/li>\n<li>\n<h4><a href=\"https:\/\/saintlouisenthelle.org\/accueil\/jeunes\/servants-d-autel\/\">Servants d&#8217;autel<\/a><\/h4>\n<\/li>\n<\/ul>\n","protected":false},"excerpt":{"rendered":"<p>Horaires des messes Adoration eucharistique Veill\u00e9es et nuits d\u2019Adoration eucharistique Chapelet Rosario &#8211; chapelet vivant \u00c9quipes du Rosaire Rosaire le vendredi soir Pri\u00e8re des m\u00e8res Pri\u00e8re pour les pr\u00eatres Chorales&hellip;<\/p>\n","protected":false},"author":4,"featured_media":0,"parent":0,"menu_order":5,"comment_status":"closed","ping_status":"closed","template":"","meta":{"_lmt_disableupdate":"no","_lmt_disable":"","footnotes":""},"class_list":["post-122","page","type-page","status-publish","hentry"],"jetpack_shortlink":"https:\/\/wp.me\/P7Mpl1-1Y","jetpack_sharing_enabled":true,"_links":{"self":[{"href":"https:\/\/saintlouisenthelle.org\/accueil\/wp-json\/wp\/v2\/pages\/122","targetHints":{"allow":["GET"]}}],"collection":[{"href":"https:\/\/saintlouisenthelle.org\/accueil\/wp-json\/wp\/v2\/pages"}],"about":[{"href":"https:\/\/saintlouisenthelle.org\/accueil\/wp-json\/wp\/v2\/types\/page"}],"author":[{"embeddable":true,"href":"https:\/\/saintlouisenthelle.org\/accueil\/wp-json\/wp\/v2\/users\/4"}],"replies":[{"embeddable":true,"href":"https:\/\/saintlouisenthelle.org\/accueil\/wp-json\/wp\/v2\/comments?post=122"}],"version-history":[{"count":27,"href":"https:\/\/saintlouisenthelle.org\/accueil\/wp-json\/wp\/v2\/pages\/122\/revisions"}],"predecessor-version":[{"id":13578,"href":"https:\/\/saintlouisenthelle.org\/accueil\/wp-json\/wp\/v2\/pages\/122\/revisions\/13578"}],"wp:attachment":[{"href":"https:\/\/saintlouisenthelle.org\/accueil\/wp-json\/wp\/v2\/media?parent=122"}],"curies":[{"name":"wp","href":"https:\/\/api.w.org\/{rel}","templated":true}]}}