{"id":11436,"date":"2022-05-05T12:00:57","date_gmt":"2022-05-05T10:00:57","guid":{"rendered":"https:\/\/saintlouisenthelle.org\/accueil\/?page_id=11436"},"modified":"2025-05-23T14:50:06","modified_gmt":"2025-05-23T12:50:06","slug":"base-de-donnees-paroissiale-enoria","status":"publish","type":"page","link":"https:\/\/saintlouisenthelle.org\/accueil\/la-paroisse\/base-de-donnees-paroissiale-enoria\/","title":{"rendered":"Base de donn\u00e9es paroissiale ENORIA"},"content":{"rendered":"<h1>Inscription dans ENORIA<\/h1>\n<p style=\"text-align: justify;\"><strong>ENORIA<\/strong> est l&#8217;outil informatique (CRM) que nous d\u00e9ployons dans la paroisse (et le <a href=\"https:\/\/oise.catholique.fr\/\" target=\"_blank\" rel=\"noopener\">dioc\u00e8se de Beauvais<\/a>) pour g\u00e9rer les activit\u00e9s pastorales, depuis sept. 2021.<\/p>\n<p style=\"text-align: justify;\">Gr\u00e2ce \u00e0 Enoria, vous pouvez vous inscrire \u00e0 des <em><strong>activit\u00e9s<\/strong><\/em> ou <em><strong>\u00e9v\u00e9nements paroissiaux<\/strong><\/em>, et permettez \u00e0 la paroisse d&#8217;avoir des informations \u00e0 jour vous concernant. Vous avez acc\u00e8s et le contr\u00f4le des informations vous concernant, dans le respect du <a href=\"https:\/\/www.economie.gouv.fr\/entreprises\/reglement-general-sur-protection-des-donnees-rgpd\" target=\"_blank\" rel=\"noopener\">r\u00e8glement g\u00e9n\u00e9ral sur la protection des donn\u00e9es (RGPD)<\/a>.<\/p>\n<p style=\"text-align: justify;\">Pour cela, il vous suffit de cliquer sur le lien ci-dessous et de compl\u00e9ter le formulaire. Vous pourrez indiquer ce que vous recherchez, et si vous souhaitez recevoir les annonces paroissiales chaque semaine :<\/p>\n<ul>\n<li><a href=\"https:\/\/public.enoria.app\/pubinsc\/gp\/31f4f34fedea29f\/open\" target=\"_blank\" rel=\"noopener\">Inscription dans la base de donn\u00e9es paroissiale<\/a> : <a href=\"https:\/\/w.enoria.link\/pays-de-thelle\" target=\"_blank\" rel=\"noopener\">https:\/\/w.enoria.link\/pays-de-thelle<\/a><a href=\"https:\/\/public.enoria.app\/pubinsc\/gp\/31f4f34fedea29f\/open\" target=\"_blank\" rel=\"noopener\"><img data-recalc-dims=\"1\" decoding=\"async\" class=\"alignright wp-image-11445 size-thumbnail\" src=\"https:\/\/i0.wp.com\/saintlouisenthelle.org\/accueil\/wp-content\/uploads\/2022\/05\/qr-code-inscription-base-donnees.png?resize=150%2C150&#038;ssl=1\" alt=\"\" width=\"150\" height=\"150\" srcset=\"https:\/\/i0.wp.com\/saintlouisenthelle.org\/accueil\/wp-content\/uploads\/2022\/05\/qr-code-inscription-base-donnees.png?resize=150%2C150&amp;ssl=1 150w, https:\/\/i0.wp.com\/saintlouisenthelle.org\/accueil\/wp-content\/uploads\/2022\/05\/qr-code-inscription-base-donnees.png?w=300&amp;ssl=1 300w\" sizes=\"(max-width: 150px) 100vw, 150px\" \/><\/a><\/li>\n<\/ul>\n<div class=\"page\" title=\"Page 1\">\n<div class=\"section\">\n<div class=\"layoutArea\">\n<div class=\"column\">\n<p>En vous inscrivant dans la base de donne\u0301es paroissiale :<br \/>\n&#8211; vous serez recontacte\u0301 pour les sujets qui vous inte\u0301ressent<br \/>\n&#8211; vous pourrez recevoir la feuille d\u2019annonces chaque semaine par mail<\/p>\n<\/div>\n<\/div>\n<\/div>\n<\/div>\n<h2>Faire une mise \u00e0 jour<\/h2>\n<p>Une fois votre inscription effectu\u00e9e, vous pouvez consulter et mettre \u00e0 jour les informations de votre foyer.<br \/>\nPour acc\u00e9der \u00e0 la page \u201cMon foyer dans Enoria\u201d rendez-vous sur le lien suivant :<br \/>\n<a href=\"https:\/\/public.enoria.app\/pubinsc\/foyer\/login?p=258\" target=\"_blank\" rel=\"noopener\">https:\/\/public.enoria.app\/pubinsc\/foyer\/login?p=258<\/a><\/p>\n<h2>En cas de difficult\u00e9<\/h2>\n<p>Si vous rencontrez une difficult\u00e9 pour l\u2019inscription ou la gestion de vos donn\u00e9es, si vous avez une question concernant la base de donn\u00e9es paroissiale, vous pouvez contacter Liliane Charles-H\u00e9l\u00e8ne : <a href=\"mailto:lyanecharles@neuf.fr\">lyanecharles@neuf.fr<\/a> \u2013 06 10 77 16 31<\/p>\n<h2>Pour en savoir plus sur ENORIA :<\/h2>\n<ul>\n<li>D\u00e9couvrir <a href=\"https:\/\/www.association-enoria.org\/\" target=\"_blank\" rel=\"noopener\">Enoria : application de gestion eccl\u00e9siale collaborative et \u00e0 but non lucratif<\/a><\/li>\n<li>Article dans <a href=\"https:\/\/saintlouisenthelle.org\/accueil\/wp-content\/uploads\/2022\/05\/Article-Enoria-FC-fev2021.jpg\" target=\"_blank\" rel=\"noopener\"><em>Famille Chr\u00e9tienne<\/em> (f\u00e9vrier 2021) : \u00ab Enoria : La pastorale a son outil \u00bb<\/a><\/li>\n<li><a href=\"https:\/\/arrasmedia.keeo.com\/242053.pdf\" target=\"_blank\" rel=\"noopener\">Pr\u00e9sentation de l&#8217;outil Enoria dans la paroisse de Lens<\/a> (2 pages)<\/li>\n<\/ul>\n<p>&nbsp;<\/p>\n<p>&nbsp;<\/p>\n","protected":false},"excerpt":{"rendered":"<p>Inscription dans ENORIA ENORIA est l&#8217;outil informatique (CRM) que nous d\u00e9ployons dans la paroisse (et le dioc\u00e8se de Beauvais) pour g\u00e9rer les activit\u00e9s pastorales, depuis sept. 2021. Gr\u00e2ce \u00e0 Enoria,&hellip;<\/p>\n","protected":false},"author":4,"featured_media":11768,"parent":17,"menu_order":3,"comment_status":"closed","ping_status":"closed","template":"","meta":{"_lmt_disableupdate":"no","_lmt_disable":"","footnotes":""},"class_list":["post-11436","page","type-page","status-publish","has-post-thumbnail","hentry"],"jetpack_shortlink":"https:\/\/wp.me\/P7Mpl1-2Ys","jetpack_sharing_enabled":true,"_links":{"self":[{"href":"https:\/\/saintlouisenthelle.org\/accueil\/wp-json\/wp\/v2\/pages\/11436","targetHints":{"allow":["GET"]}}],"collection":[{"href":"https:\/\/saintlouisenthelle.org\/accueil\/wp-json\/wp\/v2\/pages"}],"about":[{"href":"https:\/\/saintlouisenthelle.org\/accueil\/wp-json\/wp\/v2\/types\/page"}],"author":[{"embeddable":true,"href":"https:\/\/saintlouisenthelle.org\/accueil\/wp-json\/wp\/v2\/users\/4"}],"replies":[{"embeddable":true,"href":"https:\/\/saintlouisenthelle.org\/accueil\/wp-json\/wp\/v2\/comments?post=11436"}],"version-history":[{"count":24,"href":"https:\/\/saintlouisenthelle.org\/accueil\/wp-json\/wp\/v2\/pages\/11436\/revisions"}],"predecessor-version":[{"id":14062,"href":"https:\/\/saintlouisenthelle.org\/accueil\/wp-json\/wp\/v2\/pages\/11436\/revisions\/14062"}],"up":[{"embeddable":true,"href":"https:\/\/saintlouisenthelle.org\/accueil\/wp-json\/wp\/v2\/pages\/17"}],"wp:featuredmedia":[{"embeddable":true,"href":"https:\/\/saintlouisenthelle.org\/accueil\/wp-json\/wp\/v2\/media\/11768"}],"wp:attachment":[{"href":"https:\/\/saintlouisenthelle.org\/accueil\/wp-json\/wp\/v2\/media?parent=11436"}],"curies":[{"name":"wp","href":"https:\/\/api.w.org\/{rel}","templated":true}]}}