{"id":11326,"date":"2022-03-05T12:00:42","date_gmt":"2022-03-05T11:00:42","guid":{"rendered":"https:\/\/saintlouisenthelle.org\/accueil\/?page_id=11326"},"modified":"2025-12-24T14:41:14","modified_gmt":"2025-12-24T13:41:14","slug":"priere-du-rosaire-le-vendredi-soir","status":"publish","type":"page","link":"https:\/\/saintlouisenthelle.org\/accueil\/prier-et-celebrer\/priere-du-rosaire-le-vendredi-soir\/","title":{"rendered":"Rosaire le vendredi soir"},"content":{"rendered":"<p style=\"text-align: justify;\">Chaque <strong>vendredi soir<\/strong>, la pri\u00e8re du Rosaire r\u00e9unit des personnes qui souhaitent prier en m\u00e9ditant sur les myst\u00e8res de la <strong>vie du Seigneur<\/strong> et de la <strong>Vierge Marie<\/strong> : c&#8217;est la <strong>pri\u00e8re du Rosaire<\/strong>.<strong><br \/>\n<\/strong><\/p>\n<p style=\"text-align: justify;\">La pri\u00e8re du Rosaire lieu <strong>\u00e0 20h30<\/strong> :<br \/>\n&#8211; dans l&#8217;<strong>\u00e9glise de Chambly<\/strong>, dans la chapelle de la Vierge (chapelle du Saint-Sacrement) pendant l&#8217;\u00e9t\u00e9,<br \/>\n&#8211; ou \u00e0 <strong>l&#8217;oratoire de la Maison paroissiale<\/strong> de Chambly, pendant l&#8217;hiver.<\/p>\n<p>Une fois par mois la pri\u00e8re du Rosaire a lieu devant le Saint-Sacrement expos\u00e9, lors de la <a href=\"https:\/\/saintlouisenthelle.org\/accueil\/prier-et-celebrer\/nuit-adoration-eucharistique\/\">nuit d&#8217;Adoration eucharistique<\/a><\/p>\n<p style=\"text-align: justify;\">\u2192 consulter la <a href=\"https:\/\/saintlouisenthelle.org\/accueil\/la-paroisse\/calendrier\/\">feuille d&#8217;annonces paroissiale<\/a> pour confirmation.<\/p>\n<p style=\"text-align: justify;\">contact : Evelyne Badziokela \u2013 06 77 16 40 64<\/p>\n<p><a href=\"https:\/\/i0.wp.com\/saintlouisenthelle.org\/accueil\/wp-content\/uploads\/2018\/10\/ND-Rosaire-St-Dominique-Ste-Catherine-de-Sienne.jpg?ssl=1\" data-rel=\"penci-gallery-image-content\" ><img data-recalc-dims=\"1\" fetchpriority=\"high\" decoding=\"async\" class=\"aligncenter size-full wp-image-6265\" src=\"https:\/\/i0.wp.com\/saintlouisenthelle.org\/accueil\/wp-content\/uploads\/2018\/10\/ND-Rosaire-St-Dominique-Ste-Catherine-de-Sienne.jpg?resize=218%2C275&#038;ssl=1\" alt=\"\" width=\"218\" height=\"275\" \/><\/a><\/p>\n<p>&nbsp;<\/p>\n","protected":false},"excerpt":{"rendered":"<p>Chaque vendredi soir, la pri\u00e8re du Rosaire r\u00e9unit des personnes qui souhaitent prier en m\u00e9ditant sur les myst\u00e8res de la vie du Seigneur et de la Vierge Marie : c&#8217;est&hellip;<\/p>\n","protected":false},"author":4,"featured_media":11329,"parent":122,"menu_order":6,"comment_status":"closed","ping_status":"closed","template":"","meta":{"_lmt_disableupdate":"no","_lmt_disable":"","footnotes":""},"class_list":["post-11326","page","type-page","status-publish","has-post-thumbnail","hentry"],"jetpack_shortlink":"https:\/\/wp.me\/P7Mpl1-2WG","jetpack_sharing_enabled":true,"_links":{"self":[{"href":"https:\/\/saintlouisenthelle.org\/accueil\/wp-json\/wp\/v2\/pages\/11326","targetHints":{"allow":["GET"]}}],"collection":[{"href":"https:\/\/saintlouisenthelle.org\/accueil\/wp-json\/wp\/v2\/pages"}],"about":[{"href":"https:\/\/saintlouisenthelle.org\/accueil\/wp-json\/wp\/v2\/types\/page"}],"author":[{"embeddable":true,"href":"https:\/\/saintlouisenthelle.org\/accueil\/wp-json\/wp\/v2\/users\/4"}],"replies":[{"embeddable":true,"href":"https:\/\/saintlouisenthelle.org\/accueil\/wp-json\/wp\/v2\/comments?post=11326"}],"version-history":[{"count":10,"href":"https:\/\/saintlouisenthelle.org\/accueil\/wp-json\/wp\/v2\/pages\/11326\/revisions"}],"predecessor-version":[{"id":14465,"href":"https:\/\/saintlouisenthelle.org\/accueil\/wp-json\/wp\/v2\/pages\/11326\/revisions\/14465"}],"up":[{"embeddable":true,"href":"https:\/\/saintlouisenthelle.org\/accueil\/wp-json\/wp\/v2\/pages\/122"}],"wp:featuredmedia":[{"embeddable":true,"href":"https:\/\/saintlouisenthelle.org\/accueil\/wp-json\/wp\/v2\/media\/11329"}],"wp:attachment":[{"href":"https:\/\/saintlouisenthelle.org\/accueil\/wp-json\/wp\/v2\/media?parent=11326"}],"curies":[{"name":"wp","href":"https:\/\/api.w.org\/{rel}","templated":true}]}}