{"id":11271,"date":"2022-03-03T12:00:24","date_gmt":"2022-03-03T11:00:24","guid":{"rendered":"https:\/\/saintlouisenthelle.org\/accueil\/?page_id=11271"},"modified":"2026-02-15T12:50:31","modified_gmt":"2026-02-15T11:50:31","slug":"nuit-adoration-eucharistique","status":"publish","type":"page","link":"https:\/\/saintlouisenthelle.org\/accueil\/prier-et-celebrer\/nuit-adoration-eucharistique\/","title":{"rendered":"Veill\u00e9es et nuits d&#8217;Adoration eucharistique"},"content":{"rendered":"<h1>Veill\u00e9e et nuit du <strong>1<sup>er<\/sup> vendredi du mois<\/strong> \u00e0 l\u2019<strong>oratoire de la Maison paroissiale<\/strong> de <strong>Chambly<\/strong><\/h1>\n<p style=\"text-align: justify;\">Le <a href=\"https:\/\/saintlouisenthelle.org\/accueil\/nuit-adoration-eucharistique\/\"><strong>1<sup>er<\/sup> vendredi du mois<\/strong> \u00e0 l\u2019<strong>oratoire de la Maison paroissiale<\/strong> de <strong>Chambly<\/strong><\/a> (87 Avenue de Verdun) : Adoration eucharistique anim\u00e9e et en silence, sur inscription pour assurer le <strong>relais dans la nuit<\/strong> (heure de fin : en fonction des inscriptions).<\/p>\n<p>Infos : Liliane \u202d06 10 77 16 31\u202c ou Evelyne \u202d06 77 16 40 64<\/p>\n<h1><strong>Veill\u00e9e et nuit d\u2019Adoration<\/strong> un <strong>vendredi par mois<\/strong> \u00e0 l\u2019\u00e9glise <strong>Notre-Dame de Chambly<br \/>\n<\/strong><em><strong>&#8211; suspendu en septembre 2024 &#8211; <\/strong><\/em><\/h1>\n<p style=\"text-align: justify;\">Un <strong>vendredi par mois<\/strong> \u00e0 l\u2019\u00e9glise <strong>Notre-Dame de Chambly<\/strong> (cf. agenda ci-dessous) \u00e0 partir de 20h30 : veill\u00e9e jusqu\u2019\u00e0 minuit, ou bien plus tard dans la nuit.<\/p>\n<p style=\"text-align: justify;\"><strong>Nuit<\/strong>\u00a0de <strong>louange<\/strong>, <strong>adoration<\/strong>, <strong>intercession<\/strong>, <strong>pri\u00e8re \u00e0 la Vierge Marie<\/strong>, <strong>devant le Saint Sacrement expos\u00e9<\/strong>. Venez avec votre d\u00e9votion et votre z\u00e8le pour le Seigneur, et lui offrir votre pr\u00e9sence.<br \/>\nChacun vient le temps qu&#8217;il souhaite durant la nuit.<\/p>\n<p style=\"text-align: justify;\">Horaire : \u00e0 partir de <strong>20h30<\/strong>. Heure de fin variable, en fonction des personnes assurant la pr\u00e9sence de pri\u00e8re (pr\u00e9cisions aupr\u00e8s de Evelyne).<\/p>\n<p>contact : Evelyne Badziokela &#8211; 06 77 16 40 64<\/p>\n<h6><a href=\"https:\/\/saintlouisenthelle.org\/accueil\/prier-et-celebrer\/adoration\/\">D\u00e9couvrez ici les propositions d&#8217;Adoration eucharistique dans la paroisse<\/a><\/h6>\n","protected":false},"excerpt":{"rendered":"<p>Veill\u00e9e et nuit du 1er vendredi du mois \u00e0 l\u2019oratoire de la Maison paroissiale de Chambly Le 1er vendredi du mois \u00e0 l\u2019oratoire de la Maison paroissiale de Chambly (87&hellip;<\/p>\n","protected":false},"author":4,"featured_media":8197,"parent":122,"menu_order":2,"comment_status":"closed","ping_status":"closed","template":"","meta":{"_lmt_disableupdate":"no","_lmt_disable":"","footnotes":""},"class_list":["post-11271","page","type-page","status-publish","has-post-thumbnail","hentry"],"jetpack_shortlink":"https:\/\/wp.me\/P7Mpl1-2VN","jetpack_sharing_enabled":true,"_links":{"self":[{"href":"https:\/\/saintlouisenthelle.org\/accueil\/wp-json\/wp\/v2\/pages\/11271","targetHints":{"allow":["GET"]}}],"collection":[{"href":"https:\/\/saintlouisenthelle.org\/accueil\/wp-json\/wp\/v2\/pages"}],"about":[{"href":"https:\/\/saintlouisenthelle.org\/accueil\/wp-json\/wp\/v2\/types\/page"}],"author":[{"embeddable":true,"href":"https:\/\/saintlouisenthelle.org\/accueil\/wp-json\/wp\/v2\/users\/4"}],"replies":[{"embeddable":true,"href":"https:\/\/saintlouisenthelle.org\/accueil\/wp-json\/wp\/v2\/comments?post=11271"}],"version-history":[{"count":25,"href":"https:\/\/saintlouisenthelle.org\/accueil\/wp-json\/wp\/v2\/pages\/11271\/revisions"}],"predecessor-version":[{"id":14568,"href":"https:\/\/saintlouisenthelle.org\/accueil\/wp-json\/wp\/v2\/pages\/11271\/revisions\/14568"}],"up":[{"embeddable":true,"href":"https:\/\/saintlouisenthelle.org\/accueil\/wp-json\/wp\/v2\/pages\/122"}],"wp:featuredmedia":[{"embeddable":true,"href":"https:\/\/saintlouisenthelle.org\/accueil\/wp-json\/wp\/v2\/media\/8197"}],"wp:attachment":[{"href":"https:\/\/saintlouisenthelle.org\/accueil\/wp-json\/wp\/v2\/media?parent=11271"}],"curies":[{"name":"wp","href":"https:\/\/api.w.org\/{rel}","templated":true}]}}