{"id":10210,"date":"2021-04-25T12:00:22","date_gmt":"2021-04-25T10:00:22","guid":{"rendered":"http:\/\/saintlouisenthelle.org\/accueil\/?page_id=10210"},"modified":"2024-08-10T11:49:36","modified_gmt":"2024-08-10T09:49:36","slug":"newpastoral","status":"publish","type":"page","link":"https:\/\/saintlouisenthelle.org\/accueil\/mission-formation\/newpastoral\/","title":{"rendered":"NewPastoral"},"content":{"rendered":"<h2>NewPastoral : petits groupes de maisons<\/h2>\n<h3>une proposition pour tous les paroissiens !<\/h3>\n<p style=\"text-align: justify;\">Les<span style=\"color: #0000ff;\">\u00a0<strong><span style=\"color: #33cccc;\">groupes NewPastoral<\/span><\/strong><\/span> vous attendent : vous pouvez les rejoindre ! Venez vivre l\u2019exp\u00e9rience des petits groupes NewPastoral.<br \/>\nDes groupes continuent \u00e0 se rencontrer, et de nouveaux groupes se lancent r\u00e9guli\u00e8rement : venez nous rejoindre.<br \/>\nInfos : Liliane &#8211; 06 10 77 16 31<\/p>\n<p><iframe title=\"vimeo-player\" src=\"https:\/\/player.vimeo.com\/video\/200647025\" width=\"640\" height=\"360\" frameborder=\"0\" allowfullscreen=\"allowfullscreen\" data-mce-fragment=\"1\"><\/iframe><\/p>\n<blockquote><p>Les groupes se r\u00e9unissent en pr\u00e9sentiel, ou bien en distanciel (en visioconf\u00e9rence)<\/p><\/blockquote>\n<p style=\"text-align: justify;\">Vous pouvez devenir <span style=\"text-decoration: underline;\"><strong>h\u00f4te d\u2019un petit groupe<\/strong><\/span> en invitant chez vous quelques amis, voisins, coll\u00e8gues, proches ou \u00e9loign\u00e9s de l\u2019\u00c9glise, pour un <strong>temps convivial<\/strong> autour d\u2019une <strong>vid\u00e9o<\/strong> \u2013 <strong>t\u00e9moignage<\/strong> de personnes qui ont v\u00e9cu quelque chose d\u2019important dans leur vie et qui ont le courage, aujourd\u2019hui, de nous le partager. Nous avons \u00e0 notre disposition des ressources r\u00e9alis\u00e9es par l\u2019\u00e9quipe du site <a href=\"https:\/\/fr.newpastoral.net\" target=\"_blank\" rel=\"noopener noreferrer\">newpastoral.net<\/a> ce qui fait que vivre ces rencontres va \u00eatre <strong>simple<\/strong> et <strong>facile<\/strong> pour tout le monde\u00a0! Aucune comp\u00e9tence particuli\u00e8re n\u2019est n\u00e9cessaire.<br \/>\nIl n\u2019y a que 2 choses \u00e0 faire : <span style=\"text-decoration: underline;\"><strong>INVITER<\/strong><\/span> en appliquant \u2018<em><strong>\u2018la r\u00e8gle des deux amis\u201d<\/strong><\/em>, c\u2019est \u00e0 dire inviter au moins deux personnes (ou plus \u00e9videmment !) et <span style=\"text-decoration: underline;\"><strong>OUVRIR<\/strong><\/span> sa maison une fois par semaine.<br \/>\nEn \u00e9tant h\u00f4te, vous accueillez un groupe de 4 \u00e0 8 personnes chez vous, pour une rencontre ne d\u00e9passant pas 1h30.<\/p>\n<p style=\"text-align: justify;\">Depuis 2020, des groupes se r\u00e9unissent dans la paroisse en utilisant NewPastoral.<\/p>\n<h3>Contact :<\/h3>\n<p>Liliane au 06 10 77 16 31<br \/>\ne-mail\u00a0: <a href=\"mailto:newpas.slet60@gmail.com\">newpas.slet60@gmail.com<\/a><\/p>\n<h3>En savoir plus :<\/h3>\n<p>Extraits de 2 t\u00e9moignages qui font partie des programmes propos\u00e9s :<\/p>\n<ul>\n<li><a href=\"https:\/\/vimeo.com\/202283134\" target=\"_blank\" rel=\"noopener\">Quelles r\u00e9ponses face \u00e0 la mort ?<\/a> (vid\u00e9o)<\/li>\n<li><a href=\"https:\/\/vimeo.com\/210244700\" target=\"_blank\" rel=\"noopener\">Elle a montr\u00e9 beaucoup d\u2019amour<\/a> (vid\u00e9o)<\/li>\n<\/ul>\n<p>&nbsp;<\/p>\n<p>\u21d2 pr\u00e9sentation sur le site <a href=\"https:\/\/fr.newpastoral.net\" target=\"_blank\" rel=\"noopener noreferrer\">newpastoral.net<\/a><\/p>\n<p>&nbsp;<\/p>\n<p><a href=\"https:\/\/fr.newpastoral.net\/\" target=\"_blank\" rel=\"noopener noreferrer\"><img data-recalc-dims=\"1\" fetchpriority=\"high\" decoding=\"async\" class=\"aligncenter wp-image-7454 size-full\" src=\"https:\/\/i0.wp.com\/saintlouisenthelle.org\/accueil\/wp-content\/uploads\/2020\/02\/logo-newpastoral.jpg?resize=325%2C155&#038;ssl=1\" alt=\"\" width=\"325\" height=\"155\" srcset=\"https:\/\/i0.wp.com\/saintlouisenthelle.org\/accueil\/wp-content\/uploads\/2020\/02\/logo-newpastoral.jpg?w=325&amp;ssl=1 325w, https:\/\/i0.wp.com\/saintlouisenthelle.org\/accueil\/wp-content\/uploads\/2020\/02\/logo-newpastoral.jpg?resize=300%2C143&amp;ssl=1 300w\" sizes=\"(max-width: 325px) 100vw, 325px\" \/><\/a><\/p>\n","protected":false},"excerpt":{"rendered":"<p>NewPastoral : petits groupes de maisons une proposition pour tous les paroissiens ! Les\u00a0groupes NewPastoral vous attendent : vous pouvez les rejoindre ! Venez vivre l\u2019exp\u00e9rience des petits groupes NewPastoral.&hellip;<\/p>\n","protected":false},"author":4,"featured_media":7486,"parent":3691,"menu_order":4,"comment_status":"closed","ping_status":"closed","template":"","meta":{"_lmt_disableupdate":"no","_lmt_disable":"","footnotes":""},"class_list":["post-10210","page","type-page","status-publish","has-post-thumbnail","hentry"],"jetpack_shortlink":"https:\/\/wp.me\/P7Mpl1-2EG","jetpack_sharing_enabled":true,"_links":{"self":[{"href":"https:\/\/saintlouisenthelle.org\/accueil\/wp-json\/wp\/v2\/pages\/10210","targetHints":{"allow":["GET"]}}],"collection":[{"href":"https:\/\/saintlouisenthelle.org\/accueil\/wp-json\/wp\/v2\/pages"}],"about":[{"href":"https:\/\/saintlouisenthelle.org\/accueil\/wp-json\/wp\/v2\/types\/page"}],"author":[{"embeddable":true,"href":"https:\/\/saintlouisenthelle.org\/accueil\/wp-json\/wp\/v2\/users\/4"}],"replies":[{"embeddable":true,"href":"https:\/\/saintlouisenthelle.org\/accueil\/wp-json\/wp\/v2\/comments?post=10210"}],"version-history":[{"count":10,"href":"https:\/\/saintlouisenthelle.org\/accueil\/wp-json\/wp\/v2\/pages\/10210\/revisions"}],"predecessor-version":[{"id":13250,"href":"https:\/\/saintlouisenthelle.org\/accueil\/wp-json\/wp\/v2\/pages\/10210\/revisions\/13250"}],"up":[{"embeddable":true,"href":"https:\/\/saintlouisenthelle.org\/accueil\/wp-json\/wp\/v2\/pages\/3691"}],"wp:featuredmedia":[{"embeddable":true,"href":"https:\/\/saintlouisenthelle.org\/accueil\/wp-json\/wp\/v2\/media\/7486"}],"wp:attachment":[{"href":"https:\/\/saintlouisenthelle.org\/accueil\/wp-json\/wp\/v2\/media?parent=10210"}],"curies":[{"name":"wp","href":"https:\/\/api.w.org\/{rel}","templated":true}]}}